{"id":245926,"date":"2021-11-28T15:54:38","date_gmt":"2021-11-28T15:54:38","guid":{"rendered":"https:\/\/creative.golf\/uber-uns\/"},"modified":"2025-12-01T09:33:14","modified_gmt":"2025-12-01T09:33:14","slug":"uber-uns","status":"publish","type":"page","link":"https:\/\/creativegolf.com\/de\/uber-uns\/","title":{"rendered":"\u00dcber uns"},"content":{"rendered":"<p>[et_pb_section fb_built=&#8220;1&#8243; _builder_version=&#8220;4.27.4&#8243; _module_preset=&#8220;default&#8220; background_image=&#8220;https:\/\/creativegolf.com\/wp-content\/uploads\/2025\/09\/Background_scale_3.jpg&#8220; custom_css_main_element=&#8220;  background-image: url(https:\/\/creativegolf.com\/wp-content\/uploads\/2021\/11\/02_header_ciary.png), url(https:\/\/creativegolf.com\/wp-content\/uploads\/2021\/11\/02_footer_ciary.png);||background-size: initial;||  background-position: center top, center bottom;||  background-repeat: no-repeat, no-repeat;&#8220; da_disable_devices=&#8220;off|off|off&#8220; global_colors_info=&#8220;{}&#8220; da_is_popup=&#8220;off&#8220; da_exit_intent=&#8220;off&#8220; da_has_close=&#8220;on&#8220; da_alt_close=&#8220;off&#8220; da_dark_close=&#8220;off&#8220; da_not_modal=&#8220;on&#8220; da_is_singular=&#8220;off&#8220; da_with_loader=&#8220;off&#8220; da_has_shadow=&#8220;on&#8220;][et_pb_row _builder_version=&#8220;4.27.4&#8243; _module_preset=&#8220;default&#8220; custom_margin=&#8220;-20px|auto||auto|false|false&#8220; global_colors_info=&#8220;{}&#8220;][et_pb_column type=&#8220;4_4&#8243; _builder_version=&#8220;4.27.4&#8243; _module_preset=&#8220;default&#8220; global_colors_info=&#8220;{}&#8220;][et_pb_text _builder_version=&#8220;4.27.4&#8243; _module_preset=&#8220;default&#8220; header_font=&#8220;Mulish|200|||||||&#8220; header_font_size=&#8220;46px&#8220; use_background_color_gradient=&#8220;on&#8220; background_color_gradient_direction=&#8220;90deg&#8220; background_color_gradient_stops=&#8220;rgba(0,13,26,0) 0%|#000d1a 50%|rgba(0,13,26,0) 100%&#8220; custom_margin=&#8220;||||false|false&#8220; custom_padding=&#8220;7px||||false|false&#8220; global_colors_info=&#8220;{}&#8220;]<\/p>\n<h1 style=\"text-align: center;\"><span style=\"color: #ffffff;\">\u00dcBER UNS<\/span><\/h1>\n<p>[\/et_pb_text][\/et_pb_column][\/et_pb_row][et_pb_row column_structure=&#8220;1_2,1_2&#8243; _builder_version=&#8220;4.16&#8243; _module_preset=&#8220;default&#8220; global_colors_info=&#8220;{}&#8220;][et_pb_column type=&#8220;1_2&#8243; _builder_version=&#8220;4.16&#8243; _module_preset=&#8220;default&#8220; global_colors_info=&#8220;{}&#8220;][et_pb_text _builder_version=&#8220;4.27.4&#8243; _module_preset=&#8220;default&#8220; text_font=&#8220;Mulish||||||||&#8220; text_font_size=&#8220;20px&#8220; global_colors_info=&#8220;{}&#8220;]<\/p>\n<p><strong>DATAcrea s.r.o.<\/strong> wurde im Jahr 2002 als Filialunternehmen von der Datenerstellung Teilung <strong>Ekosoft s.r.o.<\/strong> gegr\u00fcndet. Unsere Siedlung ist in Ko\u0161ice \u2013 Industriezentrum der Ostslowakei. Wir sind auf CAD, Design und Entwicklung von 3D-Visualisierung und Spiel-Software ausgerichtet.   <\/p>\n<p>[\/et_pb_text][\/et_pb_column][et_pb_column type=&#8220;1_2&#8243; _builder_version=&#8220;4.16&#8243; _module_preset=&#8220;default&#8220; global_colors_info=&#8220;{}&#8220;][et_pb_image src=&#8220;https:\/\/creativegolf.com\/wp-content\/uploads\/2023\/03\/DATAcrea_logo.webp&#8220; title_text=&#8220;DATAcrea_logo&#8220; _builder_version=&#8220;4.20.0&#8243; _module_preset=&#8220;default&#8220; global_colors_info=&#8220;{}&#8220;][\/et_pb_image][\/et_pb_column][\/et_pb_row][et_pb_row _builder_version=&#8220;4.20.0&#8243; _module_preset=&#8220;default&#8220; global_colors_info=&#8220;{}&#8220;][et_pb_column type=&#8220;4_4&#8243; _builder_version=&#8220;4.20.0&#8243; _module_preset=&#8220;default&#8220; global_colors_info=&#8220;{}&#8220;][et_pb_divider show_divider=&#8220;off&#8220; _builder_version=&#8220;4.20.0&#8243; _module_preset=&#8220;default&#8220; custom_margin=&#8220;90px||||false|false&#8220; custom_margin_tablet=&#8220;0px||||false|false&#8220; custom_margin_phone=&#8220;0px||||false|false&#8220; custom_margin_last_edited=&#8220;on|desktop&#8220; global_colors_info=&#8220;{}&#8220;][\/et_pb_divider][\/et_pb_column][\/et_pb_row][\/et_pb_section]<\/p>\n","protected":false},"excerpt":{"rendered":"<p>\u00dcBER UNSDATAcrea s.r.o. wurde im Jahr 2002 als Filialunternehmen von der Datenerstellung Teilung Ekosoft s.r.o. gegr\u00fcndet. Unsere Siedlung ist in Ko\u0161ice \u2013 Industriezentrum der Ostslowakei. Wir sind auf CAD, Design und Entwicklung von 3D-Visualisierung und Spiel-Software ausgerichtet.<\/p>\n","protected":false},"author":1,"featured_media":0,"parent":0,"menu_order":0,"comment_status":"closed","ping_status":"closed","template":"","meta":{"_acf_changed":false,"_et_pb_use_builder":"on","_et_pb_old_content":"","_et_gb_content_width":"","footnotes":""},"class_list":["post-245926","page","type-page","status-publish","hentry"],"acf":[],"yoast_head":"<!-- This site is optimized with the Yoast SEO plugin v27.3 - https:\/\/yoast.com\/product\/yoast-seo-wordpress\/ -->\n<title>\u00dcber uns - Creative Golf<\/title>\n<meta name=\"robots\" content=\"index, follow, max-snippet:-1, max-image-preview:large, max-video-preview:-1\" \/>\n<link rel=\"canonical\" href=\"https:\/\/creativegolf.com\/de\/uber-uns\/\" \/>\n<meta property=\"og:locale\" content=\"de_DE\" \/>\n<meta property=\"og:type\" content=\"article\" \/>\n<meta property=\"og:title\" content=\"\u00dcber uns - Creative Golf\" \/>\n<meta property=\"og:description\" content=\"\u00dcBER UNSDATAcrea s.r.o. wurde im Jahr 2002 als Filialunternehmen von der Datenerstellung Teilung Ekosoft s.r.o. gegr\u00fcndet. Unsere Siedlung ist in Ko\u0161ice \u2013 Industriezentrum der Ostslowakei. Wir sind auf CAD, Design und Entwicklung von 3D-Visualisierung und Spiel-Software ausgerichtet.\" \/>\n<meta property=\"og:url\" content=\"https:\/\/creativegolf.com\/de\/uber-uns\/\" \/>\n<meta property=\"og:site_name\" content=\"Creative Golf\" \/>\n<meta property=\"article:publisher\" content=\"https:\/\/www.facebook.com\/creativegolf3d\" \/>\n<meta property=\"article:modified_time\" content=\"2025-12-01T09:33:14+00:00\" \/>\n<meta name=\"twitter:card\" content=\"summary_large_image\" \/>\n<meta name=\"twitter:site\" content=\"@Creativegolf3D\" \/>\n<meta name=\"twitter:label1\" content=\"Gesch\u00e4tzte Lesezeit\" \/>\n\t<meta name=\"twitter:data1\" content=\"2\u00a0Minuten\" \/>\n<script type=\"application\/ld+json\" class=\"yoast-schema-graph\">{\"@context\":\"https:\\\/\\\/schema.org\",\"@graph\":[{\"@type\":\"WebPage\",\"@id\":\"https:\\\/\\\/creativegolf.com\\\/de\\\/uber-uns\\\/\",\"url\":\"https:\\\/\\\/creativegolf.com\\\/de\\\/uber-uns\\\/\",\"name\":\"\u00dcber uns - Creative Golf\",\"isPartOf\":{\"@id\":\"https:\\\/\\\/creativegolf.com\\\/de\\\/#website\"},\"datePublished\":\"2021-11-28T15:54:38+00:00\",\"dateModified\":\"2025-12-01T09:33:14+00:00\",\"breadcrumb\":{\"@id\":\"https:\\\/\\\/creativegolf.com\\\/de\\\/uber-uns\\\/#breadcrumb\"},\"inLanguage\":\"de\",\"potentialAction\":[{\"@type\":\"ReadAction\",\"target\":[\"https:\\\/\\\/creativegolf.com\\\/de\\\/uber-uns\\\/\"]}]},{\"@type\":\"BreadcrumbList\",\"@id\":\"https:\\\/\\\/creativegolf.com\\\/de\\\/uber-uns\\\/#breadcrumb\",\"itemListElement\":[{\"@type\":\"ListItem\",\"position\":1,\"name\":\"Home\",\"item\":\"https:\\\/\\\/creativegolf.com\\\/de\\\/home\\\/\"},{\"@type\":\"ListItem\",\"position\":2,\"name\":\"\u00dcber uns\"}]},{\"@type\":\"WebSite\",\"@id\":\"https:\\\/\\\/creativegolf.com\\\/de\\\/#website\",\"url\":\"https:\\\/\\\/creativegolf.com\\\/de\\\/\",\"name\":\"Creative Golf\",\"description\":\"Creative Golf \\\/ Golfisimo\",\"potentialAction\":[{\"@type\":\"SearchAction\",\"target\":{\"@type\":\"EntryPoint\",\"urlTemplate\":\"https:\\\/\\\/creativegolf.com\\\/de\\\/?s={search_term_string}\"},\"query-input\":{\"@type\":\"PropertyValueSpecification\",\"valueRequired\":true,\"valueName\":\"search_term_string\"}}],\"inLanguage\":\"de\"}]}<\/script>\n<!-- \/ Yoast SEO plugin. -->","yoast_head_json":{"title":"\u00dcber uns - Creative Golf","robots":{"index":"index","follow":"follow","max-snippet":"max-snippet:-1","max-image-preview":"max-image-preview:large","max-video-preview":"max-video-preview:-1"},"canonical":"https:\/\/creativegolf.com\/de\/uber-uns\/","og_locale":"de_DE","og_type":"article","og_title":"\u00dcber uns - Creative Golf","og_description":"\u00dcBER UNSDATAcrea s.r.o. wurde im Jahr 2002 als Filialunternehmen von der Datenerstellung Teilung Ekosoft s.r.o. gegr\u00fcndet. Unsere Siedlung ist in Ko\u0161ice \u2013 Industriezentrum der Ostslowakei. Wir sind auf CAD, Design und Entwicklung von 3D-Visualisierung und Spiel-Software ausgerichtet.","og_url":"https:\/\/creativegolf.com\/de\/uber-uns\/","og_site_name":"Creative Golf","article_publisher":"https:\/\/www.facebook.com\/creativegolf3d","article_modified_time":"2025-12-01T09:33:14+00:00","twitter_card":"summary_large_image","twitter_site":"@Creativegolf3D","twitter_misc":{"Gesch\u00e4tzte Lesezeit":"2\u00a0Minuten"},"schema":{"@context":"https:\/\/schema.org","@graph":[{"@type":"WebPage","@id":"https:\/\/creativegolf.com\/de\/uber-uns\/","url":"https:\/\/creativegolf.com\/de\/uber-uns\/","name":"\u00dcber uns - Creative Golf","isPartOf":{"@id":"https:\/\/creativegolf.com\/de\/#website"},"datePublished":"2021-11-28T15:54:38+00:00","dateModified":"2025-12-01T09:33:14+00:00","breadcrumb":{"@id":"https:\/\/creativegolf.com\/de\/uber-uns\/#breadcrumb"},"inLanguage":"de","potentialAction":[{"@type":"ReadAction","target":["https:\/\/creativegolf.com\/de\/uber-uns\/"]}]},{"@type":"BreadcrumbList","@id":"https:\/\/creativegolf.com\/de\/uber-uns\/#breadcrumb","itemListElement":[{"@type":"ListItem","position":1,"name":"Home","item":"https:\/\/creativegolf.com\/de\/home\/"},{"@type":"ListItem","position":2,"name":"\u00dcber uns"}]},{"@type":"WebSite","@id":"https:\/\/creativegolf.com\/de\/#website","url":"https:\/\/creativegolf.com\/de\/","name":"Creative Golf","description":"Creative Golf \/ Golfisimo","potentialAction":[{"@type":"SearchAction","target":{"@type":"EntryPoint","urlTemplate":"https:\/\/creativegolf.com\/de\/?s={search_term_string}"},"query-input":{"@type":"PropertyValueSpecification","valueRequired":true,"valueName":"search_term_string"}}],"inLanguage":"de"}]}},"_links":{"self":[{"href":"https:\/\/creativegolf.com\/de\/wp-json\/wp\/v2\/pages\/245926","targetHints":{"allow":["GET"]}}],"collection":[{"href":"https:\/\/creativegolf.com\/de\/wp-json\/wp\/v2\/pages"}],"about":[{"href":"https:\/\/creativegolf.com\/de\/wp-json\/wp\/v2\/types\/page"}],"author":[{"embeddable":true,"href":"https:\/\/creativegolf.com\/de\/wp-json\/wp\/v2\/users\/1"}],"replies":[{"embeddable":true,"href":"https:\/\/creativegolf.com\/de\/wp-json\/wp\/v2\/comments?post=245926"}],"version-history":[{"count":12,"href":"https:\/\/creativegolf.com\/de\/wp-json\/wp\/v2\/pages\/245926\/revisions"}],"predecessor-version":[{"id":262003,"href":"https:\/\/creativegolf.com\/de\/wp-json\/wp\/v2\/pages\/245926\/revisions\/262003"}],"wp:attachment":[{"href":"https:\/\/creativegolf.com\/de\/wp-json\/wp\/v2\/media?parent=245926"}],"curies":[{"name":"wp","href":"https:\/\/api.w.org\/{rel}","templated":true}]}}