{"id":246451,"date":"2021-11-10T23:02:15","date_gmt":"2021-11-10T23:02:15","guid":{"rendered":"https:\/\/creative.golf\/demo\/"},"modified":"2025-11-12T10:58:01","modified_gmt":"2025-11-12T10:58:01","slug":"demo","status":"publish","type":"page","link":"https:\/\/creativegolf.com\/de\/demo\/","title":{"rendered":"Spieloptionen in der Demoversion"},"content":{"rendered":"<p>[et_pb_section fb_built=&#8220;1&#8243; _builder_version=&#8220;4.27.4&#8243; _module_preset=&#8220;default&#8220; background_image=&#8220;https:\/\/creativegolf.com\/wp-content\/uploads\/2025\/09\/Background_scale_3.jpg&#8220; da_disable_devices=&#8220;off|off|off&#8220; global_colors_info=&#8220;{}&#8220; da_is_popup=&#8220;off&#8220; da_exit_intent=&#8220;off&#8220; da_has_close=&#8220;on&#8220; da_alt_close=&#8220;off&#8220; da_dark_close=&#8220;off&#8220; da_not_modal=&#8220;on&#8220; da_is_singular=&#8220;off&#8220; da_with_loader=&#8220;off&#8220; da_has_shadow=&#8220;on&#8220;][et_pb_row _builder_version=&#8220;4.27.4&#8243; _module_preset=&#8220;default&#8220; custom_margin=&#8220;-40px|auto|-7px|auto|false|false&#8220; global_colors_info=&#8220;{}&#8220;][et_pb_column type=&#8220;4_4&#8243; _builder_version=&#8220;4.27.4&#8243; _module_preset=&#8220;default&#8220; global_colors_info=&#8220;{}&#8220;][et_pb_text _builder_version=&#8220;4.27.4&#8243; _module_preset=&#8220;default&#8220; header_font=&#8220;Mulish|200|||||||&#8220; header_font_size=&#8220;46px&#8220; use_background_color_gradient=&#8220;on&#8220; background_color_gradient_direction=&#8220;90deg&#8220; background_color_gradient_stops=&#8220;rgba(0,13,26,0) 0%|#000d1a 50%|rgba(0,13,26,0) 100%&#8220; custom_margin=&#8220;20px||25px||false|false&#8220; custom_padding=&#8220;7px||||false|false&#8220; global_colors_info=&#8220;{}&#8220;]<\/p>\n<h1 style=\"text-align: center;\"><span style=\"color: #ffffff;\">SPIELOPTIONEN IN DER DEMOVERSION<\/span><\/h1>\n<p>[\/et_pb_text][\/et_pb_column][\/et_pb_row][et_pb_row _builder_version=&#8220;4.16&#8243; _module_preset=&#8220;default&#8220; width_tablet=&#8220;&#8220; width_phone=&#8220;100%&#8220; width_last_edited=&#8220;on|phone&#8220; custom_padding=&#8220;0px||0px||false|false&#8220; module_alignment_tablet=&#8220;&#8220; module_alignment_phone=&#8220;left&#8220; module_alignment_last_edited=&#8220;on|phone&#8220; global_colors_info=&#8220;{}&#8220;][et_pb_column type=&#8220;4_4&#8243; _builder_version=&#8220;4.16&#8243; _module_preset=&#8220;default&#8220; global_colors_info=&#8220;{}&#8220;][et_pb_accordion _builder_version=&#8220;4.27.4&#8243; _module_preset=&#8220;e9df0db8-762d-411d-81e2-175944b7deaf&#8220; toggle_font=&#8220;Mulish|700|||||||&#8220; toggle_font_size=&#8220;30px&#8220; closed_toggle_font=&#8220;Mulish||||||||&#8220; closed_toggle_font_size=&#8220;18px&#8220; body_font=&#8220;Mulish||||||||&#8220; body_font_size=&#8220;18px&#8220; custom_margin_tablet=&#8220;&#8220; custom_margin_phone=&#8220;|||0%|false|false&#8220; custom_margin_last_edited=&#8220;on|phone&#8220; custom_padding=&#8220;||||false|false&#8220; global_colors_info=&#8220;{}&#8220;][et_pb_accordion_item title=&#8220;Creative Golf&#8220; open=&#8220;on&#8220; _builder_version=&#8220;4.16&#8243; _module_preset=&#8220;default&#8220; body_text_color=&#8220;#262626&#8243; custom_padding=&#8220;||||false|false&#8220; global_colors_info=&#8220;{}&#8220;]<\/p>\n<table border=\"1\" style=\"border-collapse: collapse; width: 100%; height: 264px;\">\n<tbody>\n<tr style=\"height: 24px;\">\n<td style=\"width: 20.3236%; height: 24px;\"><strong>Golfplatztyp<\/strong><\/td>\n<td style=\"width: 38.835%; height: 24px;\"><strong>Golfpl\u00e4tze<\/strong><\/td>\n<td style=\"width: 20%; height: 24px;\"><strong>L\u00f6cher<\/strong><\/td>\n<\/tr>\n<tr>\n<td style=\"width: 20.3236%;\"><span style=\"text-decoration: underline;\"><span style=\"color: #000000; text-decoration: underline;\">Golfpl\u00e4tze<br \/><\/span> <\/span><\/td>\n<td style=\"width: 38.835%;\"><span style=\"text-decoration: underline;\"> <span style=\"color: #000000; text-decoration: underline;\">Dachstein &#8211; Tauern Golf- &amp; Country club<\/span> <\/span><\/td>\n<td style=\"width: 20%;\"><span style=\"text-decoration: underline;\"><span style=\"color: #000000; text-decoration: underline;\">18 l\u00f6cher<\/span><\/span><\/td>\n<\/tr>\n<tr style=\"height: 24px;\">\n<td style=\"width: 20.3236%; height: 24px;\">Practice &#8211; Driving range<\/td>\n<td style=\"width: 38.835%; height: 24px;\">Range Academy<\/td>\n<td style=\"width: 20%; height: 24px;\">6 schl\u00e4ge<\/td>\n<\/tr>\n<tr style=\"height: 24px;\">\n<td style=\"width: 20.3236%; height: 24px;\">Practice &#8211; Team Training<\/td>\n<td style=\"width: 38.835%; height: 24px;\">Range Academy<\/td>\n<td style=\"width: 20%; height: 24px;\">6 schl\u00e4ge<\/td>\n<\/tr>\n<tr style=\"height: 24px;\">\n<td style=\"width: 20.3236%; height: 24px;\">Practice &#8211; Club Fitting<\/td>\n<td style=\"width: 38.835%; height: 24px;\">Range Academy<\/td>\n<td style=\"width: 20%; height: 24px;\">6 schl\u00e4ge<\/td>\n<\/tr>\n<tr style=\"height: 24px;\">\n<td style=\"width: 20.3236%; height: 24px;\">Practice &#8211; Chip &amp; Putt<\/td>\n<td style=\"width: 38.835%; height: 24px;\">Range Academy<\/td>\n<td style=\"width: 20%; height: 24px;\">3 schl\u00e4ge<\/td>\n<\/tr>\n<tr style=\"height: 24px;\">\n<td style=\"width: 20.3236%; height: 24px;\">Practice on Course<\/td>\n<td style=\"width: 38.835%; height: 24px;\">Dachstein &#8211; Tauern Golf- &amp; Country club<\/td>\n<td style=\"width: 20%; height: 24px;\">3 schl\u00e4ge<\/td>\n<\/tr>\n<tr style=\"height: 24px;\">\n<td style=\"width: 20.3236%; height: 24px;\"><span>Putting<\/span><\/td>\n<td style=\"width: 38.835%; height: 24px;\"><span>Ullna GC Putting<\/span><\/td>\n<td style=\"width: 20%; height: 24px;\"><span>1 loch<\/span><\/td>\n<\/tr>\n<tr style=\"height: 24px;\">\n<td style=\"width: 20.3236%; height: 24px;\"><span>Target Golf<\/span><\/td>\n<td style=\"width: 38.835%; height: 24px;\"><span>Sandy Target<\/span><\/td>\n<td style=\"width: 20%; height: 24px;\"><span>1 zielscheibe \u2013 5 schl\u00e4ge<\/span><\/td>\n<\/tr>\n<tr style=\"height: 24px;\">\n<td style=\"width: 20.3236%; height: 24px;\"><span>Easy Golf<\/span><\/td>\n<td style=\"width: 38.835%; height: 24px;\"><span>Fairytale Golf Course<\/span><\/td>\n<td style=\"width: 20%; height: 24px;\"><span>1 loch<\/span><\/td>\n<\/tr>\n<tr style=\"height: 24px;\">\n<td style=\"width: 20.3236%; height: 24px;\"><span>Minigolf<\/span><\/td>\n<td style=\"width: 38.835%; height: 24px;\"><span>Blocks Minigolf<\/span><\/td>\n<td style=\"width: 20%; height: 24px;\"><span>1 loch<\/span><\/td>\n<\/tr>\n<tr>\n<td style=\"width: 20.3236%;\"><span>Demolition Golf<\/span><\/td>\n<td style=\"width: 38.835%;\"><span>More Windows<\/span><\/td>\n<td style=\"width: 20%;\"><span>1 loch<\/span><\/td>\n<\/tr>\n<tr style=\"height: 24px;\">\n<td style=\"width: 20.3236%; height: 24px;\"><span>Demolition Golf<\/span> <span><\/span><\/td>\n<td style=\"width: 38.835%; height: 24px;\"><span>Abandoned Factory<\/span><\/td>\n<td style=\"width: 20%; height: 24px;\"><span>1 loch<\/span><\/td>\n<\/tr>\n<\/tbody>\n<\/table>\n<p>[\/et_pb_accordion_item][et_pb_accordion_item title=&#8220;Golfisimo&#8220; _builder_version=&#8220;4.16&#8243; _module_preset=&#8220;default&#8220; body_text_color=&#8220;#262626&#8243; custom_padding=&#8220;||||false|false&#8220; global_colors_info=&#8220;{}&#8220; open=&#8220;off&#8220;]<\/p>\n<table border=\"1\" style=\"border-collapse: collapse; width: 100%; height: 346px;\">\n<tbody>\n<tr style=\"height: 24px;\">\n<td style=\"width: 20.3236%; height: 24px;\"><strong>Golfplatztyp<\/strong><\/td>\n<td style=\"width: 38.835%; height: 24px;\"><strong>Golfpl\u00e4tze<\/strong><\/td>\n<td style=\"width: 20%; height: 24px;\"><strong>L\u00f6cher<\/strong><\/td>\n<\/tr>\n<tr style=\"height: 24px;\">\n<td style=\"width: 20.3236%; height: 24px;\"><span>Target Golf<\/span><\/td>\n<td style=\"width: 38.835%; height: 24px;\"><span>Beach Target<\/span><\/td>\n<td style=\"width: 20%; height: 24px;\"><span>1 zielscheibe \u2013 5 schl\u00e4ge<\/span><\/td>\n<\/tr>\n<tr style=\"height: 24px;\">\n<td style=\"width: 20.3236%; height: 24px;\"><span>Easy Golf<\/span><\/td>\n<td style=\"width: 38.835%; height: 24px;\"><span>North Coast Par3<\/span><\/td>\n<td style=\"width: 20%; height: 24px;\"><span>1 loch<\/span><\/td>\n<\/tr>\n<tr style=\"height: 24px;\">\n<td style=\"width: 20.3236%; height: 24px;\"><span>Easy Golf<\/span><\/td>\n<td style=\"width: 38.835%; height: 24px;\"><span>Rocky P&amp;P<\/span><\/td>\n<td style=\"width: 20%; height: 24px;\"><span>1 loch<\/span><\/td>\n<\/tr>\n<tr style=\"height: 24px;\">\n<td style=\"width: 20.3236%; height: 24px;\"><span>Minigolf<\/span><\/td>\n<td style=\"width: 38.835%; height: 24px;\"><span>Butterfly Park<\/span><\/td>\n<td style=\"width: 20%; height: 24px;\"><span>1 loch<\/span><\/td>\n<\/tr>\n<tr style=\"height: 24px;\">\n<td style=\"width: 20.3236%; height: 24px;\"><span>Demolition Golf<\/span><\/td>\n<td style=\"width: 38.835%; height: 24px;\"><span>Botanical Garden<\/span><\/td>\n<td style=\"width: 20%; height: 24px;\"><span>1 loch<\/span><\/td>\n<\/tr>\n<tr style=\"height: 24px;\">\n<td style=\"width: 20.3236%; height: 24px;\"><span>Bridges<\/span><\/td>\n<td style=\"width: 38.835%; height: 24px;\"><span>City Footbridge Course<\/span><\/td>\n<td style=\"width: 20%; height: 24px;\"><span>10 schl\u00e4ge<\/span><\/td>\n<\/tr>\n<tr style=\"height: 24px;\">\n<td style=\"width: 20.3236%; height: 24px;\"><span>Barrels<\/span><\/td>\n<td style=\"width: 38.835%; height: 24px;\"><span>Wine &amp; Oil Bay<\/span><\/td>\n<td style=\"width: 20%;\">6 schl\u00e4ge<\/td>\n<\/tr>\n<tr style=\"height: 24px;\">\n<td style=\"width: 20.3236%; height: 24px;\"><span style=\"text-decoration: underline;\">Darts<\/span><\/td>\n<td style=\"width: 38.835%; height: 24px;\"><span style=\"text-decoration: underline;\">Pine Golf Darts Resort<\/span><\/td>\n<td style=\"width: 20%; height: 24px;\"><span style=\"text-decoration: underline;\">3 zielscheibe \u2013 unbegrenzt schl\u00e4ge<\/span><\/td>\n<\/tr>\n<tr style=\"height: 24px;\">\n<td style=\"width: 20.3236%; height: 24px;\"><span>Grand Slam<\/span><\/td>\n<td style=\"width: 38.835%; height: 24px;\"><span>Royal Golf Tenis Centre<\/span><\/td>\n<td style=\"width: 20%; height: 24px;\"><span>5 distanzen \u2013 6 schl\u00e4ge<\/span><\/td>\n<\/tr>\n<tr style=\"height: 10px;\">\n<td style=\"width: 20.3236%; height: 10px;\"><span>Battlefield<\/span><\/td>\n<td style=\"width: 38.835%; height: 10px;\"><span>War of the Roses<\/span><\/td>\n<td style=\"width: 20%; height: 10px;\"><span>10 schl\u00e4ge<\/span><\/td>\n<\/tr>\n<tr style=\"height: 24px;\">\n<td style=\"width: 20.3236%; height: 24px;\"><span>Castaway<\/span><\/td>\n<td style=\"width: 38.835%; height: 24px;\"><span>Lost in the Caribbean<\/span><\/td>\n<td style=\"width: 20%; height: 24px;\"><span>10 schl\u00e4ge<\/span><\/td>\n<\/tr>\n<tr style=\"height: 48px;\">\n<td style=\"width: 20.3236%; height: 48px;\"><span>Shooting range<\/span> <span><br \/><\/span><\/td>\n<td style=\"width: 38.835%; height: 48px;\"><span>Polar Shooting<\/span><\/td>\n<td style=\"width: 20%; height: 48px;\"><span>10 schl\u00e4ge<\/span><\/td>\n<\/tr>\n<tr style=\"height: 24px;\">\n<td style=\"width: 20.3236%; height: 24px;\"><span>Biathlon<\/span> <span><br \/><\/span><\/td>\n<td style=\"width: 38.835%; height: 24px;\"><span>The Biathlon Golfpark Resort<\/span><\/td>\n<td style=\"width: 20%; height: 24px;\"><span>1 loch<\/span><\/td>\n<\/tr>\n<\/tbody>\n<\/table>\n<p>&nbsp;<\/p>\n<p>[\/et_pb_accordion_item][\/et_pb_accordion][et_pb_text _builder_version=&#8220;4.27.4&#8243; _module_preset=&#8220;default&#8220; text_font=&#8220;Mulish||||||||&#8220; text_font_size=&#8220;20px&#8220; global_colors_info=&#8220;{}&#8220;]<\/p>\n<p style=\"text-align: center;\"><span>Die Vollversion von Creative Golf Advanced und Golfisimo enth\u00e4lt weitere Golfpl\u00e4tze und Spieloptionen.<\/span><\/p>\n<p>[\/et_pb_text][\/et_pb_column][\/et_pb_row][\/et_pb_section]<\/p>\n","protected":false},"excerpt":{"rendered":"<p>SPIELOPTIONEN IN DER DEMOVERSION Golfplatztyp Golfpl\u00e4tze L\u00f6cher Golfpl\u00e4tze Dachstein &#8211; Tauern Golf- &amp; Country club 18 l\u00f6cher Practice &#8211; Driving range Range Academy 6 schl\u00e4ge Practice &#8211; Team Training Range Academy 6 schl\u00e4ge Practice &#8211; Club Fitting Range Academy 6 schl\u00e4ge Practice &#8211; Chip &amp; Putt Range Academy 3 schl\u00e4ge Practice on Course Dachstein &#8211; [&hellip;]<\/p>\n","protected":false},"author":1,"featured_media":0,"parent":0,"menu_order":0,"comment_status":"closed","ping_status":"closed","template":"","meta":{"_acf_changed":false,"_et_pb_use_builder":"on","_et_pb_old_content":"","_et_gb_content_width":"","footnotes":""},"class_list":["post-246451","page","type-page","status-publish","hentry"],"acf":[],"yoast_head":"<!-- This site is optimized with the Yoast SEO plugin v27.3 - https:\/\/yoast.com\/product\/yoast-seo-wordpress\/ -->\n<title>Spieloptionen in der Demoversion - Creative Golf<\/title>\n<meta name=\"robots\" content=\"index, follow, max-snippet:-1, max-image-preview:large, max-video-preview:-1\" \/>\n<link rel=\"canonical\" href=\"https:\/\/creativegolf.com\/de\/demo\/\" \/>\n<meta property=\"og:locale\" content=\"de_DE\" \/>\n<meta property=\"og:type\" content=\"article\" \/>\n<meta property=\"og:title\" content=\"Spieloptionen in der Demoversion - Creative Golf\" \/>\n<meta property=\"og:description\" content=\"SPIELOPTIONEN IN DER DEMOVERSION Golfplatztyp Golfpl\u00e4tze L\u00f6cher Golfpl\u00e4tze Dachstein - Tauern Golf- &amp; Country club 18 l\u00f6cher Practice - Driving range Range Academy 6 schl\u00e4ge Practice - Team Training Range Academy 6 schl\u00e4ge Practice - Club Fitting Range Academy 6 schl\u00e4ge Practice - Chip &amp; Putt Range Academy 3 schl\u00e4ge Practice on Course Dachstein - [&hellip;]\" \/>\n<meta property=\"og:url\" content=\"https:\/\/creativegolf.com\/de\/demo\/\" \/>\n<meta property=\"og:site_name\" content=\"Creative Golf\" \/>\n<meta property=\"article:publisher\" content=\"https:\/\/www.facebook.com\/creativegolf3d\" \/>\n<meta property=\"article:modified_time\" content=\"2025-11-12T10:58:01+00:00\" \/>\n<meta name=\"twitter:card\" content=\"summary_large_image\" \/>\n<meta name=\"twitter:site\" content=\"@Creativegolf3D\" \/>\n<meta name=\"twitter:label1\" content=\"Gesch\u00e4tzte Lesezeit\" \/>\n\t<meta name=\"twitter:data1\" content=\"3\u00a0Minuten\" \/>\n<script type=\"application\/ld+json\" class=\"yoast-schema-graph\">{\"@context\":\"https:\\\/\\\/schema.org\",\"@graph\":[{\"@type\":\"WebPage\",\"@id\":\"https:\\\/\\\/creativegolf.com\\\/de\\\/demo\\\/\",\"url\":\"https:\\\/\\\/creativegolf.com\\\/de\\\/demo\\\/\",\"name\":\"Spieloptionen in der Demoversion - Creative Golf\",\"isPartOf\":{\"@id\":\"https:\\\/\\\/creativegolf.com\\\/de\\\/#website\"},\"datePublished\":\"2021-11-10T23:02:15+00:00\",\"dateModified\":\"2025-11-12T10:58:01+00:00\",\"breadcrumb\":{\"@id\":\"https:\\\/\\\/creativegolf.com\\\/de\\\/demo\\\/#breadcrumb\"},\"inLanguage\":\"de\",\"potentialAction\":[{\"@type\":\"ReadAction\",\"target\":[\"https:\\\/\\\/creativegolf.com\\\/de\\\/demo\\\/\"]}]},{\"@type\":\"BreadcrumbList\",\"@id\":\"https:\\\/\\\/creativegolf.com\\\/de\\\/demo\\\/#breadcrumb\",\"itemListElement\":[{\"@type\":\"ListItem\",\"position\":1,\"name\":\"Home\",\"item\":\"https:\\\/\\\/creativegolf.com\\\/de\\\/home\\\/\"},{\"@type\":\"ListItem\",\"position\":2,\"name\":\"Spieloptionen in der Demoversion\"}]},{\"@type\":\"WebSite\",\"@id\":\"https:\\\/\\\/creativegolf.com\\\/de\\\/#website\",\"url\":\"https:\\\/\\\/creativegolf.com\\\/de\\\/\",\"name\":\"Creative Golf\",\"description\":\"Creative Golf \\\/ Golfisimo\",\"potentialAction\":[{\"@type\":\"SearchAction\",\"target\":{\"@type\":\"EntryPoint\",\"urlTemplate\":\"https:\\\/\\\/creativegolf.com\\\/de\\\/?s={search_term_string}\"},\"query-input\":{\"@type\":\"PropertyValueSpecification\",\"valueRequired\":true,\"valueName\":\"search_term_string\"}}],\"inLanguage\":\"de\"}]}<\/script>\n<!-- \/ Yoast SEO plugin. -->","yoast_head_json":{"title":"Spieloptionen in der Demoversion - Creative Golf","robots":{"index":"index","follow":"follow","max-snippet":"max-snippet:-1","max-image-preview":"max-image-preview:large","max-video-preview":"max-video-preview:-1"},"canonical":"https:\/\/creativegolf.com\/de\/demo\/","og_locale":"de_DE","og_type":"article","og_title":"Spieloptionen in der Demoversion - Creative Golf","og_description":"SPIELOPTIONEN IN DER DEMOVERSION Golfplatztyp Golfpl\u00e4tze L\u00f6cher Golfpl\u00e4tze Dachstein - Tauern Golf- &amp; Country club 18 l\u00f6cher Practice - Driving range Range Academy 6 schl\u00e4ge Practice - Team Training Range Academy 6 schl\u00e4ge Practice - Club Fitting Range Academy 6 schl\u00e4ge Practice - Chip &amp; Putt Range Academy 3 schl\u00e4ge Practice on Course Dachstein - [&hellip;]","og_url":"https:\/\/creativegolf.com\/de\/demo\/","og_site_name":"Creative Golf","article_publisher":"https:\/\/www.facebook.com\/creativegolf3d","article_modified_time":"2025-11-12T10:58:01+00:00","twitter_card":"summary_large_image","twitter_site":"@Creativegolf3D","twitter_misc":{"Gesch\u00e4tzte Lesezeit":"3\u00a0Minuten"},"schema":{"@context":"https:\/\/schema.org","@graph":[{"@type":"WebPage","@id":"https:\/\/creativegolf.com\/de\/demo\/","url":"https:\/\/creativegolf.com\/de\/demo\/","name":"Spieloptionen in der Demoversion - Creative Golf","isPartOf":{"@id":"https:\/\/creativegolf.com\/de\/#website"},"datePublished":"2021-11-10T23:02:15+00:00","dateModified":"2025-11-12T10:58:01+00:00","breadcrumb":{"@id":"https:\/\/creativegolf.com\/de\/demo\/#breadcrumb"},"inLanguage":"de","potentialAction":[{"@type":"ReadAction","target":["https:\/\/creativegolf.com\/de\/demo\/"]}]},{"@type":"BreadcrumbList","@id":"https:\/\/creativegolf.com\/de\/demo\/#breadcrumb","itemListElement":[{"@type":"ListItem","position":1,"name":"Home","item":"https:\/\/creativegolf.com\/de\/home\/"},{"@type":"ListItem","position":2,"name":"Spieloptionen in der Demoversion"}]},{"@type":"WebSite","@id":"https:\/\/creativegolf.com\/de\/#website","url":"https:\/\/creativegolf.com\/de\/","name":"Creative Golf","description":"Creative Golf \/ Golfisimo","potentialAction":[{"@type":"SearchAction","target":{"@type":"EntryPoint","urlTemplate":"https:\/\/creativegolf.com\/de\/?s={search_term_string}"},"query-input":{"@type":"PropertyValueSpecification","valueRequired":true,"valueName":"search_term_string"}}],"inLanguage":"de"}]}},"_links":{"self":[{"href":"https:\/\/creativegolf.com\/de\/wp-json\/wp\/v2\/pages\/246451","targetHints":{"allow":["GET"]}}],"collection":[{"href":"https:\/\/creativegolf.com\/de\/wp-json\/wp\/v2\/pages"}],"about":[{"href":"https:\/\/creativegolf.com\/de\/wp-json\/wp\/v2\/types\/page"}],"author":[{"embeddable":true,"href":"https:\/\/creativegolf.com\/de\/wp-json\/wp\/v2\/users\/1"}],"replies":[{"embeddable":true,"href":"https:\/\/creativegolf.com\/de\/wp-json\/wp\/v2\/comments?post=246451"}],"version-history":[{"count":7,"href":"https:\/\/creativegolf.com\/de\/wp-json\/wp\/v2\/pages\/246451\/revisions"}],"predecessor-version":[{"id":260729,"href":"https:\/\/creativegolf.com\/de\/wp-json\/wp\/v2\/pages\/246451\/revisions\/260729"}],"wp:attachment":[{"href":"https:\/\/creativegolf.com\/de\/wp-json\/wp\/v2\/media?parent=246451"}],"curies":[{"name":"wp","href":"https:\/\/api.w.org\/{rel}","templated":true}]}}