{"id":247292,"date":"2021-11-04T15:16:01","date_gmt":"2021-11-04T15:16:01","guid":{"rendered":"https:\/\/creativegolf.com\/faq\/"},"modified":"2026-04-08T13:17:29","modified_gmt":"2026-04-08T13:17:29","slug":"faq","status":"publish","type":"page","link":"https:\/\/creativegolf.com\/de\/faq\/","title":{"rendered":"FAQ"},"content":{"rendered":"<p>[et_pb_section fb_built=&#8220;1&#8243; _builder_version=&#8220;4.27.4&#8243; _module_preset=&#8220;default&#8220; background_image=&#8220;https:\/\/creativegolf.com\/wp-content\/uploads\/2025\/09\/Background_scale_3.jpg&#8220; parallax=&#8220;on&#8220; custom_css_main_element=&#8220;  background-image: url(https:\/\/creativegolf.com\/wp-content\/uploads\/2021\/11\/02_header_ciary.png), url(https:\/\/creativegolf.com\/wp-content\/uploads\/2021\/11\/02_footer_ciary.png);||background-size: initial;||  background-position: center top, center bottom;||  background-repeat: no-repeat, no-repeat;&#8220; da_disable_devices=&#8220;off|off|off&#8220; global_colors_info=&#8220;{}&#8220; da_is_popup=&#8220;off&#8220; da_exit_intent=&#8220;off&#8220; da_has_close=&#8220;on&#8220; da_alt_close=&#8220;off&#8220; da_dark_close=&#8220;off&#8220; da_not_modal=&#8220;on&#8220; da_is_singular=&#8220;off&#8220; da_with_loader=&#8220;off&#8220; da_has_shadow=&#8220;on&#8220;][et_pb_row _builder_version=&#8220;4.27.4&#8243; _module_preset=&#8220;default&#8220; custom_margin=&#8220;-20px|auto||auto|false|false&#8220; global_colors_info=&#8220;{}&#8220;][et_pb_column type=&#8220;4_4&#8243; _builder_version=&#8220;4.27.4&#8243; _module_preset=&#8220;default&#8220; global_colors_info=&#8220;{}&#8220;][et_pb_text _builder_version=&#8220;4.27.4&#8243; _module_preset=&#8220;default&#8220; header_font=&#8220;Mulish|200|||||||&#8220; header_font_size=&#8220;46px&#8220; use_background_color_gradient=&#8220;on&#8220; background_color_gradient_direction=&#8220;90deg&#8220; background_color_gradient_stops=&#8220;rgba(0,13,26,0) 0%|#000d1a 50%|rgba(0,13,26,0) 100%&#8220; custom_margin=&#8220;||||false|false&#8220; custom_padding=&#8220;7px||||false|false&#8220; global_colors_info=&#8220;{}&#8220;]<\/p>\n<h1 style=\"text-align: center;\"><span style=\"color: #ffffff;\">FAQ<\/span><\/h1>\n<p>[\/et_pb_text][\/et_pb_column][\/et_pb_row][et_pb_row _builder_version=&#8220;4.16&#8243; _module_preset=&#8220;default&#8220; global_colors_info=&#8220;{}&#8220;][et_pb_column type=&#8220;4_4&#8243; _builder_version=&#8220;4.16&#8243; _module_preset=&#8220;default&#8220; global_colors_info=&#8220;{}&#8220;][et_pb_text _builder_version=&#8220;4.27.4&#8243; _module_preset=&#8220;31639539-1bf4-4655-aa10-63907382d9d5&#8243; header_font=&#8220;Mulish||||||||&#8220; header_2_font=&#8220;Mulish|700|||||||&#8220; header_2_font_size=&#8220;30px&#8220; header_2_font_size_tablet=&#8220;26px&#8220; header_2_font_size_phone=&#8220;&#8220; header_2_font_size_last_edited=&#8220;on|desktop&#8220; global_colors_info=&#8220;{}&#8220;]<\/p>\n<h2>Allgemeine Fragen zu Creative Golf<\/h2>\n<p>[\/et_pb_text][et_pb_accordion _builder_version=&#8220;4.27.4&#8243; _module_preset=&#8220;e9df0db8-762d-411d-81e2-175944b7deaf&#8220; toggle_font=&#8220;Mulish|600|||||||&#8220; toggle_font_size=&#8220;22px&#8220; closed_toggle_font=&#8220;Mulish||||||||&#8220; closed_toggle_font_size=&#8220;22px&#8220; body_font=&#8220;Mulish||||||||&#8220; body_font_size=&#8220;20px&#8220; global_colors_info=&#8220;{}&#8220;][et_pb_accordion_item title=&#8220;How to set accurate ball flight direction?&#8220; open=&#8220;on&#8220; _builder_version=&#8220;4.20.0&#8243; _module_preset=&#8220;default&#8220; global_colors_info=&#8220;{}&#8220;]<\/p>\n<p>Read this <a href=\"https:\/\/creativegolf.com\/de\/how-to-set-accurate-ball-flight-direction-for-the-skytrak-foresight-gc2-quad-flightscope-mevo-x3-xi\/\" title=\"How to set accurate flight direction\">MANUAL<\/a>.<\/p>\n<p>[\/et_pb_accordion_item][et_pb_accordion_item title=&#8220;Kann ich meine eigene Werbung in Creative Golf einschalten?&#8220; _builder_version=&#8220;4.20.0&#8243; _module_preset=&#8220;default&#8220; global_colors_info=&#8220;{}&#8220; open=&#8220;off&#8220;]<\/p>\n<p>Ja, es ist m\u00f6glich, Werbung auf Plakatw\u00e4nden, Ballons und Luftschiffen auf den vorbereiteten Spielpl\u00e4tzen zu platzieren. In dem Ordner, in dem Sie die Creative Golf-Software installiert haben, finden Sie das Verzeichnis \\advert\\Billboards\\. Hier finden Sie die Verzeichnisse, die den einzelnen Objekttypen zugeordnet sind. In jedem Verzeichnis finden Sie eine Textur mit einem voreingestellten Muster und einem markierten Rand. Der Rand stellt den Bereich der Textur dar, der auf dem Objekt erscheinen wird. Der Teil des Bildes au\u00dferhalb des Randes wird nicht angezeigt. Die voreingestellte Textur kann gel\u00f6scht werden. Es k\u00f6nnen mehrere Texturen in die Verzeichnisse eingef\u00fcgt werden. In diesem Fall wechseln sich die Texturen in jedem Ordner im Abstand von 30 Sekunden ab.<\/p>\n<p>Diese Anzeigen werden auf den Basis-Spielpl\u00e4tzen &#8211; Range Academy, Target Golf und Long Mesquite und dem Spielplatz Windy Valley geschaltet.<\/p>\n<p>Eine weitere M\u00f6glichkeit besteht darin, eine Anzeige zu schalten, wenn man von einem gespielten Loch zu einem neuen Loch wechselt. In dem Ordner, in dem Sie die Creative Golf 3D-Software installiert haben, finden Sie das Verzeichnis \\advert\\. In dieses Verzeichnis legen Sie die Werbebilder, die Sie f\u00fcr die Anzeigen zwischen den L\u00f6chern verwenden m\u00f6chten. Dann legen Sie deren Verwendung im selben Verzeichnis In der Datei Adverts.conf fest.<\/p>\n<p>Im Abschnitt [#Global#] legen Sie die Eigenschaften der Bilder entsprechend dem vorbereiteten Muster fest. Wenn Sie \u201ex\u201c verwenden, wird das Bild zwischen allen Vertiefungen verwendet, denen kein anderes Bild zugewiesen ist. Wenn sich das \u201ex\u201c neben mehreren Anzeigenbildern befindet, werden diese Bilder abwechselnd angezeigt. Wenn Sie statt eines \u201ex\u201c eine Zahl eingeben, erscheint die zugewiesene Anzeige vor dem ausgew\u00e4hlten Loch. Wenn Sie 1 statt \u201ex\u201c eingeben, m\u00fcssen Sie unter [#General#] ShowOnFirstHole = yes w\u00e4hlen, sonst wird die Anzeige nicht vor dem ersten Loch angezeigt.<\/p>\n<p>Sie k\u00f6nnen auch einen USB-Stick f\u00fcr die Werbung zwischen den L\u00f6chern verwenden. Direkt darin erstellen Sie einen Ordner mit dem Namen Advert. Kopieren Sie die Datei Adverts.conf in diesen Ordner und bearbeiten Sie sie nach demselben Verfahren wie oben beschrieben. Legen Sie die gew\u00fcnschten Bilder in denselben Ordner. Der Inhalt des Advert-Verzeichnisses auf dem USB-Stick hat Vorrang vor dem Werbeverzeichnis an dem Ort, an dem Sie das Creative Golf-Spiel installiert haben. Der USB-Stick muss entweder vor dem Einschalten von Creative Golf angeschlossen werden, oder falls Creative Golf l\u00e4uft, w\u00e4hrend der USB-Stick angeschlossen ist, muss das Spiel neu gestartet werden. Wenn Sie den USB-Stick anschlie\u00dfen, w\u00e4hrend Sie Creative Golf spielen, wird der USB-Stick vom Spiel ignoriert.<\/p>\n<p>[\/et_pb_accordion_item][et_pb_accordion_item title=&#8220;Wie wird das Spiel auf dem zweiten Bildschirm angezeigt?&#8220; _builder_version=&#8220;4.23.4&#8243; _module_preset=&#8220;default&#8220; global_colors_info=&#8220;{}&#8220; open=&#8220;off&#8220;]<\/p>\n<p>Wenn der Fenstermodus auf \u201erandloses Fenster\u201c (borderless window) eingestellt ist, k\u00f6nnen Position und Gr\u00f6\u00dfe des Spielfensters angepasst werden. Die Position und Gr\u00f6\u00dfe k\u00f6nnen durch Hinzuf\u00fcgen von Parametern im Feld \u201eZiel\u201c (Target) in den Verkn\u00fcpfungseigenschaften festgelegt werden. Die Schritte sind:<\/p>\n<p>1. Starten Sie Creative Golf\/Golfisimo und \u00e4ndern Sie in den Einstellungen den Fenstermodus auf Randloses Fenster, schlie\u00dfen Sie Creative Golf<\/p>\n<p>2. W\u00e4hlen Sie das Symbol Creative Golf\/Golfisimo aus, klicken Sie mit der rechten Maustaste darauf, gehen Sie auf Eigenschaften (Properties), Registerkarte Verkn\u00fcpfung (Shortcut) und f\u00fcgen Sie im Feld Ziel (Target) ein Leerzeichen (&#8220; &#8222;) und Folgendes hinzu: \/left=1920 \/top=0 \/width=1920 \/height=1080 Verwenden Sie f\u00fcr left die Breite Ihres Hauptmonitors. Top wird verwendet, wenn Ihre Monitore vertikal (\u00fcbereinander) angeordnet sind. Stellen Sie die Gr\u00f6\u00dfe des zweiten Monitors mit width (Breite) und height (H\u00f6he) ein. <\/p>\n<p><img decoding=\"async\" data-src=\"https:\/\/creativegolf.com\/wp-content\/uploads\/2024\/01\/FAQ_secondary_screen-199x300.jpg\" width=\"199\" height=\"300\" alt=\"\" class=\"wp-image-253642 alignnone size-medium lazyload\" data-srcset=\"https:\/\/creativegolf.com\/wp-content\/uploads\/2024\/01\/FAQ_secondary_screen-199x300.jpg 199w, https:\/\/creativegolf.com\/wp-content\/uploads\/2024\/01\/FAQ_secondary_screen.jpg 358w\" data-sizes=\"(max-width: 199px) 100vw, 199px\" src=\"data:image\/svg+xml;base64,PHN2ZyB3aWR0aD0iMSIgaGVpZ2h0PSIxIiB4bWxucz0iaHR0cDovL3d3dy53My5vcmcvMjAwMC9zdmciPjwvc3ZnPg==\" style=\"--smush-placeholder-width: 199px; --smush-placeholder-aspect-ratio: 199\/300;\" \/><\/p>\n<p>3. Speichern und starten Sie Creative Golf\/Golfisimo per Symbol.<\/p>\n<p>[\/et_pb_accordion_item][\/et_pb_accordion][et_pb_code _builder_version=&#8220;4.16&#8243; _module_preset=&#8220;default&#8220; global_colors_info=&#8220;{}&#8220;]<script><!-- [et_pb_line_break_holder] -->jQuery(function($){<!-- [et_pb_line_break_holder] -->    $('.et_pb_accordion .et_pb_toggle_open').addClass('et_pb_toggle_close').removeClass('et_pb_toggle_open');<!-- [et_pb_line_break_holder] --><!-- [et_pb_line_break_holder] -->    $('.et_pb_accordion .et_pb_toggle').click(function() {<!-- [et_pb_line_break_holder] -->      $this = $(this);<!-- [et_pb_line_break_holder] -->      setTimeout(function(){<!-- [et_pb_line_break_holder] -->         $this.closest('.et_pb_accordion').removeClass('et_pb_accordion_toggling');<!-- [et_pb_line_break_holder] -->      },700);<!-- [et_pb_line_break_holder] -->    });<!-- [et_pb_line_break_holder] -->});<!-- [et_pb_line_break_holder] --><\/script>[\/et_pb_code][\/et_pb_column][\/et_pb_row][et_pb_row _builder_version=&#8220;4.16&#8243; _module_preset=&#8220;default&#8220; global_colors_info=&#8220;{}&#8220;][et_pb_column type=&#8220;4_4&#8243; _builder_version=&#8220;4.16&#8243; _module_preset=&#8220;default&#8220; global_colors_info=&#8220;{}&#8220;][et_pb_text _builder_version=&#8220;4.27.4&#8243; _module_preset=&#8220;31639539-1bf4-4655-aa10-63907382d9d5&#8243; header_font=&#8220;Mulish||||||||&#8220; header_2_font=&#8220;Mulish|700|||||||&#8220; header_2_font_size=&#8220;30px&#8220; header_2_font_size_tablet=&#8220;26px&#8220; header_2_font_size_phone=&#8220;&#8220; header_2_font_size_last_edited=&#8220;on|desktop&#8220; global_colors_info=&#8220;{}&#8220;]<\/p>\n<h2>  Fragen zu Creative Golf f\u00fcr SkyTrak<\/h2>\n<p>[\/et_pb_text][et_pb_accordion _builder_version=&#8220;4.27.6&#8243; _module_preset=&#8220;e9df0db8-762d-411d-81e2-175944b7deaf&#8220; toggle_font=&#8220;Mulish|600|||||||&#8220; toggle_font_size=&#8220;22px&#8220; closed_toggle_font=&#8220;Mulish||||||||&#8220; closed_toggle_font_size=&#8220;22px&#8220; body_font=&#8220;Mulish||||||||&#8220; body_font_size=&#8220;20px&#8220; hover_enabled=&#8220;0&#8243; global_colors_info=&#8220;{}&#8220; sticky_enabled=&#8220;0&#8243;][et_pb_accordion_item title=&#8220;Was kann ich tun, wenn das Spiel f\u00fcr SkyTrak nach dem Start oder w\u00e4hrend der Verbindung mit SkyTrak abst\u00fcrzt?&#8220; open=&#8220;on&#8220; _builder_version=&#8220;4.22.0&#8243; _module_preset=&#8220;default&#8220; background_enable_color=&#8220;off&#8220; background_enable_image=&#8220;off&#8220; global_colors_info=&#8220;{}&#8220; toggle_level=&#8220;h3&#8243;]<\/p>\n<p><span><\/span>Bitte installieren Sie das neueste Update. Sie finden es <a href=\"https:\/\/creativegolf.com\/de\/download\/\" title=\"Herunterladen\">HIER<\/a> in der Rubrik Creative Golf Updates.<\/p>\n<p>Wenn Sie eine \u00e4ltere Version haben: 2.8, m\u00fcssen Sie zuerst das Update 2.8 \u2192 2.10 installieren.  <\/p>\n<p>[\/et_pb_accordion_item][et_pb_accordion_item title=&#8220;Wie installiere ich das Upgrade auf Creative Golf Advanced f\u00fcr SkyTrak?&#8220; _builder_version=&#8220;4.27.6&#8243; _module_preset=&#8220;default&#8220; hover_enabled=&#8220;0&#8243; sticky_enabled=&#8220;0&#8243;]<\/p>\n<p><span class=\"\">Laden Sie \u00fcber den Link in Ihrer Bestellung beide Creative Golf Advanced-Dateien herunter (die <\/span><b data-path-to-node=\"5\" data-index-in-node=\"131\" class=\"\">.exe<\/b><span class=\"\">&#8211; und die <\/span><b data-path-to-node=\"5\" data-index-in-node=\"140\" class=\"\">.7z<\/b><span class=\"\">-Datei).<\/span><span class=\"\"> Installieren Sie die<\/span><span class=\"\"> .exe-Datei in einen<\/span><b data-path-to-node=\"5\" data-index-in-node=\"234\" class=\"\"> neuen Ordner<\/b> <span class=\"\">(installieren Sie das Upgrade nicht in das Verzeichnis Ihrer bestehenden Version 2.<\/span><span class=\"\">11).<\/span> <span class=\"\">Verwenden Sie Ihren Produktschl\u00fcssel in der neuen Version.<\/span> <span class=\"\">\u00dcberpr\u00fcfen Sie<\/span> <span class=\"\">anschlie\u00dfend unter<\/span> <b data-path-to-node=\"5\" data-index-in-node=\"360\" class=\"\">Settings \/ Game Setup \/ Game Options 2 \/ Tracking device<\/b><span class=\"\">, ob Ihr Messger\u00e4t korrekt eingestellt ist.<\/span><\/p>\n<p>[\/et_pb_accordion_item][\/et_pb_accordion][et_pb_code _builder_version=&#8220;4.16&#8243; _module_preset=&#8220;default&#8220; global_colors_info=&#8220;{}&#8220;]<script><!-- [et_pb_line_break_holder] -->jQuery(function($){<!-- [et_pb_line_break_holder] -->    $('.et_pb_accordion .et_pb_toggle_open').addClass('et_pb_toggle_close').removeClass('et_pb_toggle_open');<!-- [et_pb_line_break_holder] --><!-- [et_pb_line_break_holder] -->    $('.et_pb_accordion .et_pb_toggle').click(function() {<!-- [et_pb_line_break_holder] -->      $this = $(this);<!-- [et_pb_line_break_holder] -->      setTimeout(function(){<!-- [et_pb_line_break_holder] -->         $this.closest('.et_pb_accordion').removeClass('et_pb_accordion_toggling');<!-- [et_pb_line_break_holder] -->      },700);<!-- [et_pb_line_break_holder] -->    });<!-- [et_pb_line_break_holder] -->});<!-- [et_pb_line_break_holder] --><\/script>[\/et_pb_code][\/et_pb_column][\/et_pb_row][\/et_pb_section]<\/p>\n","protected":false},"excerpt":{"rendered":"<p>FAQAllgemeine Fragen zu Creative GolfRead this MANUAL.Ja, es ist m\u00f6glich, Werbung auf Plakatw\u00e4nden, Ballons und Luftschiffen auf den vorbereiteten Spielpl\u00e4tzen zu platzieren. In dem Ordner, in dem Sie die Creative Golf-Software installiert haben, finden Sie das Verzeichnis \\advert\\Billboards\\. Hier finden Sie die Verzeichnisse, die den einzelnen Objekttypen zugeordnet sind. In jedem Verzeichnis finden Sie eine [&hellip;]<\/p>\n","protected":false},"author":1,"featured_media":0,"parent":0,"menu_order":0,"comment_status":"closed","ping_status":"closed","template":"","meta":{"_acf_changed":false,"_et_pb_use_builder":"on","_et_pb_old_content":"","_et_gb_content_width":"","footnotes":""},"class_list":["post-247292","page","type-page","status-publish","hentry"],"acf":[],"yoast_head":"<!-- This site is optimized with the Yoast SEO plugin v27.4 - https:\/\/yoast.com\/product\/yoast-seo-wordpress\/ -->\n<title>FAQ - Creative Golf<\/title>\n<meta name=\"robots\" content=\"index, follow, max-snippet:-1, max-image-preview:large, max-video-preview:-1\" \/>\n<link rel=\"canonical\" href=\"https:\/\/creativegolf.com\/de\/faq\/\" \/>\n<meta property=\"og:locale\" content=\"de_DE\" \/>\n<meta property=\"og:type\" content=\"article\" \/>\n<meta property=\"og:title\" content=\"FAQ - Creative Golf\" \/>\n<meta property=\"og:description\" content=\"FAQAllgemeine Fragen zu Creative GolfRead this MANUAL.Ja, es ist m\u00f6glich, Werbung auf Plakatw\u00e4nden, Ballons und Luftschiffen auf den vorbereiteten Spielpl\u00e4tzen zu platzieren. In dem Ordner, in dem Sie die Creative Golf-Software installiert haben, finden Sie das Verzeichnis advertBillboards. Hier finden Sie die Verzeichnisse, die den einzelnen Objekttypen zugeordnet sind. In jedem Verzeichnis finden Sie eine [&hellip;]\" \/>\n<meta property=\"og:url\" content=\"https:\/\/creativegolf.com\/de\/faq\/\" \/>\n<meta property=\"og:site_name\" content=\"Creative Golf\" \/>\n<meta property=\"article:publisher\" content=\"https:\/\/www.facebook.com\/creativegolf3d\" \/>\n<meta property=\"article:modified_time\" content=\"2026-04-08T13:17:29+00:00\" \/>\n<meta property=\"og:image\" content=\"https:\/\/creativegolf.com\/wp-content\/uploads\/2024\/01\/FAQ_secondary_screen.jpg\" \/>\n\t<meta property=\"og:image:width\" content=\"358\" \/>\n\t<meta property=\"og:image:height\" content=\"541\" \/>\n\t<meta property=\"og:image:type\" content=\"image\/jpeg\" \/>\n<meta name=\"twitter:card\" content=\"summary_large_image\" \/>\n<meta name=\"twitter:site\" content=\"@Creativegolf3D\" \/>\n<meta name=\"twitter:label1\" content=\"Gesch\u00e4tzte Lesezeit\" \/>\n\t<meta name=\"twitter:data1\" content=\"7\u00a0Minuten\" \/>\n<script type=\"application\/ld+json\" class=\"yoast-schema-graph\">{\"@context\":\"https:\\\/\\\/schema.org\",\"@graph\":[{\"@type\":\"WebPage\",\"@id\":\"https:\\\/\\\/creativegolf.com\\\/de\\\/faq\\\/\",\"url\":\"https:\\\/\\\/creativegolf.com\\\/de\\\/faq\\\/\",\"name\":\"FAQ - Creative Golf\",\"isPartOf\":{\"@id\":\"https:\\\/\\\/creativegolf.com\\\/de\\\/#website\"},\"primaryImageOfPage\":{\"@id\":\"https:\\\/\\\/creativegolf.com\\\/de\\\/faq\\\/#primaryimage\"},\"image\":{\"@id\":\"https:\\\/\\\/creativegolf.com\\\/de\\\/faq\\\/#primaryimage\"},\"thumbnailUrl\":\"https:\\\/\\\/creativegolf.com\\\/wp-content\\\/uploads\\\/2024\\\/01\\\/FAQ_secondary_screen-199x300.jpg\",\"datePublished\":\"2021-11-04T15:16:01+00:00\",\"dateModified\":\"2026-04-08T13:17:29+00:00\",\"breadcrumb\":{\"@id\":\"https:\\\/\\\/creativegolf.com\\\/de\\\/faq\\\/#breadcrumb\"},\"inLanguage\":\"de\",\"potentialAction\":[{\"@type\":\"ReadAction\",\"target\":[\"https:\\\/\\\/creativegolf.com\\\/de\\\/faq\\\/\"]}]},{\"@type\":\"ImageObject\",\"inLanguage\":\"de\",\"@id\":\"https:\\\/\\\/creativegolf.com\\\/de\\\/faq\\\/#primaryimage\",\"url\":\"https:\\\/\\\/creativegolf.com\\\/wp-content\\\/uploads\\\/2024\\\/01\\\/FAQ_secondary_screen-199x300.jpg\",\"contentUrl\":\"https:\\\/\\\/creativegolf.com\\\/wp-content\\\/uploads\\\/2024\\\/01\\\/FAQ_secondary_screen-199x300.jpg\"},{\"@type\":\"BreadcrumbList\",\"@id\":\"https:\\\/\\\/creativegolf.com\\\/de\\\/faq\\\/#breadcrumb\",\"itemListElement\":[{\"@type\":\"ListItem\",\"position\":1,\"name\":\"Home\",\"item\":\"https:\\\/\\\/creativegolf.com\\\/de\\\/home\\\/\"},{\"@type\":\"ListItem\",\"position\":2,\"name\":\"FAQ\"}]},{\"@type\":\"WebSite\",\"@id\":\"https:\\\/\\\/creativegolf.com\\\/de\\\/#website\",\"url\":\"https:\\\/\\\/creativegolf.com\\\/de\\\/\",\"name\":\"Creative Golf\",\"description\":\"Creative Golf \\\/ Golfisimo\",\"potentialAction\":[{\"@type\":\"SearchAction\",\"target\":{\"@type\":\"EntryPoint\",\"urlTemplate\":\"https:\\\/\\\/creativegolf.com\\\/de\\\/?s={search_term_string}\"},\"query-input\":{\"@type\":\"PropertyValueSpecification\",\"valueRequired\":true,\"valueName\":\"search_term_string\"}}],\"inLanguage\":\"de\"}]}<\/script>\n<!-- \/ Yoast SEO plugin. -->","yoast_head_json":{"title":"FAQ - Creative Golf","robots":{"index":"index","follow":"follow","max-snippet":"max-snippet:-1","max-image-preview":"max-image-preview:large","max-video-preview":"max-video-preview:-1"},"canonical":"https:\/\/creativegolf.com\/de\/faq\/","og_locale":"de_DE","og_type":"article","og_title":"FAQ - Creative Golf","og_description":"FAQAllgemeine Fragen zu Creative GolfRead this MANUAL.Ja, es ist m\u00f6glich, Werbung auf Plakatw\u00e4nden, Ballons und Luftschiffen auf den vorbereiteten Spielpl\u00e4tzen zu platzieren. In dem Ordner, in dem Sie die Creative Golf-Software installiert haben, finden Sie das Verzeichnis advertBillboards. Hier finden Sie die Verzeichnisse, die den einzelnen Objekttypen zugeordnet sind. In jedem Verzeichnis finden Sie eine [&hellip;]","og_url":"https:\/\/creativegolf.com\/de\/faq\/","og_site_name":"Creative Golf","article_publisher":"https:\/\/www.facebook.com\/creativegolf3d","article_modified_time":"2026-04-08T13:17:29+00:00","og_image":[{"width":358,"height":541,"url":"https:\/\/creativegolf.com\/wp-content\/uploads\/2024\/01\/FAQ_secondary_screen.jpg","type":"image\/jpeg"}],"twitter_card":"summary_large_image","twitter_site":"@Creativegolf3D","twitter_misc":{"Gesch\u00e4tzte Lesezeit":"7\u00a0Minuten"},"schema":{"@context":"https:\/\/schema.org","@graph":[{"@type":"WebPage","@id":"https:\/\/creativegolf.com\/de\/faq\/","url":"https:\/\/creativegolf.com\/de\/faq\/","name":"FAQ - Creative Golf","isPartOf":{"@id":"https:\/\/creativegolf.com\/de\/#website"},"primaryImageOfPage":{"@id":"https:\/\/creativegolf.com\/de\/faq\/#primaryimage"},"image":{"@id":"https:\/\/creativegolf.com\/de\/faq\/#primaryimage"},"thumbnailUrl":"https:\/\/creativegolf.com\/wp-content\/uploads\/2024\/01\/FAQ_secondary_screen-199x300.jpg","datePublished":"2021-11-04T15:16:01+00:00","dateModified":"2026-04-08T13:17:29+00:00","breadcrumb":{"@id":"https:\/\/creativegolf.com\/de\/faq\/#breadcrumb"},"inLanguage":"de","potentialAction":[{"@type":"ReadAction","target":["https:\/\/creativegolf.com\/de\/faq\/"]}]},{"@type":"ImageObject","inLanguage":"de","@id":"https:\/\/creativegolf.com\/de\/faq\/#primaryimage","url":"https:\/\/creativegolf.com\/wp-content\/uploads\/2024\/01\/FAQ_secondary_screen-199x300.jpg","contentUrl":"https:\/\/creativegolf.com\/wp-content\/uploads\/2024\/01\/FAQ_secondary_screen-199x300.jpg"},{"@type":"BreadcrumbList","@id":"https:\/\/creativegolf.com\/de\/faq\/#breadcrumb","itemListElement":[{"@type":"ListItem","position":1,"name":"Home","item":"https:\/\/creativegolf.com\/de\/home\/"},{"@type":"ListItem","position":2,"name":"FAQ"}]},{"@type":"WebSite","@id":"https:\/\/creativegolf.com\/de\/#website","url":"https:\/\/creativegolf.com\/de\/","name":"Creative Golf","description":"Creative Golf \/ Golfisimo","potentialAction":[{"@type":"SearchAction","target":{"@type":"EntryPoint","urlTemplate":"https:\/\/creativegolf.com\/de\/?s={search_term_string}"},"query-input":{"@type":"PropertyValueSpecification","valueRequired":true,"valueName":"search_term_string"}}],"inLanguage":"de"}]}},"_links":{"self":[{"href":"https:\/\/creativegolf.com\/de\/wp-json\/wp\/v2\/pages\/247292","targetHints":{"allow":["GET"]}}],"collection":[{"href":"https:\/\/creativegolf.com\/de\/wp-json\/wp\/v2\/pages"}],"about":[{"href":"https:\/\/creativegolf.com\/de\/wp-json\/wp\/v2\/types\/page"}],"author":[{"embeddable":true,"href":"https:\/\/creativegolf.com\/de\/wp-json\/wp\/v2\/users\/1"}],"replies":[{"embeddable":true,"href":"https:\/\/creativegolf.com\/de\/wp-json\/wp\/v2\/comments?post=247292"}],"version-history":[{"count":16,"href":"https:\/\/creativegolf.com\/de\/wp-json\/wp\/v2\/pages\/247292\/revisions"}],"predecessor-version":[{"id":262865,"href":"https:\/\/creativegolf.com\/de\/wp-json\/wp\/v2\/pages\/247292\/revisions\/262865"}],"wp:attachment":[{"href":"https:\/\/creativegolf.com\/de\/wp-json\/wp\/v2\/media?parent=247292"}],"curies":[{"name":"wp","href":"https:\/\/api.w.org\/{rel}","templated":true}]}}