{"id":248232,"date":"2021-11-23T03:43:40","date_gmt":"2021-11-23T03:43:40","guid":{"rendered":"https:\/\/creativegolf.com\/e-shop\/unkategorisiert\/golfisimo-one-time-purchase-uneekor\/"},"modified":"2025-11-11T14:59:09","modified_gmt":"2025-11-11T14:59:09","slug":"golfisimo-one-time-purchase-uneekor","status":"publish","type":"product","link":"https:\/\/creativegolf.com\/de\/e-shop\/uneekor-de\/golfisimo-one-time-purchase-uneekor\/","title":{"rendered":"Golfisimo (One Time Purchase &#8211; Uneekor)"},"content":{"rendered":"<p>Die Software enth\u00e4lt unterhaltsame Spiele f\u00fcr Kinder und Nicht-Golfer, aber auch Wettbewerbsspiele, die auf die Verbesserung des Chippens, der Schlagpr\u00e4zision und das Spielen unter Zeitdruck abzielen.<\/p>\n<p>* funktioniert nur auf Windows-PCs<\/p>\n","protected":false},"excerpt":{"rendered":"<h1><strong>Golfisimo<\/strong><\/h1>\n<p><span class=\"purchase-type-badge-yellow\">One Time Purchase<\/span><\/p>\n","protected":false},"featured_media":260702,"template":"","meta":{"_acf_changed":false,"_et_pb_use_builder":"","_et_pb_old_content":"","_et_gb_content_width":""},"product_brand":[],"product_cat":[111],"product_tag":[],"class_list":{"0":"post-248232","1":"product","2":"type-product","3":"status-publish","4":"has-post-thumbnail","6":"product_cat-uneekor-de","8":"first","9":"instock","10":"taxable","11":"shipping-taxable","12":"purchasable","13":"product-type-simple"},"acf":[],"yoast_head":"<!-- This site is optimized with the Yoast SEO plugin v27.3 - https:\/\/yoast.com\/product\/yoast-seo-wordpress\/ -->\n<title>Golfisimo (One Time Purchase - Uneekor) - Creative Golf<\/title>\n<meta name=\"robots\" content=\"index, follow, max-snippet:-1, max-image-preview:large, max-video-preview:-1\" \/>\n<link rel=\"canonical\" href=\"https:\/\/creativegolf.com\/de\/e-shop\/uneekor-de\/golfisimo-one-time-purchase-uneekor\/\" \/>\n<meta property=\"og:locale\" content=\"de_DE\" \/>\n<meta property=\"og:type\" content=\"article\" \/>\n<meta property=\"og:title\" content=\"Golfisimo (One Time Purchase - Uneekor) - Creative Golf\" \/>\n<meta property=\"og:description\" content=\"Golfisimo One Time Purchase\" \/>\n<meta property=\"og:url\" content=\"https:\/\/creativegolf.com\/de\/e-shop\/uneekor-de\/golfisimo-one-time-purchase-uneekor\/\" \/>\n<meta property=\"og:site_name\" content=\"Creative Golf\" \/>\n<meta property=\"article:publisher\" content=\"https:\/\/www.facebook.com\/creativegolf3d\" \/>\n<meta property=\"article:modified_time\" content=\"2025-11-11T14:59:09+00:00\" \/>\n<meta property=\"og:image\" content=\"https:\/\/creativegolf.com\/wp-content\/uploads\/2021\/11\/Product-Golfisimo-2-Uneekor.jpg\" \/>\n\t<meta property=\"og:image:width\" content=\"361\" \/>\n\t<meta property=\"og:image:height\" content=\"481\" \/>\n\t<meta property=\"og:image:type\" content=\"image\/jpeg\" \/>\n<meta name=\"twitter:card\" content=\"summary_large_image\" \/>\n<meta name=\"twitter:site\" content=\"@Creativegolf3D\" \/>\n<meta name=\"twitter:label1\" content=\"Gesch\u00e4tzte Lesezeit\" \/>\n\t<meta name=\"twitter:data1\" content=\"1\u00a0Minute\" \/>\n<script type=\"application\/ld+json\" class=\"yoast-schema-graph\">{\"@context\":\"https:\\\/\\\/schema.org\",\"@graph\":[{\"@type\":\"WebPage\",\"@id\":\"https:\\\/\\\/creativegolf.com\\\/de\\\/e-shop\\\/uneekor-de\\\/golfisimo-one-time-purchase-uneekor\\\/\",\"url\":\"https:\\\/\\\/creativegolf.com\\\/de\\\/e-shop\\\/uneekor-de\\\/golfisimo-one-time-purchase-uneekor\\\/\",\"name\":\"Golfisimo (One Time Purchase - Uneekor) - Creative Golf\",\"isPartOf\":{\"@id\":\"https:\\\/\\\/creativegolf.com\\\/de\\\/#website\"},\"primaryImageOfPage\":{\"@id\":\"https:\\\/\\\/creativegolf.com\\\/de\\\/e-shop\\\/uneekor-de\\\/golfisimo-one-time-purchase-uneekor\\\/#primaryimage\"},\"image\":{\"@id\":\"https:\\\/\\\/creativegolf.com\\\/de\\\/e-shop\\\/uneekor-de\\\/golfisimo-one-time-purchase-uneekor\\\/#primaryimage\"},\"thumbnailUrl\":\"https:\\\/\\\/creativegolf.com\\\/wp-content\\\/uploads\\\/2021\\\/11\\\/Product-Golfisimo-2-Uneekor.jpg\",\"datePublished\":\"2021-11-23T03:43:40+00:00\",\"dateModified\":\"2025-11-11T14:59:09+00:00\",\"breadcrumb\":{\"@id\":\"https:\\\/\\\/creativegolf.com\\\/de\\\/e-shop\\\/uneekor-de\\\/golfisimo-one-time-purchase-uneekor\\\/#breadcrumb\"},\"inLanguage\":\"de\",\"potentialAction\":[{\"@type\":\"ReadAction\",\"target\":[\"https:\\\/\\\/creativegolf.com\\\/de\\\/e-shop\\\/uneekor-de\\\/golfisimo-one-time-purchase-uneekor\\\/\"]}]},{\"@type\":\"ImageObject\",\"inLanguage\":\"de\",\"@id\":\"https:\\\/\\\/creativegolf.com\\\/de\\\/e-shop\\\/uneekor-de\\\/golfisimo-one-time-purchase-uneekor\\\/#primaryimage\",\"url\":\"https:\\\/\\\/creativegolf.com\\\/wp-content\\\/uploads\\\/2021\\\/11\\\/Product-Golfisimo-2-Uneekor.jpg\",\"contentUrl\":\"https:\\\/\\\/creativegolf.com\\\/wp-content\\\/uploads\\\/2021\\\/11\\\/Product-Golfisimo-2-Uneekor.jpg\",\"width\":361,\"height\":481},{\"@type\":\"BreadcrumbList\",\"@id\":\"https:\\\/\\\/creativegolf.com\\\/de\\\/e-shop\\\/uneekor-de\\\/golfisimo-one-time-purchase-uneekor\\\/#breadcrumb\",\"itemListElement\":[{\"@type\":\"ListItem\",\"position\":1,\"name\":\"Home\",\"item\":\"https:\\\/\\\/creativegolf.com\\\/de\\\/home\\\/\"},{\"@type\":\"ListItem\",\"position\":2,\"name\":\"E-shop\",\"item\":\"https:\\\/\\\/creativegolf.com\\\/de\\\/e-shop\\\/\"},{\"@type\":\"ListItem\",\"position\":3,\"name\":\"Golfisimo (One Time Purchase &#8211; Uneekor)\"}]},{\"@type\":\"WebSite\",\"@id\":\"https:\\\/\\\/creativegolf.com\\\/de\\\/#website\",\"url\":\"https:\\\/\\\/creativegolf.com\\\/de\\\/\",\"name\":\"Creative Golf\",\"description\":\"Creative Golf \\\/ Golfisimo\",\"potentialAction\":[{\"@type\":\"SearchAction\",\"target\":{\"@type\":\"EntryPoint\",\"urlTemplate\":\"https:\\\/\\\/creativegolf.com\\\/de\\\/?s={search_term_string}\"},\"query-input\":{\"@type\":\"PropertyValueSpecification\",\"valueRequired\":true,\"valueName\":\"search_term_string\"}}],\"inLanguage\":\"de\"}]}<\/script>\n<!-- \/ Yoast SEO plugin. -->","yoast_head_json":{"title":"Golfisimo (One Time Purchase - Uneekor) - Creative Golf","robots":{"index":"index","follow":"follow","max-snippet":"max-snippet:-1","max-image-preview":"max-image-preview:large","max-video-preview":"max-video-preview:-1"},"canonical":"https:\/\/creativegolf.com\/de\/e-shop\/uneekor-de\/golfisimo-one-time-purchase-uneekor\/","og_locale":"de_DE","og_type":"article","og_title":"Golfisimo (One Time Purchase - Uneekor) - Creative Golf","og_description":"Golfisimo One Time Purchase","og_url":"https:\/\/creativegolf.com\/de\/e-shop\/uneekor-de\/golfisimo-one-time-purchase-uneekor\/","og_site_name":"Creative Golf","article_publisher":"https:\/\/www.facebook.com\/creativegolf3d","article_modified_time":"2025-11-11T14:59:09+00:00","og_image":[{"width":361,"height":481,"url":"https:\/\/creativegolf.com\/wp-content\/uploads\/2021\/11\/Product-Golfisimo-2-Uneekor.jpg","type":"image\/jpeg"}],"twitter_card":"summary_large_image","twitter_site":"@Creativegolf3D","twitter_misc":{"Gesch\u00e4tzte Lesezeit":"1\u00a0Minute"},"schema":{"@context":"https:\/\/schema.org","@graph":[{"@type":"WebPage","@id":"https:\/\/creativegolf.com\/de\/e-shop\/uneekor-de\/golfisimo-one-time-purchase-uneekor\/","url":"https:\/\/creativegolf.com\/de\/e-shop\/uneekor-de\/golfisimo-one-time-purchase-uneekor\/","name":"Golfisimo (One Time Purchase - Uneekor) - Creative Golf","isPartOf":{"@id":"https:\/\/creativegolf.com\/de\/#website"},"primaryImageOfPage":{"@id":"https:\/\/creativegolf.com\/de\/e-shop\/uneekor-de\/golfisimo-one-time-purchase-uneekor\/#primaryimage"},"image":{"@id":"https:\/\/creativegolf.com\/de\/e-shop\/uneekor-de\/golfisimo-one-time-purchase-uneekor\/#primaryimage"},"thumbnailUrl":"https:\/\/creativegolf.com\/wp-content\/uploads\/2021\/11\/Product-Golfisimo-2-Uneekor.jpg","datePublished":"2021-11-23T03:43:40+00:00","dateModified":"2025-11-11T14:59:09+00:00","breadcrumb":{"@id":"https:\/\/creativegolf.com\/de\/e-shop\/uneekor-de\/golfisimo-one-time-purchase-uneekor\/#breadcrumb"},"inLanguage":"de","potentialAction":[{"@type":"ReadAction","target":["https:\/\/creativegolf.com\/de\/e-shop\/uneekor-de\/golfisimo-one-time-purchase-uneekor\/"]}]},{"@type":"ImageObject","inLanguage":"de","@id":"https:\/\/creativegolf.com\/de\/e-shop\/uneekor-de\/golfisimo-one-time-purchase-uneekor\/#primaryimage","url":"https:\/\/creativegolf.com\/wp-content\/uploads\/2021\/11\/Product-Golfisimo-2-Uneekor.jpg","contentUrl":"https:\/\/creativegolf.com\/wp-content\/uploads\/2021\/11\/Product-Golfisimo-2-Uneekor.jpg","width":361,"height":481},{"@type":"BreadcrumbList","@id":"https:\/\/creativegolf.com\/de\/e-shop\/uneekor-de\/golfisimo-one-time-purchase-uneekor\/#breadcrumb","itemListElement":[{"@type":"ListItem","position":1,"name":"Home","item":"https:\/\/creativegolf.com\/de\/home\/"},{"@type":"ListItem","position":2,"name":"E-shop","item":"https:\/\/creativegolf.com\/de\/e-shop\/"},{"@type":"ListItem","position":3,"name":"Golfisimo (One Time Purchase &#8211; Uneekor)"}]},{"@type":"WebSite","@id":"https:\/\/creativegolf.com\/de\/#website","url":"https:\/\/creativegolf.com\/de\/","name":"Creative Golf","description":"Creative Golf \/ Golfisimo","potentialAction":[{"@type":"SearchAction","target":{"@type":"EntryPoint","urlTemplate":"https:\/\/creativegolf.com\/de\/?s={search_term_string}"},"query-input":{"@type":"PropertyValueSpecification","valueRequired":true,"valueName":"search_term_string"}}],"inLanguage":"de"}]}},"_links":{"self":[{"href":"https:\/\/creativegolf.com\/de\/wp-json\/wp\/v2\/product\/248232","targetHints":{"allow":["GET"]}}],"collection":[{"href":"https:\/\/creativegolf.com\/de\/wp-json\/wp\/v2\/product"}],"about":[{"href":"https:\/\/creativegolf.com\/de\/wp-json\/wp\/v2\/types\/product"}],"wp:featuredmedia":[{"embeddable":true,"href":"https:\/\/creativegolf.com\/de\/wp-json\/wp\/v2\/media\/260702"}],"wp:attachment":[{"href":"https:\/\/creativegolf.com\/de\/wp-json\/wp\/v2\/media?parent=248232"}],"wp:term":[{"taxonomy":"product_brand","embeddable":true,"href":"https:\/\/creativegolf.com\/de\/wp-json\/wp\/v2\/product_brand?post=248232"},{"taxonomy":"product_cat","embeddable":true,"href":"https:\/\/creativegolf.com\/de\/wp-json\/wp\/v2\/product_cat?post=248232"},{"taxonomy":"product_tag","embeddable":true,"href":"https:\/\/creativegolf.com\/de\/wp-json\/wp\/v2\/product_tag?post=248232"}],"curies":[{"name":"wp","href":"https:\/\/api.w.org\/{rel}","templated":true}]}}