{"id":258783,"date":"2025-09-30T12:56:50","date_gmt":"2025-09-30T12:56:50","guid":{"rendered":"https:\/\/creativegolf.com\/?post_type=product&#038;p=258783"},"modified":"2025-11-11T21:02:57","modified_gmt":"2025-11-11T21:02:57","slug":"creative-golf-advanced-one-time-purchase-flightscope","status":"publish","type":"product","link":"https:\/\/creativegolf.com\/de\/e-shop\/flightscope-de\/creative-golf-advanced-one-time-purchase-flightscope\/","title":{"rendered":"Creative Golf Advanced (One Time Purchase &#8211; FlightScope)"},"content":{"rendered":"<p>Die Software umfasst mehr als 200 reale Golfpl\u00e4tze, Unterhaltungsgolfpl\u00e4tze f\u00fcr Wettbewerbe und am\u00fcsante Spiele wie Target Golf, Minigolf oder Demolition Golf. Die \u00dcbungsgolfpl\u00e4tze erm\u00f6glichen Ihnen, Ihre Fertigkeiten in Driving Range und sonstigen \u00dcbungsanlagen zu verbessern.<\/p>\n<p>* funktioniert nur auf Windows-PCs<\/p>\n","protected":false},"excerpt":{"rendered":"<h1><strong>Creative Golf Advanced<\/strong><\/h1>\n<p><span class=\"purchase-type-badge-yellow\">One Time Purchase<\/span><\/p>\n","protected":false},"featured_media":260644,"template":"","meta":{"_acf_changed":false,"_et_pb_use_builder":"","_et_pb_old_content":"","_et_gb_content_width":""},"product_brand":[],"product_cat":[109],"product_tag":[],"class_list":{"0":"post-258783","1":"product","2":"type-product","3":"status-publish","4":"has-post-thumbnail","6":"product_cat-flightscope-de","8":"first","9":"instock","10":"virtual","11":"taxable","12":"purchasable","13":"product-type-simple"},"acf":[],"yoast_head":"<!-- This site is optimized with the Yoast SEO plugin v27.4 - https:\/\/yoast.com\/product\/yoast-seo-wordpress\/ -->\n<title>Creative Golf Advanced (One Time Purchase - FlightScope) - Creative Golf<\/title>\n<meta name=\"robots\" content=\"index, follow, max-snippet:-1, max-image-preview:large, max-video-preview:-1\" \/>\n<link rel=\"canonical\" href=\"https:\/\/creativegolf.com\/de\/e-shop\/flightscope-de\/creative-golf-advanced-one-time-purchase-flightscope\/\" \/>\n<meta property=\"og:locale\" content=\"de_DE\" \/>\n<meta property=\"og:type\" content=\"article\" \/>\n<meta property=\"og:title\" content=\"Creative Golf Advanced (One Time Purchase - FlightScope) - Creative Golf\" \/>\n<meta property=\"og:description\" content=\"Creative Golf Advanced One Time Purchase\" \/>\n<meta property=\"og:url\" content=\"https:\/\/creativegolf.com\/de\/e-shop\/flightscope-de\/creative-golf-advanced-one-time-purchase-flightscope\/\" \/>\n<meta property=\"og:site_name\" content=\"Creative Golf\" \/>\n<meta property=\"article:publisher\" content=\"https:\/\/www.facebook.com\/creativegolf3d\" \/>\n<meta property=\"article:modified_time\" content=\"2025-11-11T21:02:57+00:00\" \/>\n<meta property=\"og:image\" content=\"https:\/\/creativegolf.com\/wp-content\/uploads\/2025\/09\/Product-CGA-2-Flightscope.jpg\" \/>\n\t<meta property=\"og:image:width\" content=\"361\" \/>\n\t<meta property=\"og:image:height\" content=\"481\" \/>\n\t<meta property=\"og:image:type\" content=\"image\/jpeg\" \/>\n<meta name=\"twitter:card\" content=\"summary_large_image\" \/>\n<meta name=\"twitter:site\" content=\"@Creativegolf3D\" \/>\n<meta name=\"twitter:label1\" content=\"Gesch\u00e4tzte Lesezeit\" \/>\n\t<meta name=\"twitter:data1\" content=\"1\u00a0Minute\" \/>\n<script type=\"application\/ld+json\" class=\"yoast-schema-graph\">{\"@context\":\"https:\\\/\\\/schema.org\",\"@graph\":[{\"@type\":\"WebPage\",\"@id\":\"https:\\\/\\\/creativegolf.com\\\/de\\\/e-shop\\\/flightscope-de\\\/creative-golf-advanced-one-time-purchase-flightscope\\\/\",\"url\":\"https:\\\/\\\/creativegolf.com\\\/de\\\/e-shop\\\/flightscope-de\\\/creative-golf-advanced-one-time-purchase-flightscope\\\/\",\"name\":\"Creative Golf Advanced (One Time Purchase - FlightScope) - Creative Golf\",\"isPartOf\":{\"@id\":\"https:\\\/\\\/creativegolf.com\\\/de\\\/#website\"},\"primaryImageOfPage\":{\"@id\":\"https:\\\/\\\/creativegolf.com\\\/de\\\/e-shop\\\/flightscope-de\\\/creative-golf-advanced-one-time-purchase-flightscope\\\/#primaryimage\"},\"image\":{\"@id\":\"https:\\\/\\\/creativegolf.com\\\/de\\\/e-shop\\\/flightscope-de\\\/creative-golf-advanced-one-time-purchase-flightscope\\\/#primaryimage\"},\"thumbnailUrl\":\"https:\\\/\\\/creativegolf.com\\\/wp-content\\\/uploads\\\/2025\\\/09\\\/Product-CGA-2-Flightscope.jpg\",\"datePublished\":\"2025-09-30T12:56:50+00:00\",\"dateModified\":\"2025-11-11T21:02:57+00:00\",\"breadcrumb\":{\"@id\":\"https:\\\/\\\/creativegolf.com\\\/de\\\/e-shop\\\/flightscope-de\\\/creative-golf-advanced-one-time-purchase-flightscope\\\/#breadcrumb\"},\"inLanguage\":\"de\",\"potentialAction\":[{\"@type\":\"ReadAction\",\"target\":[\"https:\\\/\\\/creativegolf.com\\\/de\\\/e-shop\\\/flightscope-de\\\/creative-golf-advanced-one-time-purchase-flightscope\\\/\"]}]},{\"@type\":\"ImageObject\",\"inLanguage\":\"de\",\"@id\":\"https:\\\/\\\/creativegolf.com\\\/de\\\/e-shop\\\/flightscope-de\\\/creative-golf-advanced-one-time-purchase-flightscope\\\/#primaryimage\",\"url\":\"https:\\\/\\\/creativegolf.com\\\/wp-content\\\/uploads\\\/2025\\\/09\\\/Product-CGA-2-Flightscope.jpg\",\"contentUrl\":\"https:\\\/\\\/creativegolf.com\\\/wp-content\\\/uploads\\\/2025\\\/09\\\/Product-CGA-2-Flightscope.jpg\",\"width\":361,\"height\":481},{\"@type\":\"BreadcrumbList\",\"@id\":\"https:\\\/\\\/creativegolf.com\\\/de\\\/e-shop\\\/flightscope-de\\\/creative-golf-advanced-one-time-purchase-flightscope\\\/#breadcrumb\",\"itemListElement\":[{\"@type\":\"ListItem\",\"position\":1,\"name\":\"Home\",\"item\":\"https:\\\/\\\/creativegolf.com\\\/de\\\/home\\\/\"},{\"@type\":\"ListItem\",\"position\":2,\"name\":\"E-shop\",\"item\":\"https:\\\/\\\/creativegolf.com\\\/de\\\/e-shop\\\/\"},{\"@type\":\"ListItem\",\"position\":3,\"name\":\"Creative Golf Advanced (One Time Purchase &#8211; FlightScope)\"}]},{\"@type\":\"WebSite\",\"@id\":\"https:\\\/\\\/creativegolf.com\\\/de\\\/#website\",\"url\":\"https:\\\/\\\/creativegolf.com\\\/de\\\/\",\"name\":\"Creative Golf\",\"description\":\"Creative Golf \\\/ Golfisimo\",\"potentialAction\":[{\"@type\":\"SearchAction\",\"target\":{\"@type\":\"EntryPoint\",\"urlTemplate\":\"https:\\\/\\\/creativegolf.com\\\/de\\\/?s={search_term_string}\"},\"query-input\":{\"@type\":\"PropertyValueSpecification\",\"valueRequired\":true,\"valueName\":\"search_term_string\"}}],\"inLanguage\":\"de\"}]}<\/script>\n<!-- \/ Yoast SEO plugin. -->","yoast_head_json":{"title":"Creative Golf Advanced (One Time Purchase - FlightScope) - Creative Golf","robots":{"index":"index","follow":"follow","max-snippet":"max-snippet:-1","max-image-preview":"max-image-preview:large","max-video-preview":"max-video-preview:-1"},"canonical":"https:\/\/creativegolf.com\/de\/e-shop\/flightscope-de\/creative-golf-advanced-one-time-purchase-flightscope\/","og_locale":"de_DE","og_type":"article","og_title":"Creative Golf Advanced (One Time Purchase - FlightScope) - Creative Golf","og_description":"Creative Golf Advanced One Time Purchase","og_url":"https:\/\/creativegolf.com\/de\/e-shop\/flightscope-de\/creative-golf-advanced-one-time-purchase-flightscope\/","og_site_name":"Creative Golf","article_publisher":"https:\/\/www.facebook.com\/creativegolf3d","article_modified_time":"2025-11-11T21:02:57+00:00","og_image":[{"width":361,"height":481,"url":"https:\/\/creativegolf.com\/wp-content\/uploads\/2025\/09\/Product-CGA-2-Flightscope.jpg","type":"image\/jpeg"}],"twitter_card":"summary_large_image","twitter_site":"@Creativegolf3D","twitter_misc":{"Gesch\u00e4tzte Lesezeit":"1\u00a0Minute"},"schema":{"@context":"https:\/\/schema.org","@graph":[{"@type":"WebPage","@id":"https:\/\/creativegolf.com\/de\/e-shop\/flightscope-de\/creative-golf-advanced-one-time-purchase-flightscope\/","url":"https:\/\/creativegolf.com\/de\/e-shop\/flightscope-de\/creative-golf-advanced-one-time-purchase-flightscope\/","name":"Creative Golf Advanced (One Time Purchase - FlightScope) - Creative Golf","isPartOf":{"@id":"https:\/\/creativegolf.com\/de\/#website"},"primaryImageOfPage":{"@id":"https:\/\/creativegolf.com\/de\/e-shop\/flightscope-de\/creative-golf-advanced-one-time-purchase-flightscope\/#primaryimage"},"image":{"@id":"https:\/\/creativegolf.com\/de\/e-shop\/flightscope-de\/creative-golf-advanced-one-time-purchase-flightscope\/#primaryimage"},"thumbnailUrl":"https:\/\/creativegolf.com\/wp-content\/uploads\/2025\/09\/Product-CGA-2-Flightscope.jpg","datePublished":"2025-09-30T12:56:50+00:00","dateModified":"2025-11-11T21:02:57+00:00","breadcrumb":{"@id":"https:\/\/creativegolf.com\/de\/e-shop\/flightscope-de\/creative-golf-advanced-one-time-purchase-flightscope\/#breadcrumb"},"inLanguage":"de","potentialAction":[{"@type":"ReadAction","target":["https:\/\/creativegolf.com\/de\/e-shop\/flightscope-de\/creative-golf-advanced-one-time-purchase-flightscope\/"]}]},{"@type":"ImageObject","inLanguage":"de","@id":"https:\/\/creativegolf.com\/de\/e-shop\/flightscope-de\/creative-golf-advanced-one-time-purchase-flightscope\/#primaryimage","url":"https:\/\/creativegolf.com\/wp-content\/uploads\/2025\/09\/Product-CGA-2-Flightscope.jpg","contentUrl":"https:\/\/creativegolf.com\/wp-content\/uploads\/2025\/09\/Product-CGA-2-Flightscope.jpg","width":361,"height":481},{"@type":"BreadcrumbList","@id":"https:\/\/creativegolf.com\/de\/e-shop\/flightscope-de\/creative-golf-advanced-one-time-purchase-flightscope\/#breadcrumb","itemListElement":[{"@type":"ListItem","position":1,"name":"Home","item":"https:\/\/creativegolf.com\/de\/home\/"},{"@type":"ListItem","position":2,"name":"E-shop","item":"https:\/\/creativegolf.com\/de\/e-shop\/"},{"@type":"ListItem","position":3,"name":"Creative Golf Advanced (One Time Purchase &#8211; FlightScope)"}]},{"@type":"WebSite","@id":"https:\/\/creativegolf.com\/de\/#website","url":"https:\/\/creativegolf.com\/de\/","name":"Creative Golf","description":"Creative Golf \/ Golfisimo","potentialAction":[{"@type":"SearchAction","target":{"@type":"EntryPoint","urlTemplate":"https:\/\/creativegolf.com\/de\/?s={search_term_string}"},"query-input":{"@type":"PropertyValueSpecification","valueRequired":true,"valueName":"search_term_string"}}],"inLanguage":"de"}]}},"_links":{"self":[{"href":"https:\/\/creativegolf.com\/de\/wp-json\/wp\/v2\/product\/258783","targetHints":{"allow":["GET"]}}],"collection":[{"href":"https:\/\/creativegolf.com\/de\/wp-json\/wp\/v2\/product"}],"about":[{"href":"https:\/\/creativegolf.com\/de\/wp-json\/wp\/v2\/types\/product"}],"wp:featuredmedia":[{"embeddable":true,"href":"https:\/\/creativegolf.com\/de\/wp-json\/wp\/v2\/media\/260644"}],"wp:attachment":[{"href":"https:\/\/creativegolf.com\/de\/wp-json\/wp\/v2\/media?parent=258783"}],"wp:term":[{"taxonomy":"product_brand","embeddable":true,"href":"https:\/\/creativegolf.com\/de\/wp-json\/wp\/v2\/product_brand?post=258783"},{"taxonomy":"product_cat","embeddable":true,"href":"https:\/\/creativegolf.com\/de\/wp-json\/wp\/v2\/product_cat?post=258783"},{"taxonomy":"product_tag","embeddable":true,"href":"https:\/\/creativegolf.com\/de\/wp-json\/wp\/v2\/product_tag?post=258783"}],"curies":[{"name":"wp","href":"https:\/\/api.w.org\/{rel}","templated":true}]}}