{"id":245070,"date":"2021-11-15T13:06:09","date_gmt":"2021-11-15T13:06:09","guid":{"rendered":"https:\/\/creative.golf\/obchodne-podmienky\/"},"modified":"2023-04-21T05:29:46","modified_gmt":"2023-04-21T05:29:46","slug":"obchodne-podmienky","status":"publish","type":"page","link":"https:\/\/creativegolf.com\/sk\/obchodne-podmienky\/","title":{"rendered":"Zmluvn\u00e9 podmienky"},"content":{"rendered":"<p>[et_pb_section fb_built=&#8220;1&#8243; _builder_version=&#8220;4.16&#8243; _module_preset=&#8220;3a146351-bb7c-413f-b0a7-12575285084b&#8220; da_disable_devices=&#8220;off|off|off&#8220; global_colors_info=&#8220;{}&#8220; da_is_popup=&#8220;off&#8220; da_exit_intent=&#8220;off&#8220; da_has_close=&#8220;on&#8220; da_alt_close=&#8220;off&#8220; da_dark_close=&#8220;off&#8220; da_not_modal=&#8220;on&#8220; da_is_singular=&#8220;off&#8220; da_with_loader=&#8220;off&#8220; da_has_shadow=&#8220;on&#8220;][et_pb_row _builder_version=&#8220;4.16&#8243; _module_preset=&#8220;default&#8220; custom_padding=&#8220;0px||0px||false|false&#8220; global_colors_info=&#8220;{}&#8220;][et_pb_column type=&#8220;4_4&#8243; _builder_version=&#8220;4.16&#8243; _module_preset=&#8220;default&#8220; global_colors_info=&#8220;{}&#8220;][et_pb_blurb title=&#8220;@ET-DC@eyJkeW5hbWljIjp0cnVlLCJjb250ZW50IjoicG9zdF90aXRsZSIsInNldHRpbmdzIjp7ImJlZm9yZSI6IiIsImFmdGVyIjoiIn19@&#8220; image=&#8220;https:\/\/creativegolf.com\/wp-content\/uploads\/2021\/11\/news.png&#8220; _builder_version=&#8220;4.16&#8243; _dynamic_attributes=&#8220;title&#8220; _module_preset=&#8220;cb171c0e-7902-4492-a502-7080e3457764&#8243; header_font_size_tablet=&#8220;&#8220; header_font_size_phone=&#8220;&#8220; header_font_size_last_edited=&#8220;on|desktop&#8220; global_colors_info=&#8220;{}&#8220;][\/et_pb_blurb][\/et_pb_column][\/et_pb_row][\/et_pb_section][et_pb_section fb_built=&#8220;1&#8243; _builder_version=&#8220;4.16&#8243; _module_preset=&#8220;default&#8220; custom_css_main_element=&#8220;background-image: url(https:\/\/creativegolf.com\/wp-content\/uploads\/2021\/11\/02_header_ciary.png), url(https:\/\/creativegolf.com\/wp-content\/uploads\/2021\/11\/02_footer_ciary.png);||background-size: initial;||  background-position: center top, center bottom;||  background-repeat: no-repeat, no-repeat;&#8220; da_disable_devices=&#8220;off|off|off&#8220; global_colors_info=&#8220;{}&#8220; da_is_popup=&#8220;off&#8220; da_exit_intent=&#8220;off&#8220; da_has_close=&#8220;on&#8220; da_alt_close=&#8220;off&#8220; da_dark_close=&#8220;off&#8220; da_not_modal=&#8220;on&#8220; da_is_singular=&#8220;off&#8220; da_with_loader=&#8220;off&#8220; da_has_shadow=&#8220;on&#8220;][et_pb_row _builder_version=&#8220;4.16&#8243; _module_preset=&#8220;default&#8220; global_colors_info=&#8220;{}&#8220;][et_pb_column type=&#8220;4_4&#8243; _builder_version=&#8220;4.16&#8243; _module_preset=&#8220;default&#8220; global_colors_info=&#8220;{}&#8220;][et_pb_text _builder_version=&#8220;4.20.4&#8243; _module_preset=&#8220;13ec9834-7d2f-4f41-a44d-09a4d4b7edb3&#8243; global_colors_info=&#8220;{}&#8220;]<\/p>\n<h2><span>V\u0161eobecn\u00e9 obchodn\u00e9 podmienky<\/span><\/h2>\n<p>Vitajte na str\u00e1nke creativegolf.com. Ak budete pokra\u010dova\u0165 v prezeran\u00ed a pou\u017e\u00edvan\u00ed t\u00fdchto webov\u00fdch str\u00e1nok, s\u00fahlas\u00edte s dodr\u017eiavan\u00edm nasleduj\u00facich podmienok. Tieto podmienky spolu s na\u0161imi z\u00e1sadami ochrany s\u00fakromia ur\u010duj\u00fa vz\u00e1jomn\u00fd vz\u0165ah medzi creativegolf3d.com a Vami, t\u00fdkaj\u00faci sa t\u00fdchto webov\u00fdch str\u00e1nok.<\/p>\n<p>Pojem &#8222;CG&#8220; alebo &#8222;my&#8220; odkazuje na majite\u013ea webov\u00fdch str\u00e1nok. Term\u00edn &#8222;Vy&#8220; sa vz\u0165ahuje na u\u017e\u00edvate\u013ea, alebo n\u00e1v\u0161tevn\u00edka na\u0161ich webov\u00fdch str\u00e1nok. Pou\u017e\u00edvanie tejto webovej str\u00e1nky je predmetom nasledovn\u00fdch obchodn\u00fdch podmienok:<\/p>\n<ul>\n<li><span>Obsah str\u00e1nok tohto webu je ur\u010den\u00fd iba pre Va\u0161u v\u0161eobecn\u00fa informovanos\u0165. Str\u00e1nky podliehaj\u00fa zmen\u00e1m bez predch\u00e1dzaj\u00faceho upozornenia. <\/span><\/li>\n<li><span>Ani my, ani \u017eiadna tretia strana neposkytuje \u017eiadnu z\u00e1ruku, pokia\u013e ide o presnos\u0165, v\u010dasnos\u0165, v\u00fdkon, kompletnos\u0165, alebo vhodnos\u0165 inform\u00e1ci\u00ed a materi\u00e1lov pon\u00fakan\u00fdch na tejto webovej str\u00e1nke na konkr\u00e9tny \u00fa\u010del. Beriete na vedomie, \u017ee tieto inform\u00e1cie a materi\u00e1ly m\u00f4\u017eu obsahova\u0165 nepresnosti, \u010di chyby a my za ne v rozsahu povolenom z\u00e1konom nepreber\u00e1me zodpovednos\u0165. <\/span><\/li>\n<li><span>Pou\u017e\u00edvanie ak\u00fdchko\u013evek inform\u00e1ci\u00ed, alebo materi\u00e1lov na tejto webovej str\u00e1nke je v\u00fdhradne na Va\u0161e vlastn\u00e9 nebezpe\u010denstvo, za ktor\u00e9 nenesieme zodpovednos\u0165. Je na Va\u0161om rozhodnut\u00ed, \u010di v\u0161etky v\u00fdrobky, slu\u017eby, alebo inform\u00e1cie dostupn\u00e9 prostredn\u00edctvom tejto webovej str\u00e1nky sp\u013a\u0148aj\u00fa Va\u0161e \u0161pecifick\u00e9 po\u017eiadavky. <\/span><\/li>\n<li><span>T\u00e1to webov\u00e1 str\u00e1nka obsahuje materi\u00e1l, ktor\u00fd je v na\u0161om vlastn\u00edctve, alebo v licencovan\u00ed. Okrem in\u00e9ho sa jedn\u00e1 o dizajn, rozlo\u017eenie, vzh\u013ead a grafiku. Reprodukcia inak ako v s\u00falade s autorsk\u00fdm pr\u00e1vam je zak\u00e1zan\u00e1.  <\/span><\/li>\n<li><span>V\u0161etky ochrann\u00e9 zn\u00e1mky vyobrazen\u00e9 na t\u00fdchto webov\u00fdch str\u00e1nkach, ktor\u00e9 nie s\u00fa vo vlastn\u00edctve, alebo licencii prev\u00e1dzkovate\u013ea, s\u00fa priznan\u00e9 na str\u00e1nkach.<\/span><\/li>\n<li><span>Neopr\u00e1vnen\u00e9 pou\u017e\u00edvanie tejto webovej str\u00e1nky m\u00f4\u017ee vies\u0165 k n\u00e1roku na n\u00e1hradu \u0161kody a \/ alebo m\u00f4\u017ee by\u0165 pova\u017eovan\u00e9 za trestn\u00fd \u010din.<\/span><\/li>\n<li><span>T\u00e1to webov\u00e1 str\u00e1nka m\u00f4\u017ee obsahova\u0165 odkazy aj na in\u00e9 webov\u00e9 str\u00e1nky. Tieto str\u00e1nky s\u00fa uv\u00e1dzan\u00e9 pre Va\u0161e pohodlie pri h\u013eadan\u00ed \u010fal\u0161\u00edch inform\u00e1ci\u00ed. Nem\u00e1me \u017eiadnu zodpovednos\u0165 za obsah takto odkazovan\u00fdch webov\u00fdch str\u00e1nok.   <\/span><\/li>\n<li><span>Pou\u017e\u00edvanie tejto webovej str\u00e1nky a v\u0161etky spory vypl\u00fdvaj\u00face z tak\u00e9hoto pou\u017eitia webov\u00fdch str\u00e1nok podlieha slovensk\u00fdm z\u00e1konom.<\/span><\/li>\n<\/ul>\n<h2><span>Licencie<\/span><\/h2>\n<p><span>Program Creative Golf (&#8222;Program&#8220;), ihrisk\u00e1 k nemu poskytovan\u00e9, ak\u00e9ko\u013evek k\u00f3pie, materi\u00e1ly a diela odvoden\u00e9 od programu a ihr\u00edsk s\u00fa chr\u00e1nen\u00e9 autorsk\u00fdmi pr\u00e1vami spolo\u010dnosti Datacrea s.r.o., alebo jej dod\u00e1vate\u013eov. Pou\u017e\u00edvanie Programu sa riadi podmienkami licen\u010dnej zmluvy s koncov\u00fdm u\u017e\u00edvate\u013eom, ktor\u00e1 je uveden\u00e1 ni\u017e\u0161ie (&#8222;Licen\u010dn\u00e1 zmluva&#8220;). Program je ur\u010den\u00fd v\u00fdhradne pre pou\u017e\u00edvanie iba jeho koncov\u00fdmi u\u017e\u00edvate\u013emi v s\u00falade s podmienkami Licen\u010dnej zmluvy. Ak\u00e9ko\u013evek pou\u017e\u00edvanie, reprodukcia alebo op\u00e4tovn\u00fd predaj Programu, ktor\u00fd nie je v s\u00falade s podmienkami licen\u010dnej zmluvy je zak\u00e1zan\u00fd.<\/span><\/p>\n<h4><span>1. Obmedzenie licencie<\/span><\/h4>\n<p><span>Datacrea s.r.o. t\u00fdmto poskytuje in\u0161tal\u00e1ciu Programu a Vy ako u\u017e\u00edvate\u013e akceptujete, pr\u00e1vo in\u0161talova\u0165 a pou\u017e\u00edva\u0165 jednu (1) k\u00f3piu programu pre svoje pou\u017eitie bu\u010f na dom\u00e1com alebo prenosnom po\u010d\u00edta\u010di. Program sa nepred\u00e1va, ude\u013euje sa len licencia na jeho pou\u017e\u00edvanie na dobu neobmedzen\u00fa.<\/span><\/p>\n<h4><span>2. Vlastn\u00edcke pr\u00e1va<\/span><\/h4>\n<p><span>V\u0161etky vlastn\u00edcke pr\u00e1va a pr\u00e1va du\u0161evn\u00e9ho vlastn\u00edctva k Programu a ak\u00fdchko\u013evek jeho k\u00f3pi\u00ed (vr\u00e1tane, ale nie v\u00fdhradne na v\u0161etky tituly, po\u010d\u00edta\u010dov\u00fd k\u00f3d, mot\u00edvy, objekty, postavy, men\u00e1, pr\u00edbehy, dial\u00f3gy, fr\u00e1zy, miesta, koncepty, umeleck\u00e9 diela, anim\u00e1cie, zvuky, hudobn\u00e9 kompoz\u00edcie, audio-vizu\u00e1lne efekty, obslu\u017en\u00e9 met\u00f3dy, hlavn\u00e9 my\u0161lienky a v\u0161etky s\u00favisiace dokument\u00e1cie vlo\u017een\u00e9 v Programe) s\u00fa vo vlastn\u00edctve Datacrea s.r.o, alebo jej poskytovate\u013eov licenci\u00ed. V\u0161etky pr\u00e1va s\u00fa vyhraden\u00e9. <\/span><\/p>\n<h4><span>3. Povinnosti koncov\u00e9ho u\u017e\u00edvate\u013ea<\/span><\/h4>\n<p>A. Nesmiete, v celku ani \u010diasto\u010dne, kop\u00edrova\u0165, fotokop\u00edrova\u0165, reprodukova\u0165, preklada\u0165, vykon\u00e1va\u0165 sp\u00e4tn\u00fa anal\u00fdzu, odvodzova\u0165 zdrojov\u00fd k\u00f3d, upravova\u0165, prev\u00e1dza\u0165 do strojov\u00e9ho k\u00f3du, dekompilova\u0165, vytv\u00e1ra\u0165 odvoden\u00e9 diela zalo\u017een\u00e9 na programe, alebo odstr\u00e1ni\u0165 logo alebo zna\u010dku majite\u013ea Programu bez predch\u00e1dzaj\u00faceho p\u00edsomn\u00e9ho s\u00fahlasu spolo\u010dnosti Datacrea s.r.o.<\/p>\n<p>B. Program je licencovan\u00fd ako ucelen\u00fd produkt. Jeho komponenty a \u010dasti m\u00f4\u017eu by\u0165 pou\u017e\u00edvan\u00e9 iba na jednom po\u010d\u00edta\u010di. <\/p>\n<p>C. Ste opr\u00e1vnen\u00fd(\u00e1) pou\u017e\u00edva\u0165 program pre vlastn\u00e9 pou\u017eitie, <span>ale<\/span> <span>nie ste opr\u00e1vnen\u00fd(\u00e1)<\/span> <\/p>\n<p>darova\u0165, pred\u00e1va\u0165 \u010di prenaj\u00edma\u0165 program,<\/p>\n<p><span>ani jeho z\u00e1lo\u017en\u00e9 k\u00f3pie in\u00fdm stran\u00e1m bez predch\u00e1dzaj\u00faceho p\u00edsomn\u00e9ho s\u00fahlasu spolo\u010dnosti Datacrea s.r.o.<\/span><\/p>\n<h4><span>4. Ukon\u010denie zmluvy<\/span><\/h4>\n<p><span>T\u00e1to Licen\u010dn\u00e1 zmluva je platn\u00e1 a\u017e do jej ukon\u010denia. M\u00f4\u017eete ukon\u010di\u0165 Licen\u010dn\u00fa zmluvu kedyko\u013evek vymazan\u00edm programu a v\u0161etk\u00fdch jeho d\u00e1t. Datacrea s.r.o. m\u00f4\u017ee, pod\u013ea svojho uv\u00e1\u017eenia, ukon\u010di\u0165 t\u00fato Licen\u010dn\u00fa zmluvu v pr\u00edpade, ak nedodr\u017e\u00edte jej ustanovenia. V tom pr\u00edpade ste povinn\u00fd(\u00e1) okam\u017eite vymaza\u0165 Program a jeho d\u00e1ta zo svojho po\u010d\u00edta\u010da.<\/span><\/p>\n<h4><span>5. Obmedzenie z\u00e1ruky<\/span><\/h4>\n<p><span>Datacrea s.r.o. neposkytuje z\u00e1ruku na Program. Program je poskytovan\u00fd, bez z\u00e1ruky ak\u00e9hoko\u013evek druhu.<\/span><\/p>\n<p>Preber\u00e1te t\u00fdmto riziko vypl\u00fdvaj\u00face z pou\u017e\u00edvania programu na nevhodnom, alebo nedostato\u010dnom hardware.<\/p>\n<h4><span>6. Obmedzenie zodpovednosti<\/span><\/h4>\n<p><span>DATACREA s.r.o. NIE JE ZODPOVEDN\u00c1 ZA STRATU, ALEBO \u0160KODY AK\u00c9HOKO\u013dVEK DRUHU, KTOR\u00c9 VYPL\u00ddVAJ\u00da Z POU\u017d\u00cdVANIA TOHOTO PROGRAMU, VR\u00c1TANE, ALE NIE V\u00ddHRADNE ZA STRATU DOBR\u00c9HO MENA, PRERU\u0160ENIE PR\u00c1CE, PORUCHU PO\u010c\u00cdTA\u010cOV, ALEBO AK\u00ddCHKO\u013dVEK A V\u0160ETK\u00ddCH OSTATN\u00ddCH EKONOMICK\u00ddCH \u0160K\u00d4D, ALEBO STR\u00c1T. T\u00fdmto beriem na vedomie, \u017ee som si pre\u010d\u00edtal a pochopil vy\u0161\u0161ie uveden\u00fa Licen\u010dn\u00fa zmluvu a s\u00fahlas\u00edm, \u017ee aktom in\u0161tal\u00e1cie programu som viazan\u00fd podmienkami licen\u010dnej zmluvy obsiahnut\u00fdmi v tomto dokumente. Beriem tie\u017e na vedomie a s\u00fahlas\u00edm s t\u00fdm, \u017ee t\u00e1to Licen\u010dn\u00e1 zmluva je \u00fapln\u00e9 a v\u00fdhradn\u00e9 vyjadrenie dohody medzi firmou Datacrea s.r.o. a mnou, a \u017ee Licen\u010dn\u00e1 zmluva nahr\u00e1dza v\u0161etky predch\u00e1dzaj\u00face alebo s\u00fa\u010dasn\u00e9 dohody t\u00fdkaj\u00face sa Programu a to bu\u010f \u00fastn\u00e9 alebo p\u00edsomn\u00e9 medzi firmou Datacrea s.r.o. a mnou.<\/span><\/p>\n<h2>Delivery<\/h2>\n<p><span>Dod\u00e1vka softv\u00e9ru Creative Golf a golfov\u00fdch ihr\u00edsk v dodato\u010dn\u00fdch setoch je realizovan\u00e1 prostredn\u00edctvom spolo\u010dnosti, ktorej zariadenie m\u00e1te zak\u00fapen\u00e9.<br \/><\/span><\/p>\n<p><span>Zak\u00fapi\u0165 softv\u00e9r Creative Golf alebo golfov\u00e9 ihrisk\u00e1 v dodato\u010dn\u00fdch setoch priamo od spolo\u010dnosti Datacrea, s.r.o. nie je mo\u017en\u00e9.<br \/><\/span><\/p>\n<h2>Reklam\u00e1cie a z\u00e1ruka<\/h2>\n<p><span>Reklam\u00e1cia ani z\u00e1ruka sa nevz\u0165ahuje na samotn\u00fa hru, teda na program ani na jednotliv\u00e9 ihrisk\u00e1 stiahnute\u013en\u00e9 cez internet.<\/span><\/p>\n<p>[\/et_pb_text][\/et_pb_column][\/et_pb_row][\/et_pb_section]<\/p>\n","protected":false},"excerpt":{"rendered":"<p>V\u0161eobecn\u00e9 obchodn\u00e9 podmienky Vitajte na str\u00e1nke creativegolf.com. Ak budete pokra\u010dova\u0165 v prezeran\u00ed a pou\u017e\u00edvan\u00ed t\u00fdchto webov\u00fdch str\u00e1nok, s\u00fahlas\u00edte s dodr\u017eiavan\u00edm nasleduj\u00facich podmienok. Tieto podmienky spolu s na\u0161imi z\u00e1sadami ochrany s\u00fakromia ur\u010duj\u00fa vz\u00e1jomn\u00fd vz\u0165ah medzi creativegolf3d.com a Vami, t\u00fdkaj\u00faci sa t\u00fdchto webov\u00fdch str\u00e1nok. Pojem &#8222;CG&#8220; alebo &#8222;my&#8220; odkazuje na majite\u013ea webov\u00fdch str\u00e1nok. Term\u00edn &#8222;Vy&#8220; sa vz\u0165ahuje [&hellip;]<\/p>\n","protected":false},"author":1,"featured_media":0,"parent":0,"menu_order":0,"comment_status":"closed","ping_status":"closed","template":"","meta":{"_acf_changed":false,"_et_pb_use_builder":"on","_et_pb_old_content":"","_et_gb_content_width":"","footnotes":""},"class_list":["post-245070","page","type-page","status-publish","hentry"],"acf":[],"yoast_head":"<!-- This site is optimized with the Yoast SEO plugin v27.4 - https:\/\/yoast.com\/product\/yoast-seo-wordpress\/ -->\n<title>Zmluvn\u00e9 podmienky - Creative Golf<\/title>\n<meta name=\"robots\" content=\"index, follow, max-snippet:-1, max-image-preview:large, max-video-preview:-1\" \/>\n<link rel=\"canonical\" href=\"https:\/\/creativegolf.com\/sk\/obchodne-podmienky\/\" \/>\n<meta property=\"og:locale\" content=\"sk_SK\" \/>\n<meta property=\"og:type\" content=\"article\" \/>\n<meta property=\"og:title\" content=\"Zmluvn\u00e9 podmienky - Creative Golf\" \/>\n<meta property=\"og:description\" content=\"V\u0161eobecn\u00e9 obchodn\u00e9 podmienky Vitajte na str\u00e1nke creativegolf.com. Ak budete pokra\u010dova\u0165 v prezeran\u00ed a pou\u017e\u00edvan\u00ed t\u00fdchto webov\u00fdch str\u00e1nok, s\u00fahlas\u00edte s dodr\u017eiavan\u00edm nasleduj\u00facich podmienok. Tieto podmienky spolu s na\u0161imi z\u00e1sadami ochrany s\u00fakromia ur\u010duj\u00fa vz\u00e1jomn\u00fd vz\u0165ah medzi creativegolf3d.com a Vami, t\u00fdkaj\u00faci sa t\u00fdchto webov\u00fdch str\u00e1nok. Pojem &quot;CG&quot; alebo &quot;my&quot; odkazuje na majite\u013ea webov\u00fdch str\u00e1nok. Term\u00edn &quot;Vy&quot; sa vz\u0165ahuje [&hellip;]\" \/>\n<meta property=\"og:url\" content=\"https:\/\/creativegolf.com\/sk\/obchodne-podmienky\/\" \/>\n<meta property=\"og:site_name\" content=\"Creative Golf\" \/>\n<meta property=\"article:publisher\" content=\"https:\/\/www.facebook.com\/creativegolf3d\" \/>\n<meta property=\"article:modified_time\" content=\"2023-04-21T05:29:46+00:00\" \/>\n<meta name=\"twitter:card\" content=\"summary_large_image\" \/>\n<meta name=\"twitter:site\" content=\"@Creativegolf3D\" \/>\n<meta name=\"twitter:label1\" content=\"Predpokladan\u00fd \u010das \u010d\u00edtania\" \/>\n\t<meta name=\"twitter:data1\" content=\"8 min\u00fat\" \/>\n<script type=\"application\/ld+json\" class=\"yoast-schema-graph\">{\"@context\":\"https:\\\/\\\/schema.org\",\"@graph\":[{\"@type\":\"WebPage\",\"@id\":\"https:\\\/\\\/creativegolf.com\\\/sk\\\/obchodne-podmienky\\\/\",\"url\":\"https:\\\/\\\/creativegolf.com\\\/sk\\\/obchodne-podmienky\\\/\",\"name\":\"Zmluvn\u00e9 podmienky - Creative Golf\",\"isPartOf\":{\"@id\":\"https:\\\/\\\/creativegolf.com\\\/sk\\\/#website\"},\"datePublished\":\"2021-11-15T13:06:09+00:00\",\"dateModified\":\"2023-04-21T05:29:46+00:00\",\"breadcrumb\":{\"@id\":\"https:\\\/\\\/creativegolf.com\\\/sk\\\/obchodne-podmienky\\\/#breadcrumb\"},\"inLanguage\":\"sk-SK\",\"potentialAction\":[{\"@type\":\"ReadAction\",\"target\":[\"https:\\\/\\\/creativegolf.com\\\/sk\\\/obchodne-podmienky\\\/\"]}]},{\"@type\":\"BreadcrumbList\",\"@id\":\"https:\\\/\\\/creativegolf.com\\\/sk\\\/obchodne-podmienky\\\/#breadcrumb\",\"itemListElement\":[{\"@type\":\"ListItem\",\"position\":1,\"name\":\"Home\",\"item\":\"https:\\\/\\\/creativegolf.com\\\/sk\\\/domov\\\/\"},{\"@type\":\"ListItem\",\"position\":2,\"name\":\"Zmluvn\u00e9 podmienky\"}]},{\"@type\":\"WebSite\",\"@id\":\"https:\\\/\\\/creativegolf.com\\\/sk\\\/#website\",\"url\":\"https:\\\/\\\/creativegolf.com\\\/sk\\\/\",\"name\":\"Creative Golf\",\"description\":\"Creative Golf \\\/ Golfisimo\",\"potentialAction\":[{\"@type\":\"SearchAction\",\"target\":{\"@type\":\"EntryPoint\",\"urlTemplate\":\"https:\\\/\\\/creativegolf.com\\\/sk\\\/?s={search_term_string}\"},\"query-input\":{\"@type\":\"PropertyValueSpecification\",\"valueRequired\":true,\"valueName\":\"search_term_string\"}}],\"inLanguage\":\"sk-SK\"}]}<\/script>\n<!-- \/ Yoast SEO plugin. -->","yoast_head_json":{"title":"Zmluvn\u00e9 podmienky - Creative Golf","robots":{"index":"index","follow":"follow","max-snippet":"max-snippet:-1","max-image-preview":"max-image-preview:large","max-video-preview":"max-video-preview:-1"},"canonical":"https:\/\/creativegolf.com\/sk\/obchodne-podmienky\/","og_locale":"sk_SK","og_type":"article","og_title":"Zmluvn\u00e9 podmienky - Creative Golf","og_description":"V\u0161eobecn\u00e9 obchodn\u00e9 podmienky Vitajte na str\u00e1nke creativegolf.com. Ak budete pokra\u010dova\u0165 v prezeran\u00ed a pou\u017e\u00edvan\u00ed t\u00fdchto webov\u00fdch str\u00e1nok, s\u00fahlas\u00edte s dodr\u017eiavan\u00edm nasleduj\u00facich podmienok. Tieto podmienky spolu s na\u0161imi z\u00e1sadami ochrany s\u00fakromia ur\u010duj\u00fa vz\u00e1jomn\u00fd vz\u0165ah medzi creativegolf3d.com a Vami, t\u00fdkaj\u00faci sa t\u00fdchto webov\u00fdch str\u00e1nok. Pojem \"CG\" alebo \"my\" odkazuje na majite\u013ea webov\u00fdch str\u00e1nok. Term\u00edn \"Vy\" sa vz\u0165ahuje [&hellip;]","og_url":"https:\/\/creativegolf.com\/sk\/obchodne-podmienky\/","og_site_name":"Creative Golf","article_publisher":"https:\/\/www.facebook.com\/creativegolf3d","article_modified_time":"2023-04-21T05:29:46+00:00","twitter_card":"summary_large_image","twitter_site":"@Creativegolf3D","twitter_misc":{"Predpokladan\u00fd \u010das \u010d\u00edtania":"8 min\u00fat"},"schema":{"@context":"https:\/\/schema.org","@graph":[{"@type":"WebPage","@id":"https:\/\/creativegolf.com\/sk\/obchodne-podmienky\/","url":"https:\/\/creativegolf.com\/sk\/obchodne-podmienky\/","name":"Zmluvn\u00e9 podmienky - Creative Golf","isPartOf":{"@id":"https:\/\/creativegolf.com\/sk\/#website"},"datePublished":"2021-11-15T13:06:09+00:00","dateModified":"2023-04-21T05:29:46+00:00","breadcrumb":{"@id":"https:\/\/creativegolf.com\/sk\/obchodne-podmienky\/#breadcrumb"},"inLanguage":"sk-SK","potentialAction":[{"@type":"ReadAction","target":["https:\/\/creativegolf.com\/sk\/obchodne-podmienky\/"]}]},{"@type":"BreadcrumbList","@id":"https:\/\/creativegolf.com\/sk\/obchodne-podmienky\/#breadcrumb","itemListElement":[{"@type":"ListItem","position":1,"name":"Home","item":"https:\/\/creativegolf.com\/sk\/domov\/"},{"@type":"ListItem","position":2,"name":"Zmluvn\u00e9 podmienky"}]},{"@type":"WebSite","@id":"https:\/\/creativegolf.com\/sk\/#website","url":"https:\/\/creativegolf.com\/sk\/","name":"Creative Golf","description":"Creative Golf \/ Golfisimo","potentialAction":[{"@type":"SearchAction","target":{"@type":"EntryPoint","urlTemplate":"https:\/\/creativegolf.com\/sk\/?s={search_term_string}"},"query-input":{"@type":"PropertyValueSpecification","valueRequired":true,"valueName":"search_term_string"}}],"inLanguage":"sk-SK"}]}},"_links":{"self":[{"href":"https:\/\/creativegolf.com\/sk\/wp-json\/wp\/v2\/pages\/245070","targetHints":{"allow":["GET"]}}],"collection":[{"href":"https:\/\/creativegolf.com\/sk\/wp-json\/wp\/v2\/pages"}],"about":[{"href":"https:\/\/creativegolf.com\/sk\/wp-json\/wp\/v2\/types\/page"}],"author":[{"embeddable":true,"href":"https:\/\/creativegolf.com\/sk\/wp-json\/wp\/v2\/users\/1"}],"replies":[{"embeddable":true,"href":"https:\/\/creativegolf.com\/sk\/wp-json\/wp\/v2\/comments?post=245070"}],"version-history":[{"count":25,"href":"https:\/\/creativegolf.com\/sk\/wp-json\/wp\/v2\/pages\/245070\/revisions"}],"predecessor-version":[{"id":248714,"href":"https:\/\/creativegolf.com\/sk\/wp-json\/wp\/v2\/pages\/245070\/revisions\/248714"}],"wp:attachment":[{"href":"https:\/\/creativegolf.com\/sk\/wp-json\/wp\/v2\/media?parent=245070"}],"curies":[{"name":"wp","href":"https:\/\/api.w.org\/{rel}","templated":true}]}}