{"id":245078,"date":"2021-11-02T17:27:10","date_gmt":"2021-11-02T17:27:10","guid":{"rendered":"https:\/\/creative.golf\/privacy-policy\/"},"modified":"2023-04-21T05:45:44","modified_gmt":"2023-04-21T05:45:44","slug":"ochrana-osobnych-udajov","status":"publish","type":"page","link":"https:\/\/creativegolf.com\/sk\/ochrana-osobnych-udajov\/","title":{"rendered":"Ochrana osobn\u00fdch \u00fadajov"},"content":{"rendered":"<p>[et_pb_section fb_built=&#8220;1&#8243; _builder_version=&#8220;4.16&#8243; _module_preset=&#8220;3a146351-bb7c-413f-b0a7-12575285084b&#8220; da_disable_devices=&#8220;off|off|off&#8220; global_colors_info=&#8220;{}&#8220; da_is_popup=&#8220;off&#8220; da_exit_intent=&#8220;off&#8220; da_has_close=&#8220;on&#8220; da_alt_close=&#8220;off&#8220; da_dark_close=&#8220;off&#8220; da_not_modal=&#8220;on&#8220; da_is_singular=&#8220;off&#8220; da_with_loader=&#8220;off&#8220; da_has_shadow=&#8220;on&#8220;][et_pb_row _builder_version=&#8220;4.16&#8243; _module_preset=&#8220;default&#8220; custom_padding=&#8220;0px||0px||false|false&#8220; global_colors_info=&#8220;{}&#8220;][et_pb_column type=&#8220;4_4&#8243; _builder_version=&#8220;4.16&#8243; _module_preset=&#8220;default&#8220; global_colors_info=&#8220;{}&#8220;][et_pb_blurb title=&#8220;@ET-DC@eyJkeW5hbWljIjp0cnVlLCJjb250ZW50IjoicG9zdF90aXRsZSIsInNldHRpbmdzIjp7ImJlZm9yZSI6IiIsImFmdGVyIjoiIn19@&#8220; image=&#8220;https:\/\/creativegolf.com\/wp-content\/uploads\/2021\/11\/news.png&#8220; _builder_version=&#8220;4.16&#8243; _dynamic_attributes=&#8220;title&#8220; _module_preset=&#8220;cb171c0e-7902-4492-a502-7080e3457764&#8243; global_colors_info=&#8220;{}&#8220;][\/et_pb_blurb][\/et_pb_column][\/et_pb_row][\/et_pb_section][et_pb_section fb_built=&#8220;1&#8243; _builder_version=&#8220;4.16&#8243; _module_preset=&#8220;default&#8220; custom_css_main_element=&#8220;background-image: url(https:\/\/creativegolf.com\/wp-content\/uploads\/2021\/11\/02_header_ciary.png), url(https:\/\/creativegolf.com\/wp-content\/uploads\/2021\/11\/02_footer_ciary.png);||background-size: initial;||  background-position: center top, center bottom;||  background-repeat: no-repeat, no-repeat;&#8220; da_disable_devices=&#8220;off|off|off&#8220; global_colors_info=&#8220;{}&#8220; da_is_popup=&#8220;off&#8220; da_exit_intent=&#8220;off&#8220; da_has_close=&#8220;on&#8220; da_alt_close=&#8220;off&#8220; da_dark_close=&#8220;off&#8220; da_not_modal=&#8220;on&#8220; da_is_singular=&#8220;off&#8220; da_with_loader=&#8220;off&#8220; da_has_shadow=&#8220;on&#8220;][et_pb_row _builder_version=&#8220;4.16&#8243; _module_preset=&#8220;default&#8220; global_colors_info=&#8220;{}&#8220;][et_pb_column type=&#8220;4_4&#8243; _builder_version=&#8220;4.16&#8243; _module_preset=&#8220;default&#8220; global_colors_info=&#8220;{}&#8220;][et_pb_text _builder_version=&#8220;4.16&#8243; _module_preset=&#8220;13ec9834-7d2f-4f41-a44d-09a4d4b7edb3&#8243; global_colors_info=&#8220;{}&#8220;]<\/p>\n<h2>1. Identifika\u010dn\u00e9 \u00fadaje<\/h2>\n<p>Prev\u00e1dzkovate\u013eom osobn\u00fdch \u00fadajov je:<br \/><strong>Obchodn\u00e9 meno:<\/strong><span> <\/span>DATAcrea s.r.o.<br \/><strong>S\u00eddlo:<\/strong><span> <\/span>Slovenskej jednoty 10<br \/><strong>I\u010cO:<\/strong><span> <\/span>36211931<br \/><strong>\u0160tatut\u00e1rny org\u00e1n:<\/strong> Ing. Alexander Timko<br \/><strong>Zap\u00edsan\u00fd v:<\/strong><span> <\/span>Okresn\u00fd s\u00fad Ko\u0161ice I, Oddiel Sro, Vlo\u017eka \u010d\u00edslo 13030\/V<\/p>\n<p>(\u010falej \u201ePrev\u00e1dzkovate\u013e\u201c)<\/p>\n<p>&nbsp;<\/p>\n<h2>2. Zoznam osobn\u00fdch \u00fadajov, \u00fa\u010del sprac\u00favania osobn\u00fdch \u00fadajov a kateg\u00f3ria osobn\u00fdch \u00fadajov<\/h2>\n<p>Prev\u00e1dzkovate\u013e sprac\u00fava osobn\u00e9 \u00fadaje:<\/p>\n<table border=\"0\">\n<tbody>\n<tr>\n<td><strong>N\u00e1zov osobn\u00e9ho \u00fadaju<\/strong><\/td>\n<td><strong>Kateg\u00f3ria osobn\u00fdch \u00fadajov<\/strong><\/td>\n<\/tr>\n<tr>\n<td>Nickname<\/td>\n<td>Be\u017en\u00fd osobn\u00fd \u00fadaj<\/td>\n<\/tr>\n<tr>\n<td>Meno a priezvisko<\/td>\n<td>Be\u017en\u00fd osobn\u00fd \u00fadaj<\/td>\n<\/tr>\n<tr>\n<td>E-mail<\/td>\n<td>Be\u017en\u00fd osobn\u00fd \u00fadaj<\/td>\n<\/tr>\n<tr>\n<td>\u0160t\u00e1tna pr\u00edslu\u0161nos\u0165<\/td>\n<td>Be\u017en\u00fd osobn\u00fd \u00fadaj<\/td>\n<\/tr>\n<tr>\n<td>Vek<\/td>\n<td>Be\u017en\u00fd osobn\u00fd \u00fadaj<\/td>\n<\/tr>\n<tr>\n<td>Pohlavie<\/td>\n<td>Be\u017en\u00fd osobn\u00fd \u00fadaj<\/td>\n<\/tr>\n<tr>\n<td>Tee<\/td>\n<td>Be\u017en\u00fd osobn\u00fd \u00fadaj<\/td>\n<\/tr>\n<tr>\n<td>Handicap<\/td>\n<td>Be\u017en\u00fd osobn\u00fd \u00fadaj<\/td>\n<\/tr>\n<tr>\n<td>\u013davorukos\u0165 &#8211; pravorukos\u0165<\/td>\n<td>Be\u017en\u00fd osobn\u00fd \u00fadaj<\/td>\n<\/tr>\n<\/tbody>\n<\/table>\n<p>&nbsp;<\/p>\n<p>Prev\u00e1dzkovate\u013e sprac\u00fava osobn\u00e9 \u00fadaje v obsahu a forme v akej bud\u00fa osobn\u00e9 \u00fadaje poskytnut\u00e9 prev\u00e1dzkovate\u013eovi na internetovej str\u00e1nke <a href=\"http:\/\/www.creativegolf.com\">www.creativegolf.com<\/a> a v softv\u00e9ri Creative Golf.<\/p>\n<p>&nbsp;<\/p>\n<h2>3. Pr\u00e1vny z\u00e1klad sprac\u00favania osobn\u00fdch \u00fadajov<\/h2>\n<p>Pr\u00e1vny z\u00e1klad sprac\u00favania osobn\u00fdch \u00fadajov je V\u00e1\u0161 s\u00fahlas so spracovan\u00edm osobn\u00fdch \u00fadajov.<\/p>\n<p>&nbsp;<\/p>\n<h2>4. Dobrovo\u013enos\u0165 poskytnutia osobn\u00fdch \u00fadajov<\/h2>\n<ol>\n<li>Prev\u00e1dzkovate\u013e z\u00edskava osobn\u00e9 \u00fadaje od dotknut\u00fdch os\u00f4b v rozsahu potrebnom na vytvorenie kontaktu.<\/li>\n<li>Fyzick\u00e1 osoba poskytuje tieto osobn\u00e9 \u00fadaje prev\u00e1dzkovate\u013eovi dobrovo\u013ene.<\/li>\n<\/ol>\n<p>&nbsp;<\/p>\n<h2>5. Doba uchov\u00e1vania osobn\u00fdch \u00fadajov<\/h2>\n<p>Osobn\u00e9 \u00fadaje sa uchov\u00e1vaj\u00fa na dobu neur\u010dit\u00fa.<\/p>\n<p>&nbsp;<\/p>\n<h2>6. Pou\u010denie o pr\u00e1vach dotknutej osoby<\/h2>\n<ol>\n<li>Dotknut\u00e1 osoba ma pr\u00e1vo na z\u00e1klade p\u00edsomnej \u017eiadosti ktor\u00e1 bude zaslan\u00e1 elektronickou po\u0161tou alebo listovou z\u00e1sielkou:<\/li>\n<ol>\n<li>vy\u017eadova\u0165 od prev\u00e1dzkovate\u013ea potvrdenie, \u010di s\u00fa alebo nie s\u00fa osobn\u00e9 \u00fadaje o nej sprac\u00favan\u00e9,<\/li>\n<li>po\u017eadova\u0165 zoznam jej osobn\u00fdch \u00fadajov, ktor\u00e9 s\u00fa predmetom sprac\u00favania,<\/li>\n<li>po\u017eiada\u0165 o opravu svojich osobn\u00fdch \u00fadajov, ktor\u00e9 s\u00fa predmetom sprac\u00favania,<\/li>\n<li>po\u017eadova\u0165 v\u00fdmaz svojich osobn\u00fdch \u00fadajov,<\/li>\n<li>\u017eiada\u0165 o obmedzenie sprac\u00favania jej osobn\u00fdch \u00fadajov,<\/li>\n<li>namieta\u0165 sprac\u00favanie osobn\u00fdch \u00fadajov,<\/li>\n<li>po\u017eiada\u0165 o prenos osobn\u00fdch \u00fadajov,<\/li>\n<li>mo\u017enos\u0165 kedyko\u013evek svoj s\u00fahlas odvola\u0165<\/li>\n<\/ol>\n<li>Dotknut\u00e1 osoba pri podozren\u00ed, \u017ee jej osobn\u00e9 \u00fadaje sa neopr\u00e1vnene sprac\u00favaj\u00fa, m\u00f4\u017ee poda\u0165 \u00faradu n\u00e1vrh na za\u010datie konania o ochrane osobn\u00fdch \u00fadajov.<\/li>\n<li>Ak dotknut\u00e1 osoba nem\u00e1 sp\u00f4sobilos\u0165 na pr\u00e1vne \u00fakony v plnom rozsahu, jej pr\u00e1va m\u00f4\u017ee uplatni\u0165 z\u00e1konn\u00fd z\u00e1stupca.<\/li>\n<li>Ak dotknut\u00e1 osoba ne\u017eije, jej pr\u00e1va, ktor\u00e9 mala pod\u013ea tohto z\u00e1kona, m\u00f4\u017ee uplatni\u0165 bl\u00edzka osoba.<\/li>\n<\/ol>\n<p>&nbsp;<\/p>\n<h2>7. Ml\u010danlivos\u0165<\/h2>\n<p>Prev\u00e1dzkovate\u013e zachov\u00e1va ml\u010danlivos\u0165 o osobn\u00fdch \u00fadajoch, ktor\u00e9 sprac\u00fava. Jeho ml\u010danlivos\u0165 trv\u00e1 aj po ukon\u010den\u00ed sprac\u00favania osobn\u00fdch \u00fadajov.<\/p>\n<p>&nbsp;<\/p>\n<h2>8. Zverejnenie osobn\u00fdch \u00fadajov<\/h2>\n<p>Prev\u00e1dzkovate\u013e nezverej\u0148uje osobn\u00e9 \u00fadaje.<\/p>\n<p>&nbsp;<\/p>\n<h2>9. Pravdivos\u0165, spr\u00e1vnos\u0165 a aktu\u00e1lnos\u0165 osobn\u00fdch \u00fadajov<\/h2>\n<p><span>Za pravdivos\u0165 osobn\u00fdch \u00fadajov poskytnut\u00fdch prev\u00e1dzkovate\u013eovi zodpoved\u00e1 osoba, ktor\u00e1 tieto osobn\u00e9 \u00fadaje poskytla.<\/span><\/p>\n<p>&nbsp;<\/p>\n<h2>10. Pravidl\u00e1 ochrany s\u00fakromia v mobiln\u00fdch aplik\u00e1ci\u00e1ch<\/h2>\n<p><strong>Location (Poloha) <br \/><\/strong> Povolenie pr\u00edstupu k polohe je nepovinn\u00e9, bez neho v\u0161ak nie je mo\u017en\u00e9 vyu\u017e\u00edva\u0165 funkcie:<\/p>\n<ul>\n<li>zobrazenie polohy na greene vzh\u013eadom na polohu zariadenia,<\/li>\n<li>zobrazenie cesty k ihrisku vzh\u013eadom na polohu zariadenia.<\/li>\n<\/ul>\n<p><strong>Storage (Ukladac\u00ed priestor)<\/strong><br \/>Povolenie pr\u00edstupu k ukladaciemu priestoru je nepovinn\u00e9, bez neho v\u0161ak nie je mo\u017en\u00e9 vyu\u017e\u00edva\u0165 funkcie:<\/p>\n<ul>\n<li>ulo\u017eenie skorkarty pre pou\u017eitie mimo aplik\u00e1cie, napr. Odoslanie emailom,<\/li>\n<li>ulo\u017eenie (reklamn\u00fdch) obr\u00e1zkov.<\/li>\n<\/ul>\n<p><strong>Telephone (Telef\u00f3n) <br \/><\/strong> Povolenie pr\u00edstupu k telefonu je nepovinn\u00e9, bez neho v\u0161ak nie je mo\u017en\u00e9 vyu\u017e\u00edva\u0165 funkcie:<\/p>\n<ul>\n<li>telefonicky kontaktova\u0165 recepciu (kontaktn\u00fa osobu) ihriska priamo z aplik\u00e1cie.<\/li>\n<\/ul>\n<p>[\/et_pb_text][\/et_pb_column][\/et_pb_row][\/et_pb_section]<\/p>\n","protected":false},"excerpt":{"rendered":"<p>1. Identifika\u010dn\u00e9 \u00fadaje Prev\u00e1dzkovate\u013eom osobn\u00fdch \u00fadajov je:Obchodn\u00e9 meno: DATAcrea s.r.o.S\u00eddlo: Slovenskej jednoty 10I\u010cO: 36211931\u0160tatut\u00e1rny org\u00e1n: Ing. Alexander TimkoZap\u00edsan\u00fd v: Okresn\u00fd s\u00fad Ko\u0161ice I, Oddiel Sro, Vlo\u017eka \u010d\u00edslo 13030\/V (\u010falej \u201ePrev\u00e1dzkovate\u013e\u201c) &nbsp; 2. Zoznam osobn\u00fdch \u00fadajov, \u00fa\u010del sprac\u00favania osobn\u00fdch \u00fadajov a kateg\u00f3ria osobn\u00fdch \u00fadajov Prev\u00e1dzkovate\u013e sprac\u00fava osobn\u00e9 \u00fadaje: N\u00e1zov osobn\u00e9ho \u00fadaju Kateg\u00f3ria osobn\u00fdch \u00fadajov Nickname Be\u017en\u00fd [&hellip;]<\/p>\n","protected":false},"author":1,"featured_media":0,"parent":0,"menu_order":0,"comment_status":"closed","ping_status":"open","template":"","meta":{"_acf_changed":false,"_et_pb_use_builder":"on","_et_pb_old_content":"","_et_gb_content_width":"","footnotes":""},"class_list":["post-245078","page","type-page","status-publish","hentry"],"acf":[],"yoast_head":"<!-- This site is optimized with the Yoast SEO plugin v27.3 - https:\/\/yoast.com\/product\/yoast-seo-wordpress\/ -->\n<title>Ochrana osobn\u00fdch \u00fadajov - Creative Golf<\/title>\n<meta name=\"robots\" content=\"index, follow, max-snippet:-1, max-image-preview:large, max-video-preview:-1\" \/>\n<link rel=\"canonical\" href=\"https:\/\/creativegolf.com\/sk\/ochrana-osobnych-udajov\/\" \/>\n<meta property=\"og:locale\" content=\"sk_SK\" \/>\n<meta property=\"og:type\" content=\"article\" \/>\n<meta property=\"og:title\" content=\"Ochrana osobn\u00fdch \u00fadajov - Creative Golf\" \/>\n<meta property=\"og:description\" content=\"1. Identifika\u010dn\u00e9 \u00fadaje Prev\u00e1dzkovate\u013eom osobn\u00fdch \u00fadajov je:Obchodn\u00e9 meno: DATAcrea s.r.o.S\u00eddlo: Slovenskej jednoty 10I\u010cO: 36211931\u0160tatut\u00e1rny org\u00e1n: Ing. Alexander TimkoZap\u00edsan\u00fd v: Okresn\u00fd s\u00fad Ko\u0161ice I, Oddiel Sro, Vlo\u017eka \u010d\u00edslo 13030\/V (\u010falej \u201ePrev\u00e1dzkovate\u013e\u201c) &nbsp; 2. Zoznam osobn\u00fdch \u00fadajov, \u00fa\u010del sprac\u00favania osobn\u00fdch \u00fadajov a kateg\u00f3ria osobn\u00fdch \u00fadajov Prev\u00e1dzkovate\u013e sprac\u00fava osobn\u00e9 \u00fadaje: N\u00e1zov osobn\u00e9ho \u00fadaju Kateg\u00f3ria osobn\u00fdch \u00fadajov Nickname Be\u017en\u00fd [&hellip;]\" \/>\n<meta property=\"og:url\" content=\"https:\/\/creativegolf.com\/sk\/ochrana-osobnych-udajov\/\" \/>\n<meta property=\"og:site_name\" content=\"Creative Golf\" \/>\n<meta property=\"article:publisher\" content=\"https:\/\/www.facebook.com\/creativegolf3d\" \/>\n<meta property=\"article:modified_time\" content=\"2023-04-21T05:45:44+00:00\" \/>\n<meta name=\"twitter:card\" content=\"summary_large_image\" \/>\n<meta name=\"twitter:site\" content=\"@Creativegolf3D\" \/>\n<meta name=\"twitter:label1\" content=\"Predpokladan\u00fd \u010das \u010d\u00edtania\" \/>\n\t<meta name=\"twitter:data1\" content=\"5 min\u00fat\" \/>\n<script type=\"application\/ld+json\" class=\"yoast-schema-graph\">{\"@context\":\"https:\\\/\\\/schema.org\",\"@graph\":[{\"@type\":\"WebPage\",\"@id\":\"https:\\\/\\\/creativegolf.com\\\/sk\\\/ochrana-osobnych-udajov\\\/\",\"url\":\"https:\\\/\\\/creativegolf.com\\\/sk\\\/ochrana-osobnych-udajov\\\/\",\"name\":\"Ochrana osobn\u00fdch \u00fadajov - Creative Golf\",\"isPartOf\":{\"@id\":\"https:\\\/\\\/creativegolf.com\\\/sk\\\/#website\"},\"datePublished\":\"2021-11-02T17:27:10+00:00\",\"dateModified\":\"2023-04-21T05:45:44+00:00\",\"breadcrumb\":{\"@id\":\"https:\\\/\\\/creativegolf.com\\\/sk\\\/ochrana-osobnych-udajov\\\/#breadcrumb\"},\"inLanguage\":\"sk-SK\",\"potentialAction\":[{\"@type\":\"ReadAction\",\"target\":[\"https:\\\/\\\/creativegolf.com\\\/sk\\\/ochrana-osobnych-udajov\\\/\"]}]},{\"@type\":\"BreadcrumbList\",\"@id\":\"https:\\\/\\\/creativegolf.com\\\/sk\\\/ochrana-osobnych-udajov\\\/#breadcrumb\",\"itemListElement\":[{\"@type\":\"ListItem\",\"position\":1,\"name\":\"Home\",\"item\":\"https:\\\/\\\/creativegolf.com\\\/sk\\\/domov\\\/\"},{\"@type\":\"ListItem\",\"position\":2,\"name\":\"Ochrana osobn\u00fdch \u00fadajov\"}]},{\"@type\":\"WebSite\",\"@id\":\"https:\\\/\\\/creativegolf.com\\\/sk\\\/#website\",\"url\":\"https:\\\/\\\/creativegolf.com\\\/sk\\\/\",\"name\":\"Creative Golf\",\"description\":\"Creative Golf \\\/ Golfisimo\",\"potentialAction\":[{\"@type\":\"SearchAction\",\"target\":{\"@type\":\"EntryPoint\",\"urlTemplate\":\"https:\\\/\\\/creativegolf.com\\\/sk\\\/?s={search_term_string}\"},\"query-input\":{\"@type\":\"PropertyValueSpecification\",\"valueRequired\":true,\"valueName\":\"search_term_string\"}}],\"inLanguage\":\"sk-SK\"}]}<\/script>\n<!-- \/ Yoast SEO plugin. -->","yoast_head_json":{"title":"Ochrana osobn\u00fdch \u00fadajov - Creative Golf","robots":{"index":"index","follow":"follow","max-snippet":"max-snippet:-1","max-image-preview":"max-image-preview:large","max-video-preview":"max-video-preview:-1"},"canonical":"https:\/\/creativegolf.com\/sk\/ochrana-osobnych-udajov\/","og_locale":"sk_SK","og_type":"article","og_title":"Ochrana osobn\u00fdch \u00fadajov - Creative Golf","og_description":"1. Identifika\u010dn\u00e9 \u00fadaje Prev\u00e1dzkovate\u013eom osobn\u00fdch \u00fadajov je:Obchodn\u00e9 meno: DATAcrea s.r.o.S\u00eddlo: Slovenskej jednoty 10I\u010cO: 36211931\u0160tatut\u00e1rny org\u00e1n: Ing. Alexander TimkoZap\u00edsan\u00fd v: Okresn\u00fd s\u00fad Ko\u0161ice I, Oddiel Sro, Vlo\u017eka \u010d\u00edslo 13030\/V (\u010falej \u201ePrev\u00e1dzkovate\u013e\u201c) &nbsp; 2. Zoznam osobn\u00fdch \u00fadajov, \u00fa\u010del sprac\u00favania osobn\u00fdch \u00fadajov a kateg\u00f3ria osobn\u00fdch \u00fadajov Prev\u00e1dzkovate\u013e sprac\u00fava osobn\u00e9 \u00fadaje: N\u00e1zov osobn\u00e9ho \u00fadaju Kateg\u00f3ria osobn\u00fdch \u00fadajov Nickname Be\u017en\u00fd [&hellip;]","og_url":"https:\/\/creativegolf.com\/sk\/ochrana-osobnych-udajov\/","og_site_name":"Creative Golf","article_publisher":"https:\/\/www.facebook.com\/creativegolf3d","article_modified_time":"2023-04-21T05:45:44+00:00","twitter_card":"summary_large_image","twitter_site":"@Creativegolf3D","twitter_misc":{"Predpokladan\u00fd \u010das \u010d\u00edtania":"5 min\u00fat"},"schema":{"@context":"https:\/\/schema.org","@graph":[{"@type":"WebPage","@id":"https:\/\/creativegolf.com\/sk\/ochrana-osobnych-udajov\/","url":"https:\/\/creativegolf.com\/sk\/ochrana-osobnych-udajov\/","name":"Ochrana osobn\u00fdch \u00fadajov - Creative Golf","isPartOf":{"@id":"https:\/\/creativegolf.com\/sk\/#website"},"datePublished":"2021-11-02T17:27:10+00:00","dateModified":"2023-04-21T05:45:44+00:00","breadcrumb":{"@id":"https:\/\/creativegolf.com\/sk\/ochrana-osobnych-udajov\/#breadcrumb"},"inLanguage":"sk-SK","potentialAction":[{"@type":"ReadAction","target":["https:\/\/creativegolf.com\/sk\/ochrana-osobnych-udajov\/"]}]},{"@type":"BreadcrumbList","@id":"https:\/\/creativegolf.com\/sk\/ochrana-osobnych-udajov\/#breadcrumb","itemListElement":[{"@type":"ListItem","position":1,"name":"Home","item":"https:\/\/creativegolf.com\/sk\/domov\/"},{"@type":"ListItem","position":2,"name":"Ochrana osobn\u00fdch \u00fadajov"}]},{"@type":"WebSite","@id":"https:\/\/creativegolf.com\/sk\/#website","url":"https:\/\/creativegolf.com\/sk\/","name":"Creative Golf","description":"Creative Golf \/ Golfisimo","potentialAction":[{"@type":"SearchAction","target":{"@type":"EntryPoint","urlTemplate":"https:\/\/creativegolf.com\/sk\/?s={search_term_string}"},"query-input":{"@type":"PropertyValueSpecification","valueRequired":true,"valueName":"search_term_string"}}],"inLanguage":"sk-SK"}]}},"_links":{"self":[{"href":"https:\/\/creativegolf.com\/sk\/wp-json\/wp\/v2\/pages\/245078","targetHints":{"allow":["GET"]}}],"collection":[{"href":"https:\/\/creativegolf.com\/sk\/wp-json\/wp\/v2\/pages"}],"about":[{"href":"https:\/\/creativegolf.com\/sk\/wp-json\/wp\/v2\/types\/page"}],"author":[{"embeddable":true,"href":"https:\/\/creativegolf.com\/sk\/wp-json\/wp\/v2\/users\/1"}],"replies":[{"embeddable":true,"href":"https:\/\/creativegolf.com\/sk\/wp-json\/wp\/v2\/comments?post=245078"}],"version-history":[{"count":25,"href":"https:\/\/creativegolf.com\/sk\/wp-json\/wp\/v2\/pages\/245078\/revisions"}],"predecessor-version":[{"id":248717,"href":"https:\/\/creativegolf.com\/sk\/wp-json\/wp\/v2\/pages\/245078\/revisions\/248717"}],"wp:attachment":[{"href":"https:\/\/creativegolf.com\/sk\/wp-json\/wp\/v2\/media?parent=245078"}],"curies":[{"name":"wp","href":"https:\/\/api.w.org\/{rel}","templated":true}]}}