{"id":246274,"date":"2021-11-18T08:06:19","date_gmt":"2021-11-18T08:06:19","guid":{"rendered":"https:\/\/creative.golf\/e-shop\/"},"modified":"2026-01-29T13:15:12","modified_gmt":"2026-01-29T13:15:12","slug":"e-shop","status":"publish","type":"page","link":"https:\/\/creativegolf.com\/sk\/e-shop\/","title":{"rendered":"E-shop"},"content":{"rendered":"<p>[et_pb_section fb_built=&#8220;1&#8243; _builder_version=&#8220;4.27.4&#8243; _module_preset=&#8220;default&#8220; use_background_color_gradient=&#8220;on&#8220; background_color_gradient_stops=&#8220;rgba(0,13,26,0.85) 0%|rgba(0,13,26,0.55) 100%&#8220; background_enable_image=&#8220;off&#8220; da_disable_devices=&#8220;off|off|off&#8220; global_colors_info=&#8220;{}&#8220; da_is_popup=&#8220;off&#8220; da_exit_intent=&#8220;off&#8220; da_has_close=&#8220;on&#8220; da_alt_close=&#8220;off&#8220; da_dark_close=&#8220;off&#8220; da_not_modal=&#8220;on&#8220; da_is_singular=&#8220;off&#8220; da_with_loader=&#8220;off&#8220; da_has_shadow=&#8220;on&#8220;][et_pb_row _builder_version=&#8220;4.27.4&#8243; _module_preset=&#8220;default&#8220; custom_margin=&#8220;-50px||-50px||false|false&#8220; custom_padding=&#8220;||||false|false&#8220; global_colors_info=&#8220;{}&#8220;][et_pb_column type=&#8220;4_4&#8243; _builder_version=&#8220;4.27.4&#8243; _module_preset=&#8220;default&#8220; global_colors_info=&#8220;{}&#8220;][et_pb_text _builder_version=&#8220;4.27.4&#8243; _module_preset=&#8220;default&#8220; text_font=&#8220;Mulish|300|||||||&#8220; text_font_size=&#8220;20px&#8220; text_line_height=&#8220;1.4em&#8220; text_orientation=&#8220;center&#8220; background_layout=&#8220;dark&#8220; custom_margin=&#8220;||40px||false|false&#8220; custom_padding=&#8220;||||false|false&#8220; global_colors_info=&#8220;{}&#8220;]<\/p>\n<p><strong>Vyberte si svojho ob\u013e\u00faben\u00e9ho v\u00fdrobcu launch monitorov.<\/strong><\/p>\n<p>Tu si m\u00f4\u017eete zak\u00fapi\u0165 softv\u00e9r pre <strong>Uneekor<\/strong>, <strong>FlightScope<\/strong>, <strong>Golfjoy<\/strong>, <strong>Garmin<\/strong> a <strong>ProTee<\/strong>.<br \/>Ak si chcete zak\u00fapi\u0165 softv\u00e9r pre <strong>Foresight Sports<\/strong>, budete presmerovan\u00ed na ich e-shop.<br \/>Pre u\u017e zak\u00fapen\u00e9 OTP licencie pre <strong>SkyTrak<\/strong> pon\u00fakame iba aktualiz\u00e1ciu.<br \/>SkyTrak u\u017e nepred\u00e1va softv\u00e9r tret\u00edch str\u00e1n.<\/p>\n<p>[\/et_pb_text][et_pb_button button_url=&#8220;https:\/\/www.creativegolf3d.com\/setups\/SetupCreativeGolfAdvanced_Demo.exe&#8220; button_text=&#8220;Demo zadarmo&#8220; button_alignment=&#8220;center&#8220; _builder_version=&#8220;4.27.4&#8243; _module_preset=&#8220;_initial&#8220; custom_button=&#8220;on&#8220; button_text_size=&#8220;22px&#8220; button_bg_image=&#8220;https:\/\/creativegolf.com\/wp-content\/uploads\/2025\/09\/Podklad-Icon.png&#8220; button_border_width=&#8220;0px&#8220; button_border_radius=&#8220;30px&#8220; button_font=&#8220;Mulish||||||||&#8220; button_use_icon=&#8220;off&#8220; global_colors_info=&#8220;{}&#8220;][\/et_pb_button][\/et_pb_column][\/et_pb_row][\/et_pb_section][et_pb_section fb_built=&#8220;1&#8243; _builder_version=&#8220;4.27.4&#8243; _module_preset=&#8220;default&#8220; background_image=&#8220;https:\/\/creativegolf.com\/wp-content\/uploads\/2025\/09\/Background_scale_3.jpg&#8220; da_disable_devices=&#8220;off|off|off&#8220; global_colors_info=&#8220;{}&#8220; da_is_popup=&#8220;off&#8220; da_exit_intent=&#8220;off&#8220; da_has_close=&#8220;on&#8220; da_alt_close=&#8220;off&#8220; da_dark_close=&#8220;off&#8220; da_not_modal=&#8220;on&#8220; da_is_singular=&#8220;off&#8220; da_with_loader=&#8220;off&#8220; da_has_shadow=&#8220;on&#8220;][et_pb_row column_structure=&#8220;1_2,1_2&#8243; use_custom_gutter=&#8220;on&#8220; gutter_width=&#8220;2&#8243; _builder_version=&#8220;4.27.4&#8243; _module_preset=&#8220;default&#8220; custom_margin=&#8220;-30px||-30px||false|false&#8220; global_colors_info=&#8220;{}&#8220;][et_pb_column type=&#8220;1_2&#8243; _builder_version=&#8220;4.27.4&#8243; _module_preset=&#8220;default&#8220; global_colors_info=&#8220;{}&#8220;][et_pb_blurb image=&#8220;https:\/\/creativegolf.com\/wp-content\/uploads\/2025\/10\/UNEEKOR-inv.png&#8220; _builder_version=&#8220;4.27.4&#8243; _module_preset=&#8220;default&#8220; body_font=&#8220;Mulish|700|||||||&#8220; body_text_align=&#8220;center&#8220; body_font_size=&#8220;20px&#8220; use_background_color_gradient=&#8220;on&#8220; background_color_gradient_stops=&#8220;rgba(0,13,26,0.85) 0%|rgba(0,13,26,0.55) 100%&#8220; image_icon_custom_margin=&#8220;60px|25px|-10px|25px|false|false&#8220; image_icon_custom_padding=&#8220;||||false|false&#8220; text_orientation=&#8220;center&#8220; background_layout=&#8220;dark&#8220; custom_margin=&#8220;||||false|false&#8220; custom_padding=&#8220;||83px||false|false&#8220; link_option_url=&#8220;https:\/\/creativegolf.com\/sk\/e-shop\/uneekor-sk\/&#8220; border_radii=&#8220;on|30px|30px|30px|30px&#8220; global_colors_info=&#8220;{}&#8220;]<\/p>\n<p>QED, EYE XO, EYE XO2, EYE MINI, EYE MINI LITE<\/p>\n<p>[\/et_pb_blurb][et_pb_blurb image=&#8220;https:\/\/creativegolf.com\/wp-content\/uploads\/2025\/10\/GARMIN-inv.png&#8220; _builder_version=&#8220;4.27.4&#8243; _module_preset=&#8220;default&#8220; body_font=&#8220;Mulish|700|||||||&#8220; body_text_align=&#8220;center&#8220; body_font_size=&#8220;20px&#8220; use_background_color_gradient=&#8220;on&#8220; background_color_gradient_stops=&#8220;rgba(0,13,26,0.85) 0%|rgba(0,13,26,0.55) 100%&#8220; image_icon_custom_margin=&#8220;82px|25px|24px|25px|false|false&#8220; image_icon_custom_padding=&#8220;||||false|false&#8220; text_orientation=&#8220;center&#8220; background_layout=&#8220;dark&#8220; custom_margin=&#8220;||||false|false&#8220; custom_padding=&#8220;||60px||false|false&#8220; link_option_url=&#8220;https:\/\/creativegolf.com\/sk\/e-shop\/garmin-sk\/&#8220; border_radii=&#8220;on|30px|30px|30px|30px&#8220; global_colors_info=&#8220;{}&#8220;]<\/p>\n<p>APPROACH\u00ae R10, R50<\/p>\n<p>[\/et_pb_blurb][et_pb_blurb image=&#8220;https:\/\/creativegolf.com\/wp-content\/uploads\/2025\/10\/FORESIGHT-SPORT-inv.png&#8220; _builder_version=&#8220;4.27.4&#8243; _module_preset=&#8220;default&#8220; body_font=&#8220;Mulish|700|||||||&#8220; body_text_align=&#8220;center&#8220; body_font_size=&#8220;20px&#8220; use_background_color_gradient=&#8220;on&#8220; background_color_gradient_stops=&#8220;rgba(0,13,26,0.85) 0%|rgba(0,13,26,0.55) 100%&#8220; image_icon_custom_margin=&#8220;93px|25px|13px|25px|false|false&#8220; image_icon_custom_padding=&#8220;||||false|false&#8220; text_orientation=&#8220;center&#8220; background_layout=&#8220;dark&#8220; custom_margin=&#8220;||||false|false&#8220; custom_padding=&#8220;||60px||false|false&#8220; link_option_url=&#8220;https:\/\/www.foresightsports.com\/collections\/creative-golf-software&#8220; border_radii=&#8220;on|30px|30px|30px|30px&#8220; global_colors_info=&#8220;{}&#8220;]<\/p>\n<p>GC2, GC3, GCQUAD, GCHAWK<\/p>\n<p>[\/et_pb_blurb][et_pb_blurb image=&#8220;https:\/\/creativegolf.com\/wp-content\/uploads\/2025\/10\/SkyTrak_logo.png&#8220; _builder_version=&#8220;4.27.4&#8243; _module_preset=&#8220;default&#8220; body_font=&#8220;Mulish|700|||||||&#8220; body_text_align=&#8220;center&#8220; body_font_size=&#8220;20px&#8220; use_background_color_gradient=&#8220;on&#8220; background_color_gradient_stops=&#8220;rgba(0,13,26,0.85) 0%|rgba(0,13,26,0.55) 100%&#8220; image_icon_custom_margin=&#8220;93px|25px|13px|25px|false|false&#8220; image_icon_custom_padding=&#8220;||||false|false&#8220; text_orientation=&#8220;center&#8220; background_layout=&#8220;dark&#8220; custom_margin=&#8220;||||false|false&#8220; custom_padding=&#8220;||60px||false|false&#8220; link_option_url=&#8220;https:\/\/creativegolf.com\/sk\/e-shop\/skytrak-sk\/&#8220; border_radii=&#8220;on|30px|30px|30px|30px&#8220; global_colors_info=&#8220;{}&#8220;]<\/p>\n<p>SKYTRAK LAUNCH MONITOR<\/p>\n<p>[\/et_pb_blurb][et_pb_blurb image=&#8220;https:\/\/creativegolf.com\/wp-content\/uploads\/2026\/01\/Casevision_logo.png&#8220; _builder_version=&#8220;4.27.5&#8243; _module_preset=&#8220;default&#8220; body_font=&#8220;Mulish|700|||||||&#8220; body_text_align=&#8220;center&#8220; body_font_size=&#8220;20px&#8220; use_background_color_gradient=&#8220;on&#8220; background_color_gradient_stops=&#8220;rgba(0,13,26,0.85) 0%|rgba(0,13,26,0.55) 100%&#8220; image_icon_custom_margin=&#8220;70px|25px|5px|25px|false|false&#8220; image_icon_custom_padding=&#8220;||||false|false&#8220; text_orientation=&#8220;center&#8220; background_layout=&#8220;dark&#8220; custom_margin=&#8220;||||false|false&#8220; custom_padding=&#8220;||60px||false|false&#8220; link_option_url=&#8220;https:\/\/creativegolf.com\/sk\/e-shop\/casevision-golf\/&#8220; border_radii=&#8220;on|30px|30px|30px|30px&#8220; global_colors_info=&#8220;{}&#8220;]<\/p>\n<p>ITRACK LAUNCH MONITOR<\/p>\n<p>[\/et_pb_blurb][\/et_pb_column][et_pb_column type=&#8220;1_2&#8243; _builder_version=&#8220;4.27.4&#8243; _module_preset=&#8220;default&#8220; global_colors_info=&#8220;{}&#8220;][et_pb_blurb image=&#8220;https:\/\/creativegolf.com\/wp-content\/uploads\/2025\/10\/FLIGHTSCOPE.png&#8220; _builder_version=&#8220;4.27.4&#8243; _module_preset=&#8220;default&#8220; body_font=&#8220;Mulish|700|||||||&#8220; body_text_align=&#8220;center&#8220; body_font_size=&#8220;20px&#8220; use_background_color_gradient=&#8220;on&#8220; background_color_gradient_stops=&#8220;rgba(0,13,26,0.85) 0%|rgba(0,13,26,0.55) 100%&#8220; image_icon_custom_margin=&#8220;75px|25px|4px|25px|false|false&#8220; image_icon_custom_padding=&#8220;||||false|false&#8220; text_orientation=&#8220;center&#8220; background_layout=&#8220;dark&#8220; custom_margin=&#8220;||||false|false&#8220; custom_padding=&#8220;||60px||false|false&#8220; link_option_url=&#8220;https:\/\/creativegolf.com\/sk\/e-shop\/flightscope-sk\/&#8220; border_radii=&#8220;on|30px|30px|30px|30px&#8220; global_colors_info=&#8220;{}&#8220;]<\/p>\n<p>XI, XI+, XI TOUR, X2, X2 ELITE, RANGE,<br \/>X3, MEVO+, GEN2<\/p>\n<p>[\/et_pb_blurb][et_pb_blurb image=&#8220;https:\/\/creativegolf.com\/wp-content\/uploads\/2025\/10\/PROTEE-UNITED-.png&#8220; _builder_version=&#8220;4.27.4&#8243; _module_preset=&#8220;default&#8220; body_font=&#8220;Mulish|700|||||||&#8220; body_text_align=&#8220;center&#8220; body_font_size=&#8220;20px&#8220; use_background_color_gradient=&#8220;on&#8220; background_color_gradient_stops=&#8220;rgba(0,13,26,0.85) 0%|rgba(0,13,26,0.55) 100%&#8220; image_icon_custom_margin=&#8220;31px|25px|-25px|25px|false|false&#8220; image_icon_custom_padding=&#8220;||||false|false&#8220; text_orientation=&#8220;center&#8220; background_layout=&#8220;dark&#8220; custom_margin=&#8220;||||false|false&#8220; custom_padding=&#8220;||60px||false|false&#8220; link_option_url=&#8220;https:\/\/creativegolf.com\/sk\/e-shop\/protee-sk\/&#8220; border_radii=&#8220;on|30px|30px|30px|30px&#8220; global_colors_info=&#8220;{}&#8220;]<\/p>\n<p>VX LAUNCH MONITOR<\/p>\n<p>[\/et_pb_blurb][et_pb_blurb image=&#8220;https:\/\/creativegolf.com\/wp-content\/uploads\/2025\/10\/GOLFJOY.png&#8220; _builder_version=&#8220;4.27.4&#8243; _module_preset=&#8220;default&#8220; body_font=&#8220;Mulish|700|||||||&#8220; body_text_align=&#8220;center&#8220; body_font_size=&#8220;20px&#8220; use_background_color_gradient=&#8220;on&#8220; background_color_gradient_stops=&#8220;rgba(0,13,26,0.85) 0%|rgba(0,13,26,0.55) 100%&#8220; image_icon_custom_margin=&#8220;7px|25px|4px|25px|false|false&#8220; image_icon_custom_padding=&#8220;||||false|false&#8220; text_orientation=&#8220;center&#8220; background_layout=&#8220;dark&#8220; custom_margin=&#8220;||||false|false&#8220; custom_padding=&#8220;||35px||false|false&#8220; link_option_url=&#8220;https:\/\/creativegolf.com\/sk\/e-shop\/golfjoy-sk\/&#8220; border_radii=&#8220;on|30px|30px|30px|30px&#8220; global_colors_info=&#8220;{}&#8220;]<\/p>\n<p>GDS-PLUS, GDS-PRO, GSV-MAX, SPICA3, RIGEL2, RIGEL3<\/p>\n<p>[\/et_pb_blurb][et_pb_blurb image=&#8220;https:\/\/creativegolf.com\/wp-content\/uploads\/2025\/12\/GSA-Golf_large.png&#8220; _builder_version=&#8220;4.27.5&#8243; _module_preset=&#8220;default&#8220; body_font=&#8220;Mulish|700|||||||&#8220; body_text_align=&#8220;center&#8220; body_font_size=&#8220;20px&#8220; use_background_color_gradient=&#8220;on&#8220; background_color_gradient_stops=&#8220;rgba(0,13,26,0.85) 0%|rgba(0,13,26,0.55) 100%&#8220; image_icon_custom_margin=&#8220;110px|25px|32px|25px|false|false&#8220; image_icon_custom_padding=&#8220;||||false|false&#8220; text_orientation=&#8220;center&#8220; background_layout=&#8220;dark&#8220; custom_margin=&#8220;||||false|false&#8220; custom_padding=&#8220;||60px||false|false&#8220; link_option_url=&#8220;https:\/\/creativegolf.com\/sk\/e-shop\/gsa-golf\/&#8220; border_radii=&#8220;on|30px|30px|30px|30px&#8220; global_colors_info=&#8220;{}&#8220;]<\/p>\n<p>GSA GOLF LAUNCH MONITORS<\/p>\n<p>[\/et_pb_blurb][et_pb_blurb image=&#8220;https:\/\/creativegolf.com\/wp-content\/uploads\/2026\/01\/SWEETSPOT-2.png&#8220; _builder_version=&#8220;4.27.5&#8243; _module_preset=&#8220;default&#8220; body_font=&#8220;Mulish|700|||||||&#8220; body_text_align=&#8220;center&#8220; body_font_size=&#8220;20px&#8220; use_background_color_gradient=&#8220;on&#8220; background_color_gradient_stops=&#8220;rgba(0,13,26,0.85) 0%|rgba(0,13,26,0.55) 100%&#8220; image_icon_custom_margin=&#8220;70px|25px|11px|25px|false|false&#8220; image_icon_custom_padding=&#8220;||||false|false&#8220; text_orientation=&#8220;center&#8220; background_layout=&#8220;dark&#8220; custom_margin=&#8220;||||false|false&#8220; custom_padding=&#8220;||60px||false|false&#8220; link_option_url=&#8220;https:\/\/creativegolf.com\/sk\/e-shop\/sweetspot-golf\/&#8220; border_radii=&#8220;on|30px|30px|30px|30px&#8220; global_colors_info=&#8220;{}&#8220;]<\/p>\n<p>IVEE LAUNCH MONITORS<\/p>\n<p>[\/et_pb_blurb][\/et_pb_column][\/et_pb_row][\/et_pb_section]<\/p>\n","protected":false},"excerpt":{"rendered":"<p>Vyberte si svojho ob\u013e\u00faben\u00e9ho v\u00fdrobcu launch monitorov. Tu si m\u00f4\u017eete zak\u00fapi\u0165 softv\u00e9r pre Uneekor, FlightScope, Golfjoy, Garmin a ProTee.Ak si chcete zak\u00fapi\u0165 softv\u00e9r pre Foresight Sports, budete presmerovan\u00ed na ich e-shop.Pre u\u017e zak\u00fapen\u00e9 OTP licencie pre SkyTrak pon\u00fakame iba aktualiz\u00e1ciu.SkyTrak u\u017e nepred\u00e1va softv\u00e9r tret\u00edch str\u00e1n.QED, EYE XO, EYE XO2, EYE MINI, EYE MINI LITEAPPROACH\u00ae R10, [&hellip;]<\/p>\n","protected":false},"author":1,"featured_media":0,"parent":0,"menu_order":0,"comment_status":"closed","ping_status":"closed","template":"","meta":{"_acf_changed":false,"_et_pb_use_builder":"on","_et_pb_old_content":"","_et_gb_content_width":"","footnotes":""},"class_list":["post-246274","page","type-page","status-publish","hentry"],"acf":[],"yoast_head":"<!-- This site is optimized with the Yoast SEO plugin v27.3 - https:\/\/yoast.com\/product\/yoast-seo-wordpress\/ -->\n<title>E-shop - Creative Golf<\/title>\n<meta name=\"robots\" content=\"index, follow, max-snippet:-1, max-image-preview:large, max-video-preview:-1\" \/>\n<link rel=\"canonical\" href=\"https:\/\/creativegolf.com\/sk\/e-shop\/\" \/>\n<meta property=\"og:locale\" content=\"sk_SK\" \/>\n<meta property=\"og:type\" content=\"article\" \/>\n<meta property=\"og:title\" content=\"E-shop - Creative Golf\" \/>\n<meta property=\"og:description\" content=\"Vyberte si svojho ob\u013e\u00faben\u00e9ho v\u00fdrobcu launch monitorov. Tu si m\u00f4\u017eete zak\u00fapi\u0165 softv\u00e9r pre Uneekor, FlightScope, Golfjoy, Garmin a ProTee.Ak si chcete zak\u00fapi\u0165 softv\u00e9r pre Foresight Sports, budete presmerovan\u00ed na ich e-shop.Pre u\u017e zak\u00fapen\u00e9 OTP licencie pre SkyTrak pon\u00fakame iba aktualiz\u00e1ciu.SkyTrak u\u017e nepred\u00e1va softv\u00e9r tret\u00edch str\u00e1n.QED, EYE XO, EYE XO2, EYE MINI, EYE MINI LITEAPPROACH\u00ae R10, [&hellip;]\" \/>\n<meta property=\"og:url\" content=\"https:\/\/creativegolf.com\/sk\/e-shop\/\" \/>\n<meta property=\"og:site_name\" content=\"Creative Golf\" \/>\n<meta property=\"article:publisher\" content=\"https:\/\/www.facebook.com\/creativegolf3d\" \/>\n<meta property=\"article:modified_time\" content=\"2026-01-29T13:15:12+00:00\" \/>\n<meta name=\"twitter:card\" content=\"summary_large_image\" \/>\n<meta name=\"twitter:site\" content=\"@Creativegolf3D\" \/>\n<meta name=\"twitter:label1\" content=\"Predpokladan\u00fd \u010das \u010d\u00edtania\" \/>\n\t<meta name=\"twitter:data1\" content=\"7 min\u00fat\" \/>\n<script type=\"application\/ld+json\" class=\"yoast-schema-graph\">{\"@context\":\"https:\\\/\\\/schema.org\",\"@graph\":[{\"@type\":\"WebPage\",\"@id\":\"https:\\\/\\\/creativegolf.com\\\/sk\\\/e-shop\\\/\",\"url\":\"https:\\\/\\\/creativegolf.com\\\/sk\\\/e-shop\\\/\",\"name\":\"E-shop - Creative Golf\",\"isPartOf\":{\"@id\":\"https:\\\/\\\/creativegolf.com\\\/sk\\\/#website\"},\"datePublished\":\"2021-11-18T08:06:19+00:00\",\"dateModified\":\"2026-01-29T13:15:12+00:00\",\"breadcrumb\":{\"@id\":\"https:\\\/\\\/creativegolf.com\\\/sk\\\/e-shop\\\/#breadcrumb\"},\"inLanguage\":\"sk-SK\",\"potentialAction\":[{\"@type\":\"ReadAction\",\"target\":[\"https:\\\/\\\/creativegolf.com\\\/sk\\\/e-shop\\\/\"]}]},{\"@type\":\"BreadcrumbList\",\"@id\":\"https:\\\/\\\/creativegolf.com\\\/sk\\\/e-shop\\\/#breadcrumb\",\"itemListElement\":[{\"@type\":\"ListItem\",\"position\":1,\"name\":\"Home\",\"item\":\"https:\\\/\\\/creativegolf.com\\\/sk\\\/domov\\\/\"},{\"@type\":\"ListItem\",\"position\":2,\"name\":\"E-shop\"}]},{\"@type\":\"WebSite\",\"@id\":\"https:\\\/\\\/creativegolf.com\\\/sk\\\/#website\",\"url\":\"https:\\\/\\\/creativegolf.com\\\/sk\\\/\",\"name\":\"Creative Golf\",\"description\":\"Creative Golf \\\/ Golfisimo\",\"potentialAction\":[{\"@type\":\"SearchAction\",\"target\":{\"@type\":\"EntryPoint\",\"urlTemplate\":\"https:\\\/\\\/creativegolf.com\\\/sk\\\/?s={search_term_string}\"},\"query-input\":{\"@type\":\"PropertyValueSpecification\",\"valueRequired\":true,\"valueName\":\"search_term_string\"}}],\"inLanguage\":\"sk-SK\"}]}<\/script>\n<!-- \/ Yoast SEO plugin. -->","yoast_head_json":{"title":"E-shop - Creative Golf","robots":{"index":"index","follow":"follow","max-snippet":"max-snippet:-1","max-image-preview":"max-image-preview:large","max-video-preview":"max-video-preview:-1"},"canonical":"https:\/\/creativegolf.com\/sk\/e-shop\/","og_locale":"sk_SK","og_type":"article","og_title":"E-shop - Creative Golf","og_description":"Vyberte si svojho ob\u013e\u00faben\u00e9ho v\u00fdrobcu launch monitorov. Tu si m\u00f4\u017eete zak\u00fapi\u0165 softv\u00e9r pre Uneekor, FlightScope, Golfjoy, Garmin a ProTee.Ak si chcete zak\u00fapi\u0165 softv\u00e9r pre Foresight Sports, budete presmerovan\u00ed na ich e-shop.Pre u\u017e zak\u00fapen\u00e9 OTP licencie pre SkyTrak pon\u00fakame iba aktualiz\u00e1ciu.SkyTrak u\u017e nepred\u00e1va softv\u00e9r tret\u00edch str\u00e1n.QED, EYE XO, EYE XO2, EYE MINI, EYE MINI LITEAPPROACH\u00ae R10, [&hellip;]","og_url":"https:\/\/creativegolf.com\/sk\/e-shop\/","og_site_name":"Creative Golf","article_publisher":"https:\/\/www.facebook.com\/creativegolf3d","article_modified_time":"2026-01-29T13:15:12+00:00","twitter_card":"summary_large_image","twitter_site":"@Creativegolf3D","twitter_misc":{"Predpokladan\u00fd \u010das \u010d\u00edtania":"7 min\u00fat"},"schema":{"@context":"https:\/\/schema.org","@graph":[{"@type":"WebPage","@id":"https:\/\/creativegolf.com\/sk\/e-shop\/","url":"https:\/\/creativegolf.com\/sk\/e-shop\/","name":"E-shop - Creative Golf","isPartOf":{"@id":"https:\/\/creativegolf.com\/sk\/#website"},"datePublished":"2021-11-18T08:06:19+00:00","dateModified":"2026-01-29T13:15:12+00:00","breadcrumb":{"@id":"https:\/\/creativegolf.com\/sk\/e-shop\/#breadcrumb"},"inLanguage":"sk-SK","potentialAction":[{"@type":"ReadAction","target":["https:\/\/creativegolf.com\/sk\/e-shop\/"]}]},{"@type":"BreadcrumbList","@id":"https:\/\/creativegolf.com\/sk\/e-shop\/#breadcrumb","itemListElement":[{"@type":"ListItem","position":1,"name":"Home","item":"https:\/\/creativegolf.com\/sk\/domov\/"},{"@type":"ListItem","position":2,"name":"E-shop"}]},{"@type":"WebSite","@id":"https:\/\/creativegolf.com\/sk\/#website","url":"https:\/\/creativegolf.com\/sk\/","name":"Creative Golf","description":"Creative Golf \/ Golfisimo","potentialAction":[{"@type":"SearchAction","target":{"@type":"EntryPoint","urlTemplate":"https:\/\/creativegolf.com\/sk\/?s={search_term_string}"},"query-input":{"@type":"PropertyValueSpecification","valueRequired":true,"valueName":"search_term_string"}}],"inLanguage":"sk-SK"}]}},"_links":{"self":[{"href":"https:\/\/creativegolf.com\/sk\/wp-json\/wp\/v2\/pages\/246274","targetHints":{"allow":["GET"]}}],"collection":[{"href":"https:\/\/creativegolf.com\/sk\/wp-json\/wp\/v2\/pages"}],"about":[{"href":"https:\/\/creativegolf.com\/sk\/wp-json\/wp\/v2\/types\/page"}],"author":[{"embeddable":true,"href":"https:\/\/creativegolf.com\/sk\/wp-json\/wp\/v2\/users\/1"}],"replies":[{"embeddable":true,"href":"https:\/\/creativegolf.com\/sk\/wp-json\/wp\/v2\/comments?post=246274"}],"version-history":[{"count":88,"href":"https:\/\/creativegolf.com\/sk\/wp-json\/wp\/v2\/pages\/246274\/revisions"}],"predecessor-version":[{"id":262685,"href":"https:\/\/creativegolf.com\/sk\/wp-json\/wp\/v2\/pages\/246274\/revisions\/262685"}],"wp:attachment":[{"href":"https:\/\/creativegolf.com\/sk\/wp-json\/wp\/v2\/media?parent=246274"}],"curies":[{"name":"wp","href":"https:\/\/api.w.org\/{rel}","templated":true}]}}