{"id":247185,"date":"2021-11-18T13:15:25","date_gmt":"2021-11-18T13:15:25","guid":{"rendered":"https:\/\/creativegolf.com\/kosik\/"},"modified":"2025-12-01T09:38:04","modified_gmt":"2025-12-01T09:38:04","slug":"kosik","status":"publish","type":"page","link":"https:\/\/creativegolf.com\/sk\/kosik\/","title":{"rendered":"Ko\u0161\u00edk"},"content":{"rendered":"<p>[et_pb_section fb_built=&#8220;1&#8243; admin_label=&#8220;section&#8220; _builder_version=&#8220;4.27.4&#8243; background_image=&#8220;https:\/\/creativegolf.com\/wp-content\/uploads\/2025\/09\/Background_scale_3.jpg&#8220; parallax=&#8220;on&#8220; custom_css_main_element=&#8220;  background-image: url(https:\/\/creativegolf.com\/wp-content\/uploads\/2021\/11\/02_header_ciary.png), url(https:\/\/creativegolf.com\/wp-content\/uploads\/2021\/11\/02_footer_ciary.png);||background-size: initial;||  background-position: center top, center bottom;||  background-repeat: no-repeat, no-repeat;&#8220; da_disable_devices=&#8220;off|off|off&#8220; global_colors_info=&#8220;{}&#8220; da_is_popup=&#8220;off&#8220; da_exit_intent=&#8220;off&#8220; da_has_close=&#8220;on&#8220; da_alt_close=&#8220;off&#8220; da_dark_close=&#8220;off&#8220; da_not_modal=&#8220;on&#8220; da_is_singular=&#8220;off&#8220; da_with_loader=&#8220;off&#8220; da_has_shadow=&#8220;on&#8220;][et_pb_row _builder_version=&#8220;4.27.4&#8243; _module_preset=&#8220;default&#8220; custom_margin=&#8220;-20px|auto||auto|false|false&#8220; global_colors_info=&#8220;{}&#8220;][et_pb_column type=&#8220;4_4&#8243; _builder_version=&#8220;4.27.4&#8243; _module_preset=&#8220;default&#8220; global_colors_info=&#8220;{}&#8220;][et_pb_text _builder_version=&#8220;4.27.4&#8243; _module_preset=&#8220;default&#8220; header_font=&#8220;Mulish|200|||||||&#8220; header_font_size=&#8220;46px&#8220; use_background_color_gradient=&#8220;on&#8220; background_color_gradient_direction=&#8220;90deg&#8220; background_color_gradient_stops=&#8220;rgba(0,13,26,0) 0%|#000d1a 50%|rgba(0,13,26,0) 100%&#8220; custom_margin=&#8220;||||false|false&#8220; custom_padding=&#8220;7px||||false|false&#8220; global_colors_info=&#8220;{}&#8220;]<\/p>\n<h1 style=\"text-align: center;\"><span style=\"color: #ffffff;\">KO\u0160\u00cdK<\/span><\/h1>\n<p>[\/et_pb_text][\/et_pb_column][\/et_pb_row][et_pb_row admin_label=&#8220;riadok&#8220; _builder_version=&#8220;4.16&#8243; background_size=&#8220;initial&#8220; background_position=&#8220;top_left&#8220; background_repeat=&#8220;repeat&#8220; custom_padding=&#8220;0px||0px||false|false&#8220; global_colors_info=&#8220;{}&#8220;][et_pb_column type=&#8220;4_4&#8243; _builder_version=&#8220;4.16&#8243; custom_padding=&#8220;|||&#8220; global_colors_info=&#8220;{}&#8220; custom_padding__hover=&#8220;|||&#8220;][et_pb_text admin_label=&#8220;Text&#8220; _builder_version=&#8220;4.27.4&#8243; text_font=&#8220;Mulish||||||||&#8220; text_font_size=&#8220;20px&#8220; header_font=&#8220;Mulish||||||||&#8220; background_size=&#8220;initial&#8220; background_position=&#8220;top_left&#8220; background_repeat=&#8220;repeat&#8220; global_colors_info=&#8220;{}&#8220;]<\/p>\n\n<\/p>\n<p>[\/et_pb_text][\/et_pb_column][\/et_pb_row][\/et_pb_section]<\/p>\n","protected":false},"excerpt":{"rendered":"<p>KO\u0160\u00cdK<\/p>\n","protected":false},"author":1,"featured_media":0,"parent":0,"menu_order":0,"comment_status":"closed","ping_status":"closed","template":"","meta":{"_acf_changed":false,"_et_pb_use_builder":"on","_et_pb_old_content":"","_et_gb_content_width":"","footnotes":""},"class_list":["post-247185","page","type-page","status-publish","hentry"],"acf":[],"yoast_head":"<!-- This site is optimized with the Yoast SEO plugin v27.3 - https:\/\/yoast.com\/product\/yoast-seo-wordpress\/ -->\n<title>Ko\u0161\u00edk - Creative Golf<\/title>\n<meta name=\"robots\" content=\"index, follow, max-snippet:-1, max-image-preview:large, max-video-preview:-1\" \/>\n<link rel=\"canonical\" href=\"https:\/\/creativegolf.com\/sk\/kosik\/\" \/>\n<meta property=\"og:locale\" content=\"sk_SK\" \/>\n<meta property=\"og:type\" content=\"article\" \/>\n<meta property=\"og:title\" content=\"Ko\u0161\u00edk - Creative Golf\" \/>\n<meta property=\"og:description\" content=\"KO\u0160\u00cdK\" \/>\n<meta property=\"og:url\" content=\"https:\/\/creativegolf.com\/sk\/kosik\/\" \/>\n<meta property=\"og:site_name\" content=\"Creative Golf\" \/>\n<meta property=\"article:publisher\" content=\"https:\/\/www.facebook.com\/creativegolf3d\" \/>\n<meta property=\"article:modified_time\" content=\"2025-12-01T09:38:04+00:00\" \/>\n<meta name=\"twitter:card\" content=\"summary_large_image\" \/>\n<meta name=\"twitter:site\" content=\"@Creativegolf3D\" \/>\n<meta name=\"twitter:label1\" content=\"Predpokladan\u00fd \u010das \u010d\u00edtania\" \/>\n\t<meta name=\"twitter:data1\" content=\"1 min\u00fata\" \/>\n<script type=\"application\/ld+json\" class=\"yoast-schema-graph\">{\"@context\":\"https:\\\/\\\/schema.org\",\"@graph\":[{\"@type\":\"WebPage\",\"@id\":\"https:\\\/\\\/creativegolf.com\\\/sk\\\/kosik\\\/\",\"url\":\"https:\\\/\\\/creativegolf.com\\\/sk\\\/kosik\\\/\",\"name\":\"Ko\u0161\u00edk - Creative Golf\",\"isPartOf\":{\"@id\":\"https:\\\/\\\/creativegolf.com\\\/sk\\\/#website\"},\"datePublished\":\"2021-11-18T13:15:25+00:00\",\"dateModified\":\"2025-12-01T09:38:04+00:00\",\"breadcrumb\":{\"@id\":\"https:\\\/\\\/creativegolf.com\\\/sk\\\/kosik\\\/#breadcrumb\"},\"inLanguage\":\"sk-SK\",\"potentialAction\":[{\"@type\":\"ReadAction\",\"target\":[\"https:\\\/\\\/creativegolf.com\\\/sk\\\/kosik\\\/\"]}]},{\"@type\":\"BreadcrumbList\",\"@id\":\"https:\\\/\\\/creativegolf.com\\\/sk\\\/kosik\\\/#breadcrumb\",\"itemListElement\":[{\"@type\":\"ListItem\",\"position\":1,\"name\":\"Home\",\"item\":\"https:\\\/\\\/creativegolf.com\\\/sk\\\/domov\\\/\"},{\"@type\":\"ListItem\",\"position\":2,\"name\":\"Ko\u0161\u00edk\"}]},{\"@type\":\"WebSite\",\"@id\":\"https:\\\/\\\/creativegolf.com\\\/sk\\\/#website\",\"url\":\"https:\\\/\\\/creativegolf.com\\\/sk\\\/\",\"name\":\"Creative Golf\",\"description\":\"Creative Golf \\\/ Golfisimo\",\"potentialAction\":[{\"@type\":\"SearchAction\",\"target\":{\"@type\":\"EntryPoint\",\"urlTemplate\":\"https:\\\/\\\/creativegolf.com\\\/sk\\\/?s={search_term_string}\"},\"query-input\":{\"@type\":\"PropertyValueSpecification\",\"valueRequired\":true,\"valueName\":\"search_term_string\"}}],\"inLanguage\":\"sk-SK\"}]}<\/script>\n<!-- \/ Yoast SEO plugin. -->","yoast_head_json":{"title":"Ko\u0161\u00edk - Creative Golf","robots":{"index":"index","follow":"follow","max-snippet":"max-snippet:-1","max-image-preview":"max-image-preview:large","max-video-preview":"max-video-preview:-1"},"canonical":"https:\/\/creativegolf.com\/sk\/kosik\/","og_locale":"sk_SK","og_type":"article","og_title":"Ko\u0161\u00edk - Creative Golf","og_description":"KO\u0160\u00cdK","og_url":"https:\/\/creativegolf.com\/sk\/kosik\/","og_site_name":"Creative Golf","article_publisher":"https:\/\/www.facebook.com\/creativegolf3d","article_modified_time":"2025-12-01T09:38:04+00:00","twitter_card":"summary_large_image","twitter_site":"@Creativegolf3D","twitter_misc":{"Predpokladan\u00fd \u010das \u010d\u00edtania":"1 min\u00fata"},"schema":{"@context":"https:\/\/schema.org","@graph":[{"@type":"WebPage","@id":"https:\/\/creativegolf.com\/sk\/kosik\/","url":"https:\/\/creativegolf.com\/sk\/kosik\/","name":"Ko\u0161\u00edk - Creative Golf","isPartOf":{"@id":"https:\/\/creativegolf.com\/sk\/#website"},"datePublished":"2021-11-18T13:15:25+00:00","dateModified":"2025-12-01T09:38:04+00:00","breadcrumb":{"@id":"https:\/\/creativegolf.com\/sk\/kosik\/#breadcrumb"},"inLanguage":"sk-SK","potentialAction":[{"@type":"ReadAction","target":["https:\/\/creativegolf.com\/sk\/kosik\/"]}]},{"@type":"BreadcrumbList","@id":"https:\/\/creativegolf.com\/sk\/kosik\/#breadcrumb","itemListElement":[{"@type":"ListItem","position":1,"name":"Home","item":"https:\/\/creativegolf.com\/sk\/domov\/"},{"@type":"ListItem","position":2,"name":"Ko\u0161\u00edk"}]},{"@type":"WebSite","@id":"https:\/\/creativegolf.com\/sk\/#website","url":"https:\/\/creativegolf.com\/sk\/","name":"Creative Golf","description":"Creative Golf \/ Golfisimo","potentialAction":[{"@type":"SearchAction","target":{"@type":"EntryPoint","urlTemplate":"https:\/\/creativegolf.com\/sk\/?s={search_term_string}"},"query-input":{"@type":"PropertyValueSpecification","valueRequired":true,"valueName":"search_term_string"}}],"inLanguage":"sk-SK"}]}},"_links":{"self":[{"href":"https:\/\/creativegolf.com\/sk\/wp-json\/wp\/v2\/pages\/247185","targetHints":{"allow":["GET"]}}],"collection":[{"href":"https:\/\/creativegolf.com\/sk\/wp-json\/wp\/v2\/pages"}],"about":[{"href":"https:\/\/creativegolf.com\/sk\/wp-json\/wp\/v2\/types\/page"}],"author":[{"embeddable":true,"href":"https:\/\/creativegolf.com\/sk\/wp-json\/wp\/v2\/users\/1"}],"replies":[{"embeddable":true,"href":"https:\/\/creativegolf.com\/sk\/wp-json\/wp\/v2\/comments?post=247185"}],"version-history":[{"count":8,"href":"https:\/\/creativegolf.com\/sk\/wp-json\/wp\/v2\/pages\/247185\/revisions"}],"predecessor-version":[{"id":262010,"href":"https:\/\/creativegolf.com\/sk\/wp-json\/wp\/v2\/pages\/247185\/revisions\/262010"}],"wp:attachment":[{"href":"https:\/\/creativegolf.com\/sk\/wp-json\/wp\/v2\/media?parent=247185"}],"curies":[{"name":"wp","href":"https:\/\/api.w.org\/{rel}","templated":true}]}}