{"id":247189,"date":"2021-11-04T15:16:01","date_gmt":"2021-11-04T15:16:01","guid":{"rendered":"https:\/\/creativegolf.com\/faq\/"},"modified":"2024-01-15T12:09:20","modified_gmt":"2024-01-15T12:09:20","slug":"faq","status":"publish","type":"page","link":"https:\/\/creativegolf.com\/sk\/faq\/","title":{"rendered":"FAQ"},"content":{"rendered":"<p>[et_pb_section fb_built=&#8220;1&#8243; _builder_version=&#8220;4.16&#8243; _module_preset=&#8220;3a146351-bb7c-413f-b0a7-12575285084b&#8220; da_disable_devices=&#8220;off|off|off&#8220; global_colors_info=&#8220;{}&#8220; da_is_popup=&#8220;off&#8220; da_exit_intent=&#8220;off&#8220; da_has_close=&#8220;on&#8220; da_alt_close=&#8220;off&#8220; da_dark_close=&#8220;off&#8220; da_not_modal=&#8220;on&#8220; da_is_singular=&#8220;off&#8220; da_with_loader=&#8220;off&#8220; da_has_shadow=&#8220;on&#8220;][et_pb_row _builder_version=&#8220;4.16&#8243; _module_preset=&#8220;2aba09ab-2a29-40c7-ad3f-14db7a477588&#8243; global_colors_info=&#8220;{}&#8220;][et_pb_column type=&#8220;4_4&#8243; _builder_version=&#8220;4.16&#8243; _module_preset=&#8220;default&#8220; global_colors_info=&#8220;{}&#8220;][et_pb_blurb title=&#8220;FAQ&#8220; image=&#8220;https:\/\/creativegolf.com\/wp-content\/uploads\/2021\/11\/FAQ.png&#8220; _builder_version=&#8220;4.16&#8243; _module_preset=&#8220;cb171c0e-7902-4492-a502-7080e3457764&#8243; global_colors_info=&#8220;{}&#8220;][\/et_pb_blurb][\/et_pb_column][\/et_pb_row][\/et_pb_section][et_pb_section fb_built=&#8220;1&#8243; _builder_version=&#8220;4.16&#8243; _module_preset=&#8220;default&#8220; background_enable_image=&#8220;off&#8220; background_size=&#8220;initial&#8220; background_position=&#8220;top_center&#8220; custom_css_main_element=&#8220;  background-image: url(https:\/\/creativegolf.com\/wp-content\/uploads\/2021\/11\/02_header_ciary.png), url(https:\/\/creativegolf.com\/wp-content\/uploads\/2021\/11\/02_footer_ciary.png);||background-size: initial;||  background-position: center top, center bottom;||  background-repeat: no-repeat, no-repeat;&#8220; da_disable_devices=&#8220;off|off|off&#8220; global_colors_info=&#8220;{}&#8220; da_is_popup=&#8220;off&#8220; da_exit_intent=&#8220;off&#8220; da_has_close=&#8220;on&#8220; da_alt_close=&#8220;off&#8220; da_dark_close=&#8220;off&#8220; da_not_modal=&#8220;on&#8220; da_is_singular=&#8220;off&#8220; da_with_loader=&#8220;off&#8220; da_has_shadow=&#8220;on&#8220;][et_pb_row _builder_version=&#8220;4.16&#8243; _module_preset=&#8220;default&#8220; global_colors_info=&#8220;{}&#8220;][et_pb_column type=&#8220;4_4&#8243; _builder_version=&#8220;4.16&#8243; _module_preset=&#8220;default&#8220; global_colors_info=&#8220;{}&#8220;][et_pb_text _builder_version=&#8220;4.20.0&#8243; _module_preset=&#8220;31639539-1bf4-4655-aa10-63907382d9d5&#8243; header_2_font_size=&#8220;30px&#8220; header_2_font_size_tablet=&#8220;26px&#8220; header_2_font_size_phone=&#8220;&#8220; header_2_font_size_last_edited=&#8220;on|desktop&#8220; global_colors_info=&#8220;{}&#8220;]<\/p>\n<h2>V\u0161eobecn\u00e9 ot\u00e1zky o Creative Golf<\/h2>\n<p>[\/et_pb_text][et_pb_accordion _builder_version=&#8220;4.23.4&#8243; _module_preset=&#8220;e9df0db8-762d-411d-81e2-175944b7deaf&#8220; hover_enabled=&#8220;0&#8243; global_colors_info=&#8220;{}&#8220; sticky_enabled=&#8220;0&#8243;][et_pb_accordion_item title=&#8220;Ako nastavi\u0165 presn\u00fd smer letu lopty?&#8220; _builder_version=&#8220;4.20.0&#8243; _module_preset=&#8220;default&#8220; global_colors_info=&#8220;{}&#8220; open=&#8220;off&#8220;]<\/p>\n<p>Pre\u010d\u00edtajte si tento <a href=\"https:\/\/creativegolf.com\/sk\/how-to-set-accurate-ball-flight-direction-for-the-skytrak-foresight-gc2-quad-flightscope-mevo-x3-xi\/\" title=\"Ako nastavi\u0165 presn\u00fd smer letu\">MANU\u00c1L<\/a>.<\/p>\n<p>[\/et_pb_accordion_item][et_pb_accordion_item title=&#8220;Viem v hre Creative Golf 3D umiest\u0148ova\u0165 vlastn\u00e9 reklamy?&#8220; _builder_version=&#8220;4.20.0&#8243; _module_preset=&#8220;default&#8220; global_colors_info=&#8220;{}&#8220; open=&#8220;off&#8220;]<\/p>\n<p>\u00c1no, umiest\u0148ovanie rekl\u00e1m je mo\u017en\u00e9 na predpripraven\u00fdch ihrisk\u00e1ch na billboardoch, bal\u00f3noch a vzducholodiach. V prie\u010dinku, kde m\u00e1te nain\u0161talovan\u00fd softv\u00e9r Creative Golf 3D n\u00e1jdete adres\u00e1r \\advert\\Billboards\\. Tu sa nach\u00e1dzaj\u00fa adres\u00e1re pridelen\u00e9 jednotliv\u00fdm druhom objektov. V ka\u017edom adres\u00e1ri je vlo\u017een\u00e1 text\u00fara s prednastaven\u00fdm vzorom a vyzna\u010denou hranicou. Hranica zn\u00e1zor\u0148uje oblas\u0165 text\u00fary, ktor\u00e1 sa zobraz\u00ed na objekte. \u010cas\u0165 obr\u00e1zka mimo tejto hranice zobrazen\u00e1 nebude. Prednastaven\u00fa text\u00faru je mo\u017en\u00e9 vymaza\u0165. Do adres\u00e1rov je mo\u017en\u00e9 vlo\u017ei\u0165 aj viac text\u00far. V takomto pr\u00edpade sa bud\u00fa text\u00fary v ka\u017edom prie\u010dinku strieda\u0165 v 30 sekundovom intervale.<\/p>\n<p>Tieto reklamy sa zobrazuj\u00fa na ihrisk\u00e1ch z\u00e1kladn\u00e9ho bal\u00edku &#8211; Range Academy, Target Golf a Long Mesquite a ihrisku Windy Valley.<\/p>\n<p>\u010eal\u0161ou mo\u017enos\u0165ou je zobrazenie reklamy pri prechode z dohratej jamky na nov\u00fa jamku. V prie\u010dinku, kde m\u00e1te nain\u0161talovan\u00fd softv\u00e9r Creative Golf n\u00e1jdete adres\u00e1r \\advert\\. Do tohoto adres\u00e1ru vlo\u017e\u00edte reklamn\u00e9 obr\u00e1zky, ktor\u00e9 chcete pou\u017ei\u0165 na reklamy medzi jamkami. N\u00e1sledne ich pou\u017eitie nastav\u00edte v rovnakom adres\u00e1ri v s\u00fabore Adverts.conf.<\/p>\n<p>V \u010dasti [#Global#] nastav\u00edte vlastnosti obr\u00e1zkov pod\u013ea pripraven\u00e9ho vzoru. Ak pou\u017eijete &#8222;x&#8220;, obr\u00e1zok bude pou\u017eit\u00fd medzi v\u0161etk\u00fdmi jamkami, ktor\u00e9 nemaj\u00fa pridelen\u00fd in\u00fd obr\u00e1zok. Pokia\u013e sa &#8222;x&#8220; bude nach\u00e1dza\u0165 pri viacer\u00fdch reklamn\u00fdch obr\u00e1zkoch, tieto obr\u00e1zky sa bud\u00fa strieda\u0165. Ak namiesto &#8222;x&#8220; zad\u00e1te \u010d\u00edslo, pridelen\u00e1 reklama sa zobraz\u00ed pred zvolenou jamkou. Ak namiesto &#8222;x&#8220; zad\u00e1te 1, je potrebn\u00e9 zvoli\u0165 v \u010dasti [#General#] ShowOnFirstHole = yes, in\u00e1\u010d sa reklama pred prvou jamkou nezobraz\u00ed.<\/p>\n<p>Na reklamy medzi jamkami je mo\u017en\u00e9 pou\u017e\u00edva\u0165 aj USB k\u013e\u00fa\u010d. Priamo v \u0148om vytvor\u00edte prie\u010dinok s n\u00e1zvom Advert. Do tohoto prie\u010dinku nakop\u00edrujete s\u00fabor Adverts.conf a uprav\u00edte ho pod\u013ea rovnak\u00e9ho postupu ako je spom\u00ednan\u00e9 vy\u0161\u0161ie. Do rovnak\u00e9ho prie\u010dinku vlo\u017e\u00edte po\u017eadovan\u00e9 obr\u00e1zky. Obsah z adres\u00e1ra advert na USB k\u013e\u00fa\u010di m\u00e1 nadraden\u00fa prioritu nad adres\u00e1rom Advert v mieste, kde m\u00e1te nain\u0161talovan\u00fa hru Creative Golf. USB k\u013e\u00fa\u010d je potrebn\u00e9 pripoji\u0165 bu\u010f pred zapnut\u00edm hry Creative Golf 3D, alebo ak je hra Creative Golf 3D po\u010das prip\u00e1jania USB k\u013e\u00fa\u010du spusten\u00e1, je potrebn\u00e9 hru re\u0161tartova\u0165. Pri pripojen\u00ed USB k\u013e\u00fa\u010du po\u010das hrania hry Creative Golf bude USB k\u013e\u00fa\u010d hrou ignorovan\u00fd.<\/p>\n<p>[\/et_pb_accordion_item][et_pb_accordion_item title=&#8220;Ako zobrazi\u0165 hru na sekund\u00e1rnej obrazovke?&#8220; _builder_version=&#8220;4.23.4&#8243; _module_preset=&#8220;default&#8220; hover_enabled=&#8220;0&#8243; sticky_enabled=&#8220;0&#8243; open=&#8220;on&#8220;]<\/p>\n<p>Ak je re\u017eim okna nastaven\u00fd na bezokrajov\u00e9 okno, poz\u00edciu a ve\u013ekos\u0165 hern\u00e9ho okna mo\u017eno upravi\u0165.<br \/>Polohu a ve\u013ekos\u0165 mo\u017eno nastavi\u0165 pridan\u00edm parametrov k cie\u013eu vo vlastnostiach ikony. Postup je nasledovn\u00fd:<\/p>\n<p>1. Spustite Creative Golf\/Golfisimo a v Nastaveniach zme\u0148te re\u017eim okna na Bezokrajov\u00e9 okno, zatvorte Creative Golf<\/p>\n<p>2. Vyberte ikonu Creative Golf\/Golfisimo, kliknite prav\u00fdm tla\u010didlom my\u0161i, prejdite na Vlastnosti, kartu Z\u00e1stupca a pridajte do Cie\u013eov\u00e9ho priestoru (&#8220; &#8222;) a<br \/>\/left=1920 \/top=0 \/width=1920 \/height=1080<br \/>Pre \u013eav\u00fd monitor pou\u017eite ve\u013ekos\u0165 v\u00e1\u0161ho prim\u00e1rneho monitora. Najlep\u0161ie pou\u017eitie v pr\u00edpade vertik\u00e1lnej konfigur\u00e1cie monitora.<br \/>Nastavenie ve\u013ekosti sekund\u00e1rneho monitora pomocou \u0161\u00edrky a v\u00fd\u0161ky.<\/p>\n<p><img decoding=\"async\" data-src=\"https:\/\/creativegolf.com\/wp-content\/uploads\/2024\/01\/FAQ_secondary_screen-199x300.jpg\" width=\"199\" height=\"300\" alt=\"\" class=\"wp-image-253642 alignnone size-medium lazyload\" data-srcset=\"https:\/\/creativegolf.com\/wp-content\/uploads\/2024\/01\/FAQ_secondary_screen-199x300.jpg 199w, https:\/\/creativegolf.com\/wp-content\/uploads\/2024\/01\/FAQ_secondary_screen.jpg 358w\" data-sizes=\"(max-width: 199px) 100vw, 199px\" src=\"data:image\/svg+xml;base64,PHN2ZyB3aWR0aD0iMSIgaGVpZ2h0PSIxIiB4bWxucz0iaHR0cDovL3d3dy53My5vcmcvMjAwMC9zdmciPjwvc3ZnPg==\" style=\"--smush-placeholder-width: 199px; --smush-placeholder-aspect-ratio: 199\/300;\" \/><\/p>\n<p>3. Ulo\u017ete a spustite Creative Golf\/Golfisimo pod\u013ea ikony.<\/p>\n<p>[\/et_pb_accordion_item][\/et_pb_accordion][et_pb_code _builder_version=&#8220;4.16&#8243; _module_preset=&#8220;default&#8220; global_colors_info=&#8220;{}&#8220;]<script><!-- [et_pb_line_break_holder] -->jQuery(function($){<!-- [et_pb_line_break_holder] -->    $('.et_pb_accordion .et_pb_toggle_open').addClass('et_pb_toggle_close').removeClass('et_pb_toggle_open');<!-- [et_pb_line_break_holder] --><!-- [et_pb_line_break_holder] -->    $('.et_pb_accordion .et_pb_toggle').click(function() {<!-- [et_pb_line_break_holder] -->      $this = $(this);<!-- [et_pb_line_break_holder] -->      setTimeout(function(){<!-- [et_pb_line_break_holder] -->         $this.closest('.et_pb_accordion').removeClass('et_pb_accordion_toggling');<!-- [et_pb_line_break_holder] -->      },700);<!-- [et_pb_line_break_holder] -->    });<!-- [et_pb_line_break_holder] -->});<!-- [et_pb_line_break_holder] --><\/script>[\/et_pb_code][\/et_pb_column][\/et_pb_row][et_pb_row _builder_version=&#8220;4.16&#8243; _module_preset=&#8220;default&#8220; global_colors_info=&#8220;{}&#8220;][et_pb_column type=&#8220;4_4&#8243; _builder_version=&#8220;4.16&#8243; _module_preset=&#8220;default&#8220; global_colors_info=&#8220;{}&#8220;][et_pb_text _builder_version=&#8220;4.20.0&#8243; _module_preset=&#8220;31639539-1bf4-4655-aa10-63907382d9d5&#8243; header_2_font_size=&#8220;30px&#8220; header_2_font_size_tablet=&#8220;26px&#8220; header_2_font_size_phone=&#8220;&#8220; header_2_font_size_last_edited=&#8220;on|desktop&#8220; global_colors_info=&#8220;{}&#8220;]<\/p>\n<h2> Ot\u00e1zky o Creative Golf pre SkyTrak<\/h2>\n<p>[\/et_pb_text][et_pb_accordion _builder_version=&#8220;4.22.0&#8243; _module_preset=&#8220;e9df0db8-762d-411d-81e2-175944b7deaf&#8220; global_colors_info=&#8220;{}&#8220;][et_pb_accordion_item title=&#8220;\u010co m\u00f4\u017eem urobi\u0165, ak hra pre SkyTrak spadne po spusten\u00ed alebo po\u010das pripojenia k SkyTraku?&#8220; open=&#8220;on&#8220; _builder_version=&#8220;4.22.0&#8243; _module_preset=&#8220;default&#8220; background_enable_color=&#8220;off&#8220; background_enable_image=&#8220;off&#8220; global_colors_info=&#8220;{}&#8220; toggle_level=&#8220;h3&#8243;]<\/p>\n<p><span><\/span>Nain\u0161talujte si najnov\u0161iu aktualiz\u00e1ciu. N\u00e1jdete ju <a href=\"https:\/\/creativegolf.com\/sk\/download\/\" title=\"Download\">TU<\/a> v \u010dasti Aktualiz\u00e1cie Creative Golf.<\/p>\n<p>Ak m\u00e1te star\u0161iu verziu: 2.8, mus\u00edte si najsk\u00f4r nain\u0161talova\u0165 aktualiz\u00e1ciu 2.8 \u2192 2.10. <\/p>\n<p>[\/et_pb_accordion_item][\/et_pb_accordion][et_pb_code _builder_version=&#8220;4.16&#8243; _module_preset=&#8220;default&#8220; global_colors_info=&#8220;{}&#8220;]<script><!-- [et_pb_line_break_holder] -->jQuery(function($){<!-- [et_pb_line_break_holder] -->    $('.et_pb_accordion .et_pb_toggle_open').addClass('et_pb_toggle_close').removeClass('et_pb_toggle_open');<!-- [et_pb_line_break_holder] --><!-- [et_pb_line_break_holder] -->    $('.et_pb_accordion .et_pb_toggle').click(function() {<!-- [et_pb_line_break_holder] -->      $this = $(this);<!-- [et_pb_line_break_holder] -->      setTimeout(function(){<!-- [et_pb_line_break_holder] -->         $this.closest('.et_pb_accordion').removeClass('et_pb_accordion_toggling');<!-- [et_pb_line_break_holder] -->      },700);<!-- [et_pb_line_break_holder] -->    });<!-- [et_pb_line_break_holder] -->});<!-- [et_pb_line_break_holder] --><\/script>[\/et_pb_code][\/et_pb_column][\/et_pb_row][\/et_pb_section]<\/p>\n","protected":false},"excerpt":{"rendered":"<p>V\u0161eobecn\u00e9 ot\u00e1zky o Creative GolfPre\u010d\u00edtajte si tento MANU\u00c1L.\u00c1no, umiest\u0148ovanie rekl\u00e1m je mo\u017en\u00e9 na predpripraven\u00fdch ihrisk\u00e1ch na billboardoch, bal\u00f3noch a vzducholodiach. V prie\u010dinku, kde m\u00e1te nain\u0161talovan\u00fd softv\u00e9r Creative Golf 3D n\u00e1jdete adres\u00e1r \\advert\\Billboards\\. Tu sa nach\u00e1dzaj\u00fa adres\u00e1re pridelen\u00e9 jednotliv\u00fdm druhom objektov. V ka\u017edom adres\u00e1ri je vlo\u017een\u00e1 text\u00fara s prednastaven\u00fdm vzorom a vyzna\u010denou hranicou. Hranica zn\u00e1zor\u0148uje oblas\u0165 [&hellip;]<\/p>\n","protected":false},"author":1,"featured_media":0,"parent":0,"menu_order":0,"comment_status":"closed","ping_status":"closed","template":"","meta":{"_acf_changed":false,"_et_pb_use_builder":"on","_et_pb_old_content":"","_et_gb_content_width":"","footnotes":""},"class_list":["post-247189","page","type-page","status-publish","hentry"],"acf":[],"yoast_head":"<!-- This site is optimized with the Yoast SEO plugin v27.3 - https:\/\/yoast.com\/product\/yoast-seo-wordpress\/ -->\n<title>FAQ - Creative Golf<\/title>\n<meta name=\"robots\" content=\"index, follow, max-snippet:-1, max-image-preview:large, max-video-preview:-1\" \/>\n<link rel=\"canonical\" href=\"https:\/\/creativegolf.com\/sk\/faq\/\" \/>\n<meta property=\"og:locale\" content=\"sk_SK\" \/>\n<meta property=\"og:type\" content=\"article\" \/>\n<meta property=\"og:title\" content=\"FAQ - Creative Golf\" \/>\n<meta property=\"og:description\" content=\"V\u0161eobecn\u00e9 ot\u00e1zky o Creative GolfPre\u010d\u00edtajte si tento MANU\u00c1L.\u00c1no, umiest\u0148ovanie rekl\u00e1m je mo\u017en\u00e9 na predpripraven\u00fdch ihrisk\u00e1ch na billboardoch, bal\u00f3noch a vzducholodiach. V prie\u010dinku, kde m\u00e1te nain\u0161talovan\u00fd softv\u00e9r Creative Golf 3D n\u00e1jdete adres\u00e1r advertBillboards. Tu sa nach\u00e1dzaj\u00fa adres\u00e1re pridelen\u00e9 jednotliv\u00fdm druhom objektov. V ka\u017edom adres\u00e1ri je vlo\u017een\u00e1 text\u00fara s prednastaven\u00fdm vzorom a vyzna\u010denou hranicou. Hranica zn\u00e1zor\u0148uje oblas\u0165 [&hellip;]\" \/>\n<meta property=\"og:url\" content=\"https:\/\/creativegolf.com\/sk\/faq\/\" \/>\n<meta property=\"og:site_name\" content=\"Creative Golf\" \/>\n<meta property=\"article:publisher\" content=\"https:\/\/www.facebook.com\/creativegolf3d\" \/>\n<meta property=\"article:modified_time\" content=\"2024-01-15T12:09:20+00:00\" \/>\n<meta property=\"og:image\" content=\"https:\/\/creativegolf.com\/wp-content\/uploads\/2024\/01\/FAQ_secondary_screen-199x300.jpg\" \/>\n<meta name=\"twitter:card\" content=\"summary_large_image\" \/>\n<meta name=\"twitter:site\" content=\"@Creativegolf3D\" \/>\n<meta name=\"twitter:label1\" content=\"Predpokladan\u00fd \u010das \u010d\u00edtania\" \/>\n\t<meta name=\"twitter:data1\" content=\"6 min\u00fat\" \/>\n<script type=\"application\/ld+json\" class=\"yoast-schema-graph\">{\"@context\":\"https:\\\/\\\/schema.org\",\"@graph\":[{\"@type\":\"WebPage\",\"@id\":\"https:\\\/\\\/creativegolf.com\\\/sk\\\/faq\\\/\",\"url\":\"https:\\\/\\\/creativegolf.com\\\/sk\\\/faq\\\/\",\"name\":\"FAQ - Creative Golf\",\"isPartOf\":{\"@id\":\"https:\\\/\\\/creativegolf.com\\\/sk\\\/#website\"},\"primaryImageOfPage\":{\"@id\":\"https:\\\/\\\/creativegolf.com\\\/sk\\\/faq\\\/#primaryimage\"},\"image\":{\"@id\":\"https:\\\/\\\/creativegolf.com\\\/sk\\\/faq\\\/#primaryimage\"},\"thumbnailUrl\":\"https:\\\/\\\/creativegolf.com\\\/wp-content\\\/uploads\\\/2024\\\/01\\\/FAQ_secondary_screen-199x300.jpg\",\"datePublished\":\"2021-11-04T15:16:01+00:00\",\"dateModified\":\"2024-01-15T12:09:20+00:00\",\"breadcrumb\":{\"@id\":\"https:\\\/\\\/creativegolf.com\\\/sk\\\/faq\\\/#breadcrumb\"},\"inLanguage\":\"sk-SK\",\"potentialAction\":[{\"@type\":\"ReadAction\",\"target\":[\"https:\\\/\\\/creativegolf.com\\\/sk\\\/faq\\\/\"]}]},{\"@type\":\"ImageObject\",\"inLanguage\":\"sk-SK\",\"@id\":\"https:\\\/\\\/creativegolf.com\\\/sk\\\/faq\\\/#primaryimage\",\"url\":\"https:\\\/\\\/creativegolf.com\\\/wp-content\\\/uploads\\\/2024\\\/01\\\/FAQ_secondary_screen-199x300.jpg\",\"contentUrl\":\"https:\\\/\\\/creativegolf.com\\\/wp-content\\\/uploads\\\/2024\\\/01\\\/FAQ_secondary_screen-199x300.jpg\"},{\"@type\":\"BreadcrumbList\",\"@id\":\"https:\\\/\\\/creativegolf.com\\\/sk\\\/faq\\\/#breadcrumb\",\"itemListElement\":[{\"@type\":\"ListItem\",\"position\":1,\"name\":\"Home\",\"item\":\"https:\\\/\\\/creativegolf.com\\\/sk\\\/domov\\\/\"},{\"@type\":\"ListItem\",\"position\":2,\"name\":\"FAQ\"}]},{\"@type\":\"WebSite\",\"@id\":\"https:\\\/\\\/creativegolf.com\\\/sk\\\/#website\",\"url\":\"https:\\\/\\\/creativegolf.com\\\/sk\\\/\",\"name\":\"Creative Golf\",\"description\":\"Creative Golf \\\/ Golfisimo\",\"potentialAction\":[{\"@type\":\"SearchAction\",\"target\":{\"@type\":\"EntryPoint\",\"urlTemplate\":\"https:\\\/\\\/creativegolf.com\\\/sk\\\/?s={search_term_string}\"},\"query-input\":{\"@type\":\"PropertyValueSpecification\",\"valueRequired\":true,\"valueName\":\"search_term_string\"}}],\"inLanguage\":\"sk-SK\"}]}<\/script>\n<!-- \/ Yoast SEO plugin. -->","yoast_head_json":{"title":"FAQ - Creative Golf","robots":{"index":"index","follow":"follow","max-snippet":"max-snippet:-1","max-image-preview":"max-image-preview:large","max-video-preview":"max-video-preview:-1"},"canonical":"https:\/\/creativegolf.com\/sk\/faq\/","og_locale":"sk_SK","og_type":"article","og_title":"FAQ - Creative Golf","og_description":"V\u0161eobecn\u00e9 ot\u00e1zky o Creative GolfPre\u010d\u00edtajte si tento MANU\u00c1L.\u00c1no, umiest\u0148ovanie rekl\u00e1m je mo\u017en\u00e9 na predpripraven\u00fdch ihrisk\u00e1ch na billboardoch, bal\u00f3noch a vzducholodiach. V prie\u010dinku, kde m\u00e1te nain\u0161talovan\u00fd softv\u00e9r Creative Golf 3D n\u00e1jdete adres\u00e1r advertBillboards. Tu sa nach\u00e1dzaj\u00fa adres\u00e1re pridelen\u00e9 jednotliv\u00fdm druhom objektov. V ka\u017edom adres\u00e1ri je vlo\u017een\u00e1 text\u00fara s prednastaven\u00fdm vzorom a vyzna\u010denou hranicou. Hranica zn\u00e1zor\u0148uje oblas\u0165 [&hellip;]","og_url":"https:\/\/creativegolf.com\/sk\/faq\/","og_site_name":"Creative Golf","article_publisher":"https:\/\/www.facebook.com\/creativegolf3d","article_modified_time":"2024-01-15T12:09:20+00:00","og_image":[{"url":"https:\/\/creativegolf.com\/wp-content\/uploads\/2024\/01\/FAQ_secondary_screen-199x300.jpg","type":"","width":"","height":""}],"twitter_card":"summary_large_image","twitter_site":"@Creativegolf3D","twitter_misc":{"Predpokladan\u00fd \u010das \u010d\u00edtania":"6 min\u00fat"},"schema":{"@context":"https:\/\/schema.org","@graph":[{"@type":"WebPage","@id":"https:\/\/creativegolf.com\/sk\/faq\/","url":"https:\/\/creativegolf.com\/sk\/faq\/","name":"FAQ - Creative Golf","isPartOf":{"@id":"https:\/\/creativegolf.com\/sk\/#website"},"primaryImageOfPage":{"@id":"https:\/\/creativegolf.com\/sk\/faq\/#primaryimage"},"image":{"@id":"https:\/\/creativegolf.com\/sk\/faq\/#primaryimage"},"thumbnailUrl":"https:\/\/creativegolf.com\/wp-content\/uploads\/2024\/01\/FAQ_secondary_screen-199x300.jpg","datePublished":"2021-11-04T15:16:01+00:00","dateModified":"2024-01-15T12:09:20+00:00","breadcrumb":{"@id":"https:\/\/creativegolf.com\/sk\/faq\/#breadcrumb"},"inLanguage":"sk-SK","potentialAction":[{"@type":"ReadAction","target":["https:\/\/creativegolf.com\/sk\/faq\/"]}]},{"@type":"ImageObject","inLanguage":"sk-SK","@id":"https:\/\/creativegolf.com\/sk\/faq\/#primaryimage","url":"https:\/\/creativegolf.com\/wp-content\/uploads\/2024\/01\/FAQ_secondary_screen-199x300.jpg","contentUrl":"https:\/\/creativegolf.com\/wp-content\/uploads\/2024\/01\/FAQ_secondary_screen-199x300.jpg"},{"@type":"BreadcrumbList","@id":"https:\/\/creativegolf.com\/sk\/faq\/#breadcrumb","itemListElement":[{"@type":"ListItem","position":1,"name":"Home","item":"https:\/\/creativegolf.com\/sk\/domov\/"},{"@type":"ListItem","position":2,"name":"FAQ"}]},{"@type":"WebSite","@id":"https:\/\/creativegolf.com\/sk\/#website","url":"https:\/\/creativegolf.com\/sk\/","name":"Creative Golf","description":"Creative Golf \/ Golfisimo","potentialAction":[{"@type":"SearchAction","target":{"@type":"EntryPoint","urlTemplate":"https:\/\/creativegolf.com\/sk\/?s={search_term_string}"},"query-input":{"@type":"PropertyValueSpecification","valueRequired":true,"valueName":"search_term_string"}}],"inLanguage":"sk-SK"}]}},"_links":{"self":[{"href":"https:\/\/creativegolf.com\/sk\/wp-json\/wp\/v2\/pages\/247189","targetHints":{"allow":["GET"]}}],"collection":[{"href":"https:\/\/creativegolf.com\/sk\/wp-json\/wp\/v2\/pages"}],"about":[{"href":"https:\/\/creativegolf.com\/sk\/wp-json\/wp\/v2\/types\/page"}],"author":[{"embeddable":true,"href":"https:\/\/creativegolf.com\/sk\/wp-json\/wp\/v2\/users\/1"}],"replies":[{"embeddable":true,"href":"https:\/\/creativegolf.com\/sk\/wp-json\/wp\/v2\/comments?post=247189"}],"version-history":[{"count":20,"href":"https:\/\/creativegolf.com\/sk\/wp-json\/wp\/v2\/pages\/247189\/revisions"}],"predecessor-version":[{"id":253656,"href":"https:\/\/creativegolf.com\/sk\/wp-json\/wp\/v2\/pages\/247189\/revisions\/253656"}],"wp:attachment":[{"href":"https:\/\/creativegolf.com\/sk\/wp-json\/wp\/v2\/media?parent=247189"}],"curies":[{"name":"wp","href":"https:\/\/api.w.org\/{rel}","templated":true}]}}