{"id":248205,"date":"2023-03-03T10:56:17","date_gmt":"2023-03-03T10:56:17","guid":{"rendered":"https:\/\/creativegolf.com\/how-to-set-accurate-ball-flight-direction-for-the-skytrak-foresight-gc2-quad-flightscope-mevo-x3-xi\/"},"modified":"2023-04-20T05:10:42","modified_gmt":"2023-04-20T05:10:42","slug":"how-to-set-accurate-ball-flight-direction-for-the-skytrak-foresight-gc2-quad-flightscope-mevo-x3-xi","status":"publish","type":"page","link":"https:\/\/creativegolf.com\/sk\/how-to-set-accurate-ball-flight-direction-for-the-skytrak-foresight-gc2-quad-flightscope-mevo-x3-xi\/","title":{"rendered":"How to set accurate ball flight direction for the Skytrak, Foresight GC2, QUAD, Flightscope Mevo+, X3, Xi"},"content":{"rendered":"<p>[et_pb_section fb_built=&#8220;1&#8243; theme_builder_area=&#8220;post_content&#8220; _builder_version=&#8220;4.20.0&#8243; _module_preset=&#8220;default&#8220; hover_enabled=&#8220;0&#8243; sticky_enabled=&#8220;0&#8243; da_is_popup=&#8220;off&#8220; da_exit_intent=&#8220;off&#8220; da_has_close=&#8220;on&#8220; da_alt_close=&#8220;off&#8220; da_dark_close=&#8220;off&#8220; da_not_modal=&#8220;on&#8220; da_is_singular=&#8220;off&#8220; da_with_loader=&#8220;off&#8220; da_has_shadow=&#8220;on&#8220; da_disable_devices=&#8220;off|off|off&#8220;][et_pb_row _builder_version=&#8220;4.20.0&#8243; _module_preset=&#8220;default&#8220; theme_builder_area=&#8220;post_content&#8220; hover_enabled=&#8220;0&#8243; sticky_enabled=&#8220;0&#8243;][et_pb_column _builder_version=&#8220;4.20.0&#8243; _module_preset=&#8220;default&#8220; type=&#8220;4_4&#8243; theme_builder_area=&#8220;post_content&#8220;][et_pb_post_title _builder_version=&#8220;4.20.0&#8243; _module_preset=&#8220;default&#8220; theme_builder_area=&#8220;post_content&#8220; meta=&#8220;off&#8220; featured_image=&#8220;off&#8220; hover_enabled=&#8220;0&#8243; sticky_enabled=&#8220;0&#8243; title_font=&#8220;|800|||||||&#8220;][\/et_pb_post_title][\/et_pb_column][\/et_pb_row][et_pb_row _builder_version=&#8220;4.20.0&#8243; _module_preset=&#8220;default&#8220; theme_builder_area=&#8220;post_content&#8220;][et_pb_column _builder_version=&#8220;4.20.0&#8243; _module_preset=&#8220;default&#8220; type=&#8220;4_4&#8243; theme_builder_area=&#8220;post_content&#8220;][et_pb_text _builder_version=&#8220;4.20.0&#8243; _module_preset=&#8220;default&#8220; theme_builder_area=&#8220;post_content&#8220; hover_enabled=&#8220;0&#8243; sticky_enabled=&#8220;0&#8243;]<\/p>\n<p>Here are some tips for setting up device for accurate measurement (especially chips and putt direction) and subsequent display ball flight in Creative Golf software.<\/p>\n<p>1) You need to have the centre of the canvas and the centre of the image in one horizontal line. (<strong>Middle of picture=middle of screen <\/strong>\u2013 set the projector )<\/p>\n<p>2)The place for hitting the ball (Skytrak- laser red dot) should be in the middle of the playing area &#8211; on one line: <strong>ball &lt;-&gt; the centre of the image &lt;- &gt; centre of the canvas.<\/strong><\/p>\n<p><strong><em>Note: <\/em><\/strong><\/p>\n<ul>\n<li><em>It is only for setting in the Playing Area is HITTING POSITION as &#8222;<strong>One in the middle<\/strong>&#8220; (Point 3.).<\/em><\/li>\n<li><em>For other settings (different hitting ball positions for the different strokes), keep position in one line of ball and centreline on the picture. For the Flightscope use recommended device and ball placement.<\/em><\/li>\n<\/ul>\n<p>[\/et_pb_text][\/et_pb_column][\/et_pb_row][et_pb_row _builder_version=&#8220;4.20.0&#8243; _module_preset=&#8220;default&#8220; column_structure=&#8220;1_2,1_2&#8243; theme_builder_area=&#8220;post_content&#8220;][et_pb_column _builder_version=&#8220;4.20.0&#8243; _module_preset=&#8220;default&#8220; type=&#8220;1_2&#8243; theme_builder_area=&#8220;post_content&#8220;][et_pb_text _builder_version=&#8220;4.20.0&#8243; _module_preset=&#8220;default&#8220; theme_builder_area=&#8220;post_content&#8220; hover_enabled=&#8220;0&#8243; sticky_enabled=&#8220;0&#8243;]<\/p>\n<p>3) You need to enter the correct image dimensions into the software (SETTINGS -&gt; PLAYING AREA). Set &#8222;CANVAS&#8220; mode first and <strong>correct dimensions<\/strong>and distance.<\/p>\n<p>[\/et_pb_text][\/et_pb_column][et_pb_column _builder_version=&#8220;4.20.0&#8243; _module_preset=&#8220;default&#8220; type=&#8220;1_2&#8243; theme_builder_area=&#8220;post_content&#8220;][et_pb_image src=&#8220;https:\/\/creativegolf.com\/wp-content\/uploads\/2023\/03\/Ball_flight_direction_01.jpg&#8220; _builder_version=&#8220;4.20.0&#8243; _module_preset=&#8220;default&#8220; theme_builder_area=&#8220;post_content&#8220; title_text=&#8220;Ball_flight_direction_01&#8243; hover_enabled=&#8220;0&#8243; sticky_enabled=&#8220;0&#8243;][\/et_pb_image][\/et_pb_column][\/et_pb_row][et_pb_row _builder_version=&#8220;4.20.0&#8243; _module_preset=&#8220;default&#8220; column_structure=&#8220;1_2,1_2&#8243; theme_builder_area=&#8220;post_content&#8220;][et_pb_column _builder_version=&#8220;4.20.0&#8243; _module_preset=&#8220;default&#8220; type=&#8220;1_2&#8243; theme_builder_area=&#8220;post_content&#8220;][et_pb_text _builder_version=&#8220;4.20.0&#8243; _module_preset=&#8220;default&#8220; theme_builder_area=&#8220;post_content&#8220; hover_enabled=&#8220;0&#8243; sticky_enabled=&#8220;0&#8243;]<\/p>\n<p>4) Select Practice on the chip distance (20-30m) PRACTICE-&gt; DRIVING RANGE -&gt; Range Academy and select in the right window in DEFINE POSITION some green and PIN DISTANCE 20-30m.<\/p>\n<p><em> ( It&#8217;s good for seeing the center line on the picture and the flag.)<\/em><\/p>\n<p>[\/et_pb_text][\/et_pb_column][et_pb_column _builder_version=&#8220;4.20.0&#8243; _module_preset=&#8220;default&#8220; type=&#8220;1_2&#8243; theme_builder_area=&#8220;post_content&#8220;][et_pb_image src=&#8220;https:\/\/creativegolf.com\/wp-content\/uploads\/2023\/03\/Ball_flight_direction_02.jpg&#8220; _builder_version=&#8220;4.20.0&#8243; _module_preset=&#8220;default&#8220; theme_builder_area=&#8220;post_content&#8220; title_text=&#8220;Ball_flight_direction_02&#8243; hover_enabled=&#8220;0&#8243; sticky_enabled=&#8220;0&#8243;][\/et_pb_image][\/et_pb_column][\/et_pb_row][et_pb_row _builder_version=&#8220;4.20.0&#8243; _module_preset=&#8220;default&#8220; theme_builder_area=&#8220;post_content&#8220;][et_pb_column _builder_version=&#8220;4.20.0&#8243; _module_preset=&#8220;default&#8220; type=&#8220;4_4&#8243; theme_builder_area=&#8220;post_content&#8220;][et_pb_text _builder_version=&#8220;4.20.0&#8243; _module_preset=&#8220;default&#8220; theme_builder_area=&#8220;post_content&#8220; hover_enabled=&#8220;0&#8243; sticky_enabled=&#8220;0&#8243;]<\/p>\n<p>5) Make a few short shots, try to play in the middle of the screen.<\/p>\n<p>[\/et_pb_text][\/et_pb_column][\/et_pb_row][et_pb_row _builder_version=&#8220;4.20.0&#8243; _module_preset=&#8220;default&#8220; column_structure=&#8220;1_2,1_2&#8243; theme_builder_area=&#8220;post_content&#8220;][et_pb_column _builder_version=&#8220;4.20.0&#8243; _module_preset=&#8220;default&#8220; type=&#8220;1_2&#8243; theme_builder_area=&#8220;post_content&#8220;][et_pb_text _builder_version=&#8220;4.20.0&#8243; _module_preset=&#8220;default&#8220; theme_builder_area=&#8220;post_content&#8220; hover_enabled=&#8220;0&#8243; sticky_enabled=&#8220;0&#8243;]<\/p>\n<p>6) If the ball on the screen flies on picture more to the <strong>left of center line<\/strong> (or of point of hitting to canvas) <strong>turn the device slightly to the left <\/strong>and vice versa.<\/p>\n<p><strong><em>Note:<\/em><\/strong><em>for a <strong>putts testing<\/strong> and device adjusting use ideal flat green, for example in Range Academy \u2013 ball position on a training green:<\/em><\/p>\n<p>[\/et_pb_text][\/et_pb_column][et_pb_column _builder_version=&#8220;4.20.0&#8243; _module_preset=&#8220;default&#8220; type=&#8220;1_2&#8243; theme_builder_area=&#8220;post_content&#8220;][et_pb_image src=&#8220;https:\/\/creativegolf.com\/wp-content\/uploads\/2023\/03\/Ball_flight_direction_03.jpg&#8220; _builder_version=&#8220;4.20.0&#8243; _module_preset=&#8220;default&#8220; theme_builder_area=&#8220;post_content&#8220; title_text=&#8220;Ball_flight_direction_03&#8243; hover_enabled=&#8220;0&#8243; sticky_enabled=&#8220;0&#8243;][\/et_pb_image][\/et_pb_column][\/et_pb_row][et_pb_row _builder_version=&#8220;4.20.0&#8243; _module_preset=&#8220;default&#8220; theme_builder_area=&#8220;post_content&#8220;][et_pb_column _builder_version=&#8220;4.20.0&#8243; _module_preset=&#8220;default&#8220; type=&#8220;4_4&#8243; theme_builder_area=&#8220;post_content&#8220;][et_pb_text _builder_version=&#8220;4.20.0&#8243; _module_preset=&#8220;default&#8220; theme_builder_area=&#8220;post_content&#8220; hover_enabled=&#8220;0&#8243; sticky_enabled=&#8220;0&#8243;]<\/p>\n<p>7) <strong>Advance tip:<\/strong> If the center setting is OK, that mean the ball at the chip to the center of the canvas will fly out of the center of the picture, but the side strokes into the canvas more to the right \/ left as they should be, it is possible that the projector scaling the width of the image.<\/p>\n<p>You can fine-tune this by <strong>changing the CANVAS WIDTH parameter to the native image width value<\/strong>. If it ball flight shows<strong> more from the center<\/strong> as a ball hitting point on the canvas, <strong>increase value<\/strong> at a CANVAS WIDTH and vice versa.<\/p>\n<p>Have a nice play!<\/p>\n<p>[\/et_pb_text][\/et_pb_column][\/et_pb_row][\/et_pb_section]<\/p>\n","protected":false},"excerpt":{"rendered":"<p>Here are some tips for setting up device for accurate measurement (especially chips and putt direction) and subsequent display ball flight in Creative Golf software. 1) You need to have the centre of the canvas and the centre of the image in one horizontal line. (Middle of picture=middle of screen \u2013 set the projector ) [&hellip;]<\/p>\n","protected":false},"author":1,"featured_media":0,"parent":0,"menu_order":0,"comment_status":"closed","ping_status":"closed","template":"","meta":{"_acf_changed":false,"_et_pb_use_builder":"on","_et_pb_old_content":"","_et_gb_content_width":"","footnotes":""},"class_list":["post-248205","page","type-page","status-publish","hentry"],"acf":[],"yoast_head":"<!-- This site is optimized with the Yoast SEO plugin v27.4 - https:\/\/yoast.com\/product\/yoast-seo-wordpress\/ -->\n<title>How to set accurate ball flight direction for the Skytrak, Foresight GC2, QUAD, Flightscope Mevo+, X3, Xi - Creative Golf<\/title>\n<meta name=\"robots\" content=\"index, follow, max-snippet:-1, max-image-preview:large, max-video-preview:-1\" \/>\n<link rel=\"canonical\" href=\"https:\/\/creativegolf.com\/sk\/how-to-set-accurate-ball-flight-direction-for-the-skytrak-foresight-gc2-quad-flightscope-mevo-x3-xi\/\" \/>\n<meta property=\"og:locale\" content=\"sk_SK\" \/>\n<meta property=\"og:type\" content=\"article\" \/>\n<meta property=\"og:title\" content=\"How to set accurate ball flight direction for the Skytrak, Foresight GC2, QUAD, Flightscope Mevo+, X3, Xi - Creative Golf\" \/>\n<meta property=\"og:description\" content=\"Here are some tips for setting up device for accurate measurement (especially chips and putt direction) and subsequent display ball flight in Creative Golf software. 1) You need to have the centre of the canvas and the centre of the image in one horizontal line. (Middle of picture=middle of screen \u2013 set the projector ) [&hellip;]\" \/>\n<meta property=\"og:url\" content=\"https:\/\/creativegolf.com\/sk\/how-to-set-accurate-ball-flight-direction-for-the-skytrak-foresight-gc2-quad-flightscope-mevo-x3-xi\/\" \/>\n<meta property=\"og:site_name\" content=\"Creative Golf\" \/>\n<meta property=\"article:publisher\" content=\"https:\/\/www.facebook.com\/creativegolf3d\" \/>\n<meta property=\"article:modified_time\" content=\"2023-04-20T05:10:42+00:00\" \/>\n<meta name=\"twitter:card\" content=\"summary_large_image\" \/>\n<meta name=\"twitter:site\" content=\"@Creativegolf3D\" \/>\n<meta name=\"twitter:label1\" content=\"Predpokladan\u00fd \u010das \u010d\u00edtania\" \/>\n\t<meta name=\"twitter:data1\" content=\"5 min\u00fat\" \/>\n<script type=\"application\/ld+json\" class=\"yoast-schema-graph\">{\"@context\":\"https:\\\/\\\/schema.org\",\"@graph\":[{\"@type\":\"WebPage\",\"@id\":\"https:\\\/\\\/creativegolf.com\\\/sk\\\/how-to-set-accurate-ball-flight-direction-for-the-skytrak-foresight-gc2-quad-flightscope-mevo-x3-xi\\\/\",\"url\":\"https:\\\/\\\/creativegolf.com\\\/sk\\\/how-to-set-accurate-ball-flight-direction-for-the-skytrak-foresight-gc2-quad-flightscope-mevo-x3-xi\\\/\",\"name\":\"How to set accurate ball flight direction for the Skytrak, Foresight GC2, QUAD, Flightscope Mevo+, X3, Xi - Creative Golf\",\"isPartOf\":{\"@id\":\"https:\\\/\\\/creativegolf.com\\\/sk\\\/#website\"},\"datePublished\":\"2023-03-03T10:56:17+00:00\",\"dateModified\":\"2023-04-20T05:10:42+00:00\",\"breadcrumb\":{\"@id\":\"https:\\\/\\\/creativegolf.com\\\/sk\\\/how-to-set-accurate-ball-flight-direction-for-the-skytrak-foresight-gc2-quad-flightscope-mevo-x3-xi\\\/#breadcrumb\"},\"inLanguage\":\"sk-SK\",\"potentialAction\":[{\"@type\":\"ReadAction\",\"target\":[\"https:\\\/\\\/creativegolf.com\\\/sk\\\/how-to-set-accurate-ball-flight-direction-for-the-skytrak-foresight-gc2-quad-flightscope-mevo-x3-xi\\\/\"]}]},{\"@type\":\"BreadcrumbList\",\"@id\":\"https:\\\/\\\/creativegolf.com\\\/sk\\\/how-to-set-accurate-ball-flight-direction-for-the-skytrak-foresight-gc2-quad-flightscope-mevo-x3-xi\\\/#breadcrumb\",\"itemListElement\":[{\"@type\":\"ListItem\",\"position\":1,\"name\":\"Home\",\"item\":\"https:\\\/\\\/creativegolf.com\\\/sk\\\/domov\\\/\"},{\"@type\":\"ListItem\",\"position\":2,\"name\":\"How to set accurate ball flight direction for the Skytrak, Foresight GC2, QUAD, Flightscope Mevo+, X3, Xi\"}]},{\"@type\":\"WebSite\",\"@id\":\"https:\\\/\\\/creativegolf.com\\\/sk\\\/#website\",\"url\":\"https:\\\/\\\/creativegolf.com\\\/sk\\\/\",\"name\":\"Creative Golf\",\"description\":\"Creative Golf \\\/ Golfisimo\",\"potentialAction\":[{\"@type\":\"SearchAction\",\"target\":{\"@type\":\"EntryPoint\",\"urlTemplate\":\"https:\\\/\\\/creativegolf.com\\\/sk\\\/?s={search_term_string}\"},\"query-input\":{\"@type\":\"PropertyValueSpecification\",\"valueRequired\":true,\"valueName\":\"search_term_string\"}}],\"inLanguage\":\"sk-SK\"}]}<\/script>\n<!-- \/ Yoast SEO plugin. -->","yoast_head_json":{"title":"How to set accurate ball flight direction for the Skytrak, Foresight GC2, QUAD, Flightscope Mevo+, X3, Xi - Creative Golf","robots":{"index":"index","follow":"follow","max-snippet":"max-snippet:-1","max-image-preview":"max-image-preview:large","max-video-preview":"max-video-preview:-1"},"canonical":"https:\/\/creativegolf.com\/sk\/how-to-set-accurate-ball-flight-direction-for-the-skytrak-foresight-gc2-quad-flightscope-mevo-x3-xi\/","og_locale":"sk_SK","og_type":"article","og_title":"How to set accurate ball flight direction for the Skytrak, Foresight GC2, QUAD, Flightscope Mevo+, X3, Xi - Creative Golf","og_description":"Here are some tips for setting up device for accurate measurement (especially chips and putt direction) and subsequent display ball flight in Creative Golf software. 1) You need to have the centre of the canvas and the centre of the image in one horizontal line. (Middle of picture=middle of screen \u2013 set the projector ) [&hellip;]","og_url":"https:\/\/creativegolf.com\/sk\/how-to-set-accurate-ball-flight-direction-for-the-skytrak-foresight-gc2-quad-flightscope-mevo-x3-xi\/","og_site_name":"Creative Golf","article_publisher":"https:\/\/www.facebook.com\/creativegolf3d","article_modified_time":"2023-04-20T05:10:42+00:00","twitter_card":"summary_large_image","twitter_site":"@Creativegolf3D","twitter_misc":{"Predpokladan\u00fd \u010das \u010d\u00edtania":"5 min\u00fat"},"schema":{"@context":"https:\/\/schema.org","@graph":[{"@type":"WebPage","@id":"https:\/\/creativegolf.com\/sk\/how-to-set-accurate-ball-flight-direction-for-the-skytrak-foresight-gc2-quad-flightscope-mevo-x3-xi\/","url":"https:\/\/creativegolf.com\/sk\/how-to-set-accurate-ball-flight-direction-for-the-skytrak-foresight-gc2-quad-flightscope-mevo-x3-xi\/","name":"How to set accurate ball flight direction for the Skytrak, Foresight GC2, QUAD, Flightscope Mevo+, X3, Xi - Creative Golf","isPartOf":{"@id":"https:\/\/creativegolf.com\/sk\/#website"},"datePublished":"2023-03-03T10:56:17+00:00","dateModified":"2023-04-20T05:10:42+00:00","breadcrumb":{"@id":"https:\/\/creativegolf.com\/sk\/how-to-set-accurate-ball-flight-direction-for-the-skytrak-foresight-gc2-quad-flightscope-mevo-x3-xi\/#breadcrumb"},"inLanguage":"sk-SK","potentialAction":[{"@type":"ReadAction","target":["https:\/\/creativegolf.com\/sk\/how-to-set-accurate-ball-flight-direction-for-the-skytrak-foresight-gc2-quad-flightscope-mevo-x3-xi\/"]}]},{"@type":"BreadcrumbList","@id":"https:\/\/creativegolf.com\/sk\/how-to-set-accurate-ball-flight-direction-for-the-skytrak-foresight-gc2-quad-flightscope-mevo-x3-xi\/#breadcrumb","itemListElement":[{"@type":"ListItem","position":1,"name":"Home","item":"https:\/\/creativegolf.com\/sk\/domov\/"},{"@type":"ListItem","position":2,"name":"How to set accurate ball flight direction for the Skytrak, Foresight GC2, QUAD, Flightscope Mevo+, X3, Xi"}]},{"@type":"WebSite","@id":"https:\/\/creativegolf.com\/sk\/#website","url":"https:\/\/creativegolf.com\/sk\/","name":"Creative Golf","description":"Creative Golf \/ Golfisimo","potentialAction":[{"@type":"SearchAction","target":{"@type":"EntryPoint","urlTemplate":"https:\/\/creativegolf.com\/sk\/?s={search_term_string}"},"query-input":{"@type":"PropertyValueSpecification","valueRequired":true,"valueName":"search_term_string"}}],"inLanguage":"sk-SK"}]}},"_links":{"self":[{"href":"https:\/\/creativegolf.com\/sk\/wp-json\/wp\/v2\/pages\/248205","targetHints":{"allow":["GET"]}}],"collection":[{"href":"https:\/\/creativegolf.com\/sk\/wp-json\/wp\/v2\/pages"}],"about":[{"href":"https:\/\/creativegolf.com\/sk\/wp-json\/wp\/v2\/types\/page"}],"author":[{"embeddable":true,"href":"https:\/\/creativegolf.com\/sk\/wp-json\/wp\/v2\/users\/1"}],"replies":[{"embeddable":true,"href":"https:\/\/creativegolf.com\/sk\/wp-json\/wp\/v2\/comments?post=248205"}],"version-history":[{"count":2,"href":"https:\/\/creativegolf.com\/sk\/wp-json\/wp\/v2\/pages\/248205\/revisions"}],"predecessor-version":[{"id":248207,"href":"https:\/\/creativegolf.com\/sk\/wp-json\/wp\/v2\/pages\/248205\/revisions\/248207"}],"wp:attachment":[{"href":"https:\/\/creativegolf.com\/sk\/wp-json\/wp\/v2\/media?parent=248205"}],"curies":[{"name":"wp","href":"https:\/\/api.w.org\/{rel}","templated":true}]}}