{"id":258709,"date":"2025-09-30T12:31:52","date_gmt":"2025-09-30T12:31:52","guid":{"rendered":"https:\/\/creativegolf.com\/?post_type=product&#038;p=258709"},"modified":"2025-11-11T15:50:47","modified_gmt":"2025-11-11T15:50:47","slug":"upgrade-to-creative-golf-advanced-garmin","status":"publish","type":"product","link":"https:\/\/creativegolf.com\/sk\/e-shop\/garmin-sk\/upgrade-to-creative-golf-advanced-garmin\/","title":{"rendered":"Upgrade &#8211; Creative Golf Advanced (Garmin)"},"content":{"rendered":"<div class=\"purchase-type-badge-red\">\n<ul>\n<li>Toto nie je samostatn\u00fd produkt a funguje iba s predt\u00fdm zak\u00fapenou verziou Creative Golf (One Time Purchase) 2.11 a ni\u017e\u0161ou.<\/li>\n<li>Upgrade pre Annual Subscription je bezplatn\u00fd a kon\u010d\u00ed sa na konci predplatn\u00e9ho.<\/li>\n<\/ul>\n<\/div>\n<p>&nbsp;<\/p>\n<p>Upgrade zah\u0155\u0148a:<\/p>\n<ul>\n<li>zl\u00fa\u010denie Creative Golf s ihriskov\u00fdm roz\u0161\u00edren\u00edm Course Library<\/li>\n<li>nov\u00e9 golfov\u00e9 ihrisk\u00e1<\/li>\n<li>kompletn\u00fd grafick\u00fd redizajn v\u0161etk\u00fdch ihr\u00edsk<\/li>\n<li>nov\u00e9 pou\u017e\u00edvate\u013esk\u00e9 rozhranie hry<\/li>\n<li>vylep\u0161enia hry, ako je zobrazovanie d\u00f4le\u017eit\u00fdch miest na jamke<\/li>\n<li>roz\u0161\u00edren\u00e9 mo\u017enosti v nastaveniach hry<\/li>\n<\/ul>\n<p>* funguje iba na po\u010d\u00edta\u010di so syst\u00e9mom Windows<\/p>\n","protected":false},"excerpt":{"rendered":"<h1><strong>UPGRADE<br \/>\nna Creative Golf Advanced<\/strong><\/h1>\n<h2><strong>z Creative Golf 2.11 a ni\u017e\u0161ej<\/strong><\/h2>\n<p><span class=\"purchase-type-badge-yellow\">One Time Purchase<\/span><\/p>\n","protected":false},"featured_media":260670,"template":"","meta":{"_acf_changed":false,"_et_pb_use_builder":"off","_et_pb_old_content":"<strong>Course Library<\/strong> includes more than 100 real golf courses and imaginary courses for Creative Golf 3D.\n\nFull list of golf courses in Course Library you can find <a href=\"https:\/\/creativegolf.com\/course-library\/\">HERE<\/a>.","_et_gb_content_width":""},"product_brand":[],"product_cat":[129],"product_tag":[],"class_list":{"0":"post-258709","1":"product","2":"type-product","3":"status-publish","4":"has-post-thumbnail","6":"product_cat-garmin-sk","8":"first","9":"instock","10":"virtual","11":"taxable","12":"purchasable","13":"product-type-simple"},"acf":[],"yoast_head":"<!-- This site is optimized with the Yoast SEO plugin v27.4 - https:\/\/yoast.com\/product\/yoast-seo-wordpress\/ -->\n<title>Upgrade - Creative Golf Advanced (Garmin) - Creative Golf<\/title>\n<meta name=\"robots\" content=\"index, follow, max-snippet:-1, max-image-preview:large, max-video-preview:-1\" \/>\n<link rel=\"canonical\" href=\"https:\/\/creativegolf.com\/sk\/e-shop\/garmin-sk\/upgrade-to-creative-golf-advanced-garmin\/\" \/>\n<meta property=\"og:locale\" content=\"sk_SK\" \/>\n<meta property=\"og:type\" content=\"article\" \/>\n<meta property=\"og:title\" content=\"Upgrade - Creative Golf Advanced (Garmin) - Creative Golf\" \/>\n<meta property=\"og:description\" content=\"UPGRADE na Creative Golf Advanced z Creative Golf 2.11 a ni\u017e\u0161ej One Time Purchase\" \/>\n<meta property=\"og:url\" content=\"https:\/\/creativegolf.com\/sk\/e-shop\/garmin-sk\/upgrade-to-creative-golf-advanced-garmin\/\" \/>\n<meta property=\"og:site_name\" content=\"Creative Golf\" \/>\n<meta property=\"article:publisher\" content=\"https:\/\/www.facebook.com\/creativegolf3d\" \/>\n<meta property=\"article:modified_time\" content=\"2025-11-11T15:50:47+00:00\" \/>\n<meta property=\"og:image\" content=\"https:\/\/creativegolf.com\/wp-content\/uploads\/2025\/09\/Product-Upgrade-2-Garmin.jpg\" \/>\n\t<meta property=\"og:image:width\" content=\"361\" \/>\n\t<meta property=\"og:image:height\" content=\"481\" \/>\n\t<meta property=\"og:image:type\" content=\"image\/jpeg\" \/>\n<meta name=\"twitter:card\" content=\"summary_large_image\" \/>\n<meta name=\"twitter:site\" content=\"@Creativegolf3D\" \/>\n<meta name=\"twitter:label1\" content=\"Predpokladan\u00fd \u010das \u010d\u00edtania\" \/>\n\t<meta name=\"twitter:data1\" content=\"1 min\u00fata\" \/>\n<script type=\"application\/ld+json\" class=\"yoast-schema-graph\">{\"@context\":\"https:\\\/\\\/schema.org\",\"@graph\":[{\"@type\":\"WebPage\",\"@id\":\"https:\\\/\\\/creativegolf.com\\\/sk\\\/e-shop\\\/garmin-sk\\\/upgrade-to-creative-golf-advanced-garmin\\\/\",\"url\":\"https:\\\/\\\/creativegolf.com\\\/sk\\\/e-shop\\\/garmin-sk\\\/upgrade-to-creative-golf-advanced-garmin\\\/\",\"name\":\"Upgrade - Creative Golf Advanced (Garmin) - Creative Golf\",\"isPartOf\":{\"@id\":\"https:\\\/\\\/creativegolf.com\\\/sk\\\/#website\"},\"primaryImageOfPage\":{\"@id\":\"https:\\\/\\\/creativegolf.com\\\/sk\\\/e-shop\\\/garmin-sk\\\/upgrade-to-creative-golf-advanced-garmin\\\/#primaryimage\"},\"image\":{\"@id\":\"https:\\\/\\\/creativegolf.com\\\/sk\\\/e-shop\\\/garmin-sk\\\/upgrade-to-creative-golf-advanced-garmin\\\/#primaryimage\"},\"thumbnailUrl\":\"https:\\\/\\\/creativegolf.com\\\/wp-content\\\/uploads\\\/2025\\\/09\\\/Product-Upgrade-2-Garmin.jpg\",\"datePublished\":\"2025-09-30T12:31:52+00:00\",\"dateModified\":\"2025-11-11T15:50:47+00:00\",\"breadcrumb\":{\"@id\":\"https:\\\/\\\/creativegolf.com\\\/sk\\\/e-shop\\\/garmin-sk\\\/upgrade-to-creative-golf-advanced-garmin\\\/#breadcrumb\"},\"inLanguage\":\"sk-SK\",\"potentialAction\":[{\"@type\":\"ReadAction\",\"target\":[\"https:\\\/\\\/creativegolf.com\\\/sk\\\/e-shop\\\/garmin-sk\\\/upgrade-to-creative-golf-advanced-garmin\\\/\"]}]},{\"@type\":\"ImageObject\",\"inLanguage\":\"sk-SK\",\"@id\":\"https:\\\/\\\/creativegolf.com\\\/sk\\\/e-shop\\\/garmin-sk\\\/upgrade-to-creative-golf-advanced-garmin\\\/#primaryimage\",\"url\":\"https:\\\/\\\/creativegolf.com\\\/wp-content\\\/uploads\\\/2025\\\/09\\\/Product-Upgrade-2-Garmin.jpg\",\"contentUrl\":\"https:\\\/\\\/creativegolf.com\\\/wp-content\\\/uploads\\\/2025\\\/09\\\/Product-Upgrade-2-Garmin.jpg\",\"width\":361,\"height\":481},{\"@type\":\"BreadcrumbList\",\"@id\":\"https:\\\/\\\/creativegolf.com\\\/sk\\\/e-shop\\\/garmin-sk\\\/upgrade-to-creative-golf-advanced-garmin\\\/#breadcrumb\",\"itemListElement\":[{\"@type\":\"ListItem\",\"position\":1,\"name\":\"Home\",\"item\":\"https:\\\/\\\/creativegolf.com\\\/sk\\\/domov\\\/\"},{\"@type\":\"ListItem\",\"position\":2,\"name\":\"E-shop\",\"item\":\"https:\\\/\\\/creativegolf.com\\\/sk\\\/e-shop\\\/\"},{\"@type\":\"ListItem\",\"position\":3,\"name\":\"Upgrade &#8211; Creative Golf Advanced (Garmin)\"}]},{\"@type\":\"WebSite\",\"@id\":\"https:\\\/\\\/creativegolf.com\\\/sk\\\/#website\",\"url\":\"https:\\\/\\\/creativegolf.com\\\/sk\\\/\",\"name\":\"Creative Golf\",\"description\":\"Creative Golf \\\/ Golfisimo\",\"potentialAction\":[{\"@type\":\"SearchAction\",\"target\":{\"@type\":\"EntryPoint\",\"urlTemplate\":\"https:\\\/\\\/creativegolf.com\\\/sk\\\/?s={search_term_string}\"},\"query-input\":{\"@type\":\"PropertyValueSpecification\",\"valueRequired\":true,\"valueName\":\"search_term_string\"}}],\"inLanguage\":\"sk-SK\"}]}<\/script>\n<!-- \/ Yoast SEO plugin. -->","yoast_head_json":{"title":"Upgrade - Creative Golf Advanced (Garmin) - Creative Golf","robots":{"index":"index","follow":"follow","max-snippet":"max-snippet:-1","max-image-preview":"max-image-preview:large","max-video-preview":"max-video-preview:-1"},"canonical":"https:\/\/creativegolf.com\/sk\/e-shop\/garmin-sk\/upgrade-to-creative-golf-advanced-garmin\/","og_locale":"sk_SK","og_type":"article","og_title":"Upgrade - Creative Golf Advanced (Garmin) - Creative Golf","og_description":"UPGRADE na Creative Golf Advanced z Creative Golf 2.11 a ni\u017e\u0161ej One Time Purchase","og_url":"https:\/\/creativegolf.com\/sk\/e-shop\/garmin-sk\/upgrade-to-creative-golf-advanced-garmin\/","og_site_name":"Creative Golf","article_publisher":"https:\/\/www.facebook.com\/creativegolf3d","article_modified_time":"2025-11-11T15:50:47+00:00","og_image":[{"width":361,"height":481,"url":"https:\/\/creativegolf.com\/wp-content\/uploads\/2025\/09\/Product-Upgrade-2-Garmin.jpg","type":"image\/jpeg"}],"twitter_card":"summary_large_image","twitter_site":"@Creativegolf3D","twitter_misc":{"Predpokladan\u00fd \u010das \u010d\u00edtania":"1 min\u00fata"},"schema":{"@context":"https:\/\/schema.org","@graph":[{"@type":"WebPage","@id":"https:\/\/creativegolf.com\/sk\/e-shop\/garmin-sk\/upgrade-to-creative-golf-advanced-garmin\/","url":"https:\/\/creativegolf.com\/sk\/e-shop\/garmin-sk\/upgrade-to-creative-golf-advanced-garmin\/","name":"Upgrade - Creative Golf Advanced (Garmin) - Creative Golf","isPartOf":{"@id":"https:\/\/creativegolf.com\/sk\/#website"},"primaryImageOfPage":{"@id":"https:\/\/creativegolf.com\/sk\/e-shop\/garmin-sk\/upgrade-to-creative-golf-advanced-garmin\/#primaryimage"},"image":{"@id":"https:\/\/creativegolf.com\/sk\/e-shop\/garmin-sk\/upgrade-to-creative-golf-advanced-garmin\/#primaryimage"},"thumbnailUrl":"https:\/\/creativegolf.com\/wp-content\/uploads\/2025\/09\/Product-Upgrade-2-Garmin.jpg","datePublished":"2025-09-30T12:31:52+00:00","dateModified":"2025-11-11T15:50:47+00:00","breadcrumb":{"@id":"https:\/\/creativegolf.com\/sk\/e-shop\/garmin-sk\/upgrade-to-creative-golf-advanced-garmin\/#breadcrumb"},"inLanguage":"sk-SK","potentialAction":[{"@type":"ReadAction","target":["https:\/\/creativegolf.com\/sk\/e-shop\/garmin-sk\/upgrade-to-creative-golf-advanced-garmin\/"]}]},{"@type":"ImageObject","inLanguage":"sk-SK","@id":"https:\/\/creativegolf.com\/sk\/e-shop\/garmin-sk\/upgrade-to-creative-golf-advanced-garmin\/#primaryimage","url":"https:\/\/creativegolf.com\/wp-content\/uploads\/2025\/09\/Product-Upgrade-2-Garmin.jpg","contentUrl":"https:\/\/creativegolf.com\/wp-content\/uploads\/2025\/09\/Product-Upgrade-2-Garmin.jpg","width":361,"height":481},{"@type":"BreadcrumbList","@id":"https:\/\/creativegolf.com\/sk\/e-shop\/garmin-sk\/upgrade-to-creative-golf-advanced-garmin\/#breadcrumb","itemListElement":[{"@type":"ListItem","position":1,"name":"Home","item":"https:\/\/creativegolf.com\/sk\/domov\/"},{"@type":"ListItem","position":2,"name":"E-shop","item":"https:\/\/creativegolf.com\/sk\/e-shop\/"},{"@type":"ListItem","position":3,"name":"Upgrade &#8211; Creative Golf Advanced (Garmin)"}]},{"@type":"WebSite","@id":"https:\/\/creativegolf.com\/sk\/#website","url":"https:\/\/creativegolf.com\/sk\/","name":"Creative Golf","description":"Creative Golf \/ Golfisimo","potentialAction":[{"@type":"SearchAction","target":{"@type":"EntryPoint","urlTemplate":"https:\/\/creativegolf.com\/sk\/?s={search_term_string}"},"query-input":{"@type":"PropertyValueSpecification","valueRequired":true,"valueName":"search_term_string"}}],"inLanguage":"sk-SK"}]}},"_links":{"self":[{"href":"https:\/\/creativegolf.com\/sk\/wp-json\/wp\/v2\/product\/258709","targetHints":{"allow":["GET"]}}],"collection":[{"href":"https:\/\/creativegolf.com\/sk\/wp-json\/wp\/v2\/product"}],"about":[{"href":"https:\/\/creativegolf.com\/sk\/wp-json\/wp\/v2\/types\/product"}],"wp:featuredmedia":[{"embeddable":true,"href":"https:\/\/creativegolf.com\/sk\/wp-json\/wp\/v2\/media\/260670"}],"wp:attachment":[{"href":"https:\/\/creativegolf.com\/sk\/wp-json\/wp\/v2\/media?parent=258709"}],"wp:term":[{"taxonomy":"product_brand","embeddable":true,"href":"https:\/\/creativegolf.com\/sk\/wp-json\/wp\/v2\/product_brand?post=258709"},{"taxonomy":"product_cat","embeddable":true,"href":"https:\/\/creativegolf.com\/sk\/wp-json\/wp\/v2\/product_cat?post=258709"},{"taxonomy":"product_tag","embeddable":true,"href":"https:\/\/creativegolf.com\/sk\/wp-json\/wp\/v2\/product_tag?post=258709"}],"curies":[{"name":"wp","href":"https:\/\/api.w.org\/{rel}","templated":true}]}}