{"id":258734,"date":"2025-09-30T12:46:42","date_gmt":"2025-09-30T12:46:42","guid":{"rendered":"https:\/\/creativegolf.com\/?post_type=product&#038;p=258734"},"modified":"2025-11-11T19:40:57","modified_gmt":"2025-11-11T19:40:57","slug":"creative-golf-advanced-plus-annual-subscription-protee","status":"publish","type":"product","link":"https:\/\/creativegolf.com\/sk\/e-shop\/protee-sk\/creative-golf-advanced-plus-annual-subscription-protee\/","title":{"rendered":"Creative Golf Advanced + Golfisimo (Annual Subscription &#8211; ProTee)"},"content":{"rendered":"<p>Creative Golf Advanced obsahuje viac ako 200 re\u00e1lnych golfov\u00fdch ihr\u00edsk, z\u00e1bavn\u00e9 golfov\u00e9 ihrisk\u00e1 pre s\u00fa\u0165a\u017ee a z\u00e1bavn\u00e9 hry ako Target Golf, Minigolf alebo Demolition Golf. Cvi\u010dn\u00e9 golfov\u00e9 ihrisk\u00e1 v\u00e1m umo\u017enia zdokonali\u0165 sa na driving range a in\u00fdch cvi\u010dn\u00fdch zariadeniach.<\/p>\n<p>Golfisimo zah\u0155\u0148a z\u00e1bavn\u00e9 hry pre deti a negolfistov, ale aj s\u00fa\u0165a\u017en\u00e9 hry zameran\u00e9 na zlep\u0161enie \u010dipovania a presnosti strely a hranie pod \u010dasov\u00fdm tlakom.<\/p>\n<p>* funguje iba na po\u010d\u00edta\u010di so syst\u00e9mom Windows<\/p>\n","protected":false},"excerpt":{"rendered":"<h1><strong>Creative Golf Advanced + Golfisimo<\/strong><\/h1>\n<p><span class=\"purchase-type-badge-gray\">Annual Subscription<\/span><\/p>\n","protected":false},"featured_media":260691,"template":"","meta":{"_acf_changed":false,"_et_pb_use_builder":"","_et_pb_old_content":"","_et_gb_content_width":""},"product_brand":[],"product_cat":[127],"product_tag":[],"class_list":{"0":"post-258734","1":"product","2":"type-product","3":"status-publish","4":"has-post-thumbnail","6":"product_cat-protee-sk","8":"first","9":"instock","10":"taxable","11":"shipping-taxable","12":"purchasable","13":"product-type-simple"},"acf":[],"yoast_head":"<!-- This site is optimized with the Yoast SEO plugin v27.4 - https:\/\/yoast.com\/product\/yoast-seo-wordpress\/ -->\n<title>Creative Golf Advanced + Golfisimo (Annual Subscription - ProTee) - Creative Golf<\/title>\n<meta name=\"robots\" content=\"index, follow, max-snippet:-1, max-image-preview:large, max-video-preview:-1\" \/>\n<link rel=\"canonical\" href=\"https:\/\/creativegolf.com\/sk\/e-shop\/protee-sk\/creative-golf-advanced-plus-annual-subscription-protee\/\" \/>\n<meta property=\"og:locale\" content=\"sk_SK\" \/>\n<meta property=\"og:type\" content=\"article\" \/>\n<meta property=\"og:title\" content=\"Creative Golf Advanced + Golfisimo (Annual Subscription - ProTee) - Creative Golf\" \/>\n<meta property=\"og:description\" content=\"Creative Golf Advanced + Golfisimo Annual Subscription\" \/>\n<meta property=\"og:url\" content=\"https:\/\/creativegolf.com\/sk\/e-shop\/protee-sk\/creative-golf-advanced-plus-annual-subscription-protee\/\" \/>\n<meta property=\"og:site_name\" content=\"Creative Golf\" \/>\n<meta property=\"article:publisher\" content=\"https:\/\/www.facebook.com\/creativegolf3d\" \/>\n<meta property=\"article:modified_time\" content=\"2025-11-11T19:40:57+00:00\" \/>\n<meta property=\"og:image\" content=\"https:\/\/creativegolf.com\/wp-content\/uploads\/2025\/09\/Product-PLUS-2-Protee.jpg\" \/>\n\t<meta property=\"og:image:width\" content=\"361\" \/>\n\t<meta property=\"og:image:height\" content=\"481\" \/>\n\t<meta property=\"og:image:type\" content=\"image\/jpeg\" \/>\n<meta name=\"twitter:card\" content=\"summary_large_image\" \/>\n<meta name=\"twitter:site\" content=\"@Creativegolf3D\" \/>\n<meta name=\"twitter:label1\" content=\"Predpokladan\u00fd \u010das \u010d\u00edtania\" \/>\n\t<meta name=\"twitter:data1\" content=\"1 min\u00fata\" \/>\n<script type=\"application\/ld+json\" class=\"yoast-schema-graph\">{\"@context\":\"https:\\\/\\\/schema.org\",\"@graph\":[{\"@type\":\"WebPage\",\"@id\":\"https:\\\/\\\/creativegolf.com\\\/sk\\\/e-shop\\\/protee-sk\\\/creative-golf-advanced-plus-annual-subscription-protee\\\/\",\"url\":\"https:\\\/\\\/creativegolf.com\\\/sk\\\/e-shop\\\/protee-sk\\\/creative-golf-advanced-plus-annual-subscription-protee\\\/\",\"name\":\"Creative Golf Advanced + Golfisimo (Annual Subscription - ProTee) - Creative Golf\",\"isPartOf\":{\"@id\":\"https:\\\/\\\/creativegolf.com\\\/sk\\\/#website\"},\"primaryImageOfPage\":{\"@id\":\"https:\\\/\\\/creativegolf.com\\\/sk\\\/e-shop\\\/protee-sk\\\/creative-golf-advanced-plus-annual-subscription-protee\\\/#primaryimage\"},\"image\":{\"@id\":\"https:\\\/\\\/creativegolf.com\\\/sk\\\/e-shop\\\/protee-sk\\\/creative-golf-advanced-plus-annual-subscription-protee\\\/#primaryimage\"},\"thumbnailUrl\":\"https:\\\/\\\/creativegolf.com\\\/wp-content\\\/uploads\\\/2025\\\/09\\\/Product-PLUS-2-Protee.jpg\",\"datePublished\":\"2025-09-30T12:46:42+00:00\",\"dateModified\":\"2025-11-11T19:40:57+00:00\",\"breadcrumb\":{\"@id\":\"https:\\\/\\\/creativegolf.com\\\/sk\\\/e-shop\\\/protee-sk\\\/creative-golf-advanced-plus-annual-subscription-protee\\\/#breadcrumb\"},\"inLanguage\":\"sk-SK\",\"potentialAction\":[{\"@type\":\"ReadAction\",\"target\":[\"https:\\\/\\\/creativegolf.com\\\/sk\\\/e-shop\\\/protee-sk\\\/creative-golf-advanced-plus-annual-subscription-protee\\\/\"]}]},{\"@type\":\"ImageObject\",\"inLanguage\":\"sk-SK\",\"@id\":\"https:\\\/\\\/creativegolf.com\\\/sk\\\/e-shop\\\/protee-sk\\\/creative-golf-advanced-plus-annual-subscription-protee\\\/#primaryimage\",\"url\":\"https:\\\/\\\/creativegolf.com\\\/wp-content\\\/uploads\\\/2025\\\/09\\\/Product-PLUS-2-Protee.jpg\",\"contentUrl\":\"https:\\\/\\\/creativegolf.com\\\/wp-content\\\/uploads\\\/2025\\\/09\\\/Product-PLUS-2-Protee.jpg\",\"width\":361,\"height\":481},{\"@type\":\"BreadcrumbList\",\"@id\":\"https:\\\/\\\/creativegolf.com\\\/sk\\\/e-shop\\\/protee-sk\\\/creative-golf-advanced-plus-annual-subscription-protee\\\/#breadcrumb\",\"itemListElement\":[{\"@type\":\"ListItem\",\"position\":1,\"name\":\"Home\",\"item\":\"https:\\\/\\\/creativegolf.com\\\/sk\\\/domov\\\/\"},{\"@type\":\"ListItem\",\"position\":2,\"name\":\"E-shop\",\"item\":\"https:\\\/\\\/creativegolf.com\\\/sk\\\/e-shop\\\/\"},{\"@type\":\"ListItem\",\"position\":3,\"name\":\"Creative Golf Advanced + Golfisimo (Annual Subscription &#8211; ProTee)\"}]},{\"@type\":\"WebSite\",\"@id\":\"https:\\\/\\\/creativegolf.com\\\/sk\\\/#website\",\"url\":\"https:\\\/\\\/creativegolf.com\\\/sk\\\/\",\"name\":\"Creative Golf\",\"description\":\"Creative Golf \\\/ Golfisimo\",\"potentialAction\":[{\"@type\":\"SearchAction\",\"target\":{\"@type\":\"EntryPoint\",\"urlTemplate\":\"https:\\\/\\\/creativegolf.com\\\/sk\\\/?s={search_term_string}\"},\"query-input\":{\"@type\":\"PropertyValueSpecification\",\"valueRequired\":true,\"valueName\":\"search_term_string\"}}],\"inLanguage\":\"sk-SK\"}]}<\/script>\n<!-- \/ Yoast SEO plugin. -->","yoast_head_json":{"title":"Creative Golf Advanced + Golfisimo (Annual Subscription - ProTee) - Creative Golf","robots":{"index":"index","follow":"follow","max-snippet":"max-snippet:-1","max-image-preview":"max-image-preview:large","max-video-preview":"max-video-preview:-1"},"canonical":"https:\/\/creativegolf.com\/sk\/e-shop\/protee-sk\/creative-golf-advanced-plus-annual-subscription-protee\/","og_locale":"sk_SK","og_type":"article","og_title":"Creative Golf Advanced + Golfisimo (Annual Subscription - ProTee) - Creative Golf","og_description":"Creative Golf Advanced + Golfisimo Annual Subscription","og_url":"https:\/\/creativegolf.com\/sk\/e-shop\/protee-sk\/creative-golf-advanced-plus-annual-subscription-protee\/","og_site_name":"Creative Golf","article_publisher":"https:\/\/www.facebook.com\/creativegolf3d","article_modified_time":"2025-11-11T19:40:57+00:00","og_image":[{"width":361,"height":481,"url":"https:\/\/creativegolf.com\/wp-content\/uploads\/2025\/09\/Product-PLUS-2-Protee.jpg","type":"image\/jpeg"}],"twitter_card":"summary_large_image","twitter_site":"@Creativegolf3D","twitter_misc":{"Predpokladan\u00fd \u010das \u010d\u00edtania":"1 min\u00fata"},"schema":{"@context":"https:\/\/schema.org","@graph":[{"@type":"WebPage","@id":"https:\/\/creativegolf.com\/sk\/e-shop\/protee-sk\/creative-golf-advanced-plus-annual-subscription-protee\/","url":"https:\/\/creativegolf.com\/sk\/e-shop\/protee-sk\/creative-golf-advanced-plus-annual-subscription-protee\/","name":"Creative Golf Advanced + Golfisimo (Annual Subscription - ProTee) - Creative Golf","isPartOf":{"@id":"https:\/\/creativegolf.com\/sk\/#website"},"primaryImageOfPage":{"@id":"https:\/\/creativegolf.com\/sk\/e-shop\/protee-sk\/creative-golf-advanced-plus-annual-subscription-protee\/#primaryimage"},"image":{"@id":"https:\/\/creativegolf.com\/sk\/e-shop\/protee-sk\/creative-golf-advanced-plus-annual-subscription-protee\/#primaryimage"},"thumbnailUrl":"https:\/\/creativegolf.com\/wp-content\/uploads\/2025\/09\/Product-PLUS-2-Protee.jpg","datePublished":"2025-09-30T12:46:42+00:00","dateModified":"2025-11-11T19:40:57+00:00","breadcrumb":{"@id":"https:\/\/creativegolf.com\/sk\/e-shop\/protee-sk\/creative-golf-advanced-plus-annual-subscription-protee\/#breadcrumb"},"inLanguage":"sk-SK","potentialAction":[{"@type":"ReadAction","target":["https:\/\/creativegolf.com\/sk\/e-shop\/protee-sk\/creative-golf-advanced-plus-annual-subscription-protee\/"]}]},{"@type":"ImageObject","inLanguage":"sk-SK","@id":"https:\/\/creativegolf.com\/sk\/e-shop\/protee-sk\/creative-golf-advanced-plus-annual-subscription-protee\/#primaryimage","url":"https:\/\/creativegolf.com\/wp-content\/uploads\/2025\/09\/Product-PLUS-2-Protee.jpg","contentUrl":"https:\/\/creativegolf.com\/wp-content\/uploads\/2025\/09\/Product-PLUS-2-Protee.jpg","width":361,"height":481},{"@type":"BreadcrumbList","@id":"https:\/\/creativegolf.com\/sk\/e-shop\/protee-sk\/creative-golf-advanced-plus-annual-subscription-protee\/#breadcrumb","itemListElement":[{"@type":"ListItem","position":1,"name":"Home","item":"https:\/\/creativegolf.com\/sk\/domov\/"},{"@type":"ListItem","position":2,"name":"E-shop","item":"https:\/\/creativegolf.com\/sk\/e-shop\/"},{"@type":"ListItem","position":3,"name":"Creative Golf Advanced + Golfisimo (Annual Subscription &#8211; ProTee)"}]},{"@type":"WebSite","@id":"https:\/\/creativegolf.com\/sk\/#website","url":"https:\/\/creativegolf.com\/sk\/","name":"Creative Golf","description":"Creative Golf \/ Golfisimo","potentialAction":[{"@type":"SearchAction","target":{"@type":"EntryPoint","urlTemplate":"https:\/\/creativegolf.com\/sk\/?s={search_term_string}"},"query-input":{"@type":"PropertyValueSpecification","valueRequired":true,"valueName":"search_term_string"}}],"inLanguage":"sk-SK"}]}},"_links":{"self":[{"href":"https:\/\/creativegolf.com\/sk\/wp-json\/wp\/v2\/product\/258734","targetHints":{"allow":["GET"]}}],"collection":[{"href":"https:\/\/creativegolf.com\/sk\/wp-json\/wp\/v2\/product"}],"about":[{"href":"https:\/\/creativegolf.com\/sk\/wp-json\/wp\/v2\/types\/product"}],"wp:featuredmedia":[{"embeddable":true,"href":"https:\/\/creativegolf.com\/sk\/wp-json\/wp\/v2\/media\/260691"}],"wp:attachment":[{"href":"https:\/\/creativegolf.com\/sk\/wp-json\/wp\/v2\/media?parent=258734"}],"wp:term":[{"taxonomy":"product_brand","embeddable":true,"href":"https:\/\/creativegolf.com\/sk\/wp-json\/wp\/v2\/product_brand?post=258734"},{"taxonomy":"product_cat","embeddable":true,"href":"https:\/\/creativegolf.com\/sk\/wp-json\/wp\/v2\/product_cat?post=258734"},{"taxonomy":"product_tag","embeddable":true,"href":"https:\/\/creativegolf.com\/sk\/wp-json\/wp\/v2\/product_tag?post=258734"}],"curies":[{"name":"wp","href":"https:\/\/api.w.org\/{rel}","templated":true}]}}